{"id":98,"date":"2020-05-19T10:19:12","date_gmt":"2020-05-19T08:19:12","guid":{"rendered":"http:\/\/identity-communication.fr\/?page_id=98"},"modified":"2025-07-29T11:43:39","modified_gmt":"2025-07-29T09:43:39","slug":"supports-digitaux","status":"publish","type":"page","link":"https:\/\/identity-communication.fr\/index.php\/supports-digitaux\/","title":{"rendered":"Supports digitaux"},"content":{"rendered":"\t\t<div data-elementor-type=\"wp-page\" data-elementor-id=\"98\" class=\"elementor elementor-98\">\n\t\t\t\t\t\t<section class=\"elementor-section elementor-top-section elementor-element elementor-element-70aa867 elementor-section-boxed elementor-section-height-default elementor-section-height-default\" data-id=\"70aa867\" data-element_type=\"section\" data-e-type=\"section\">\n\t\t\t\t\t\t<div class=\"elementor-container elementor-column-gap-default\">\n\t\t\t\t\t<div class=\"elementor-column elementor-col-50 elementor-top-column elementor-element elementor-element-1a52449\" data-id=\"1a52449\" data-element_type=\"column\" data-e-type=\"column\">\n\t\t\t<div class=\"elementor-widget-wrap elementor-element-populated\">\n\t\t\t\t\t\t<div class=\"elementor-element elementor-element-8cf64ec elementor-widget elementor-widget-text-editor\" data-id=\"8cf64ec\" data-element_type=\"widget\" data-e-type=\"widget\" data-widget_type=\"text-editor.default\">\n\t\t\t\t<div class=\"elementor-widget-container\">\n\t\t\t\t\t\t\t\t\t<p>Ce que l&rsquo;on appelle \u00ab\u00a0supports digitaux\u00a0\u00bb est l&rsquo;ensemble des outils que l&rsquo;on utilise via un canal num\u00e9rique. Dans notre cas nous allons pouvoir vous accompagner sur deux aspects :<\/p>\t\t\t\t\t\t\t\t<\/div>\n\t\t\t\t<\/div>\n\t\t\t\t<div class=\"elementor-element elementor-element-986127e elementor-widget elementor-widget-text-editor\" data-id=\"986127e\" data-element_type=\"widget\" data-e-type=\"widget\" data-widget_type=\"text-editor.default\">\n\t\t\t\t<div class=\"elementor-widget-container\">\n\t\t\t\t\t\t\t\t\t<p><span style=\"color: #ffffff;\">1) Le <span style=\"text-decoration: underline;\">marketing digita<\/span><u>l<\/u> direct<\/span><span style=\"color: #ffffff; letter-spacing: 0px;\">\u00a0via :<\/span><\/p>\t\t\t\t\t\t\t\t<\/div>\n\t\t\t\t<\/div>\n\t\t\t\t<div class=\"elementor-element elementor-element-2011807 elementor-widget elementor-widget-text-editor\" data-id=\"2011807\" data-element_type=\"widget\" data-e-type=\"widget\" data-widget_type=\"text-editor.default\">\n\t\t\t\t<div class=\"elementor-widget-container\">\n\t\t\t\t\t\t\t\t\t<p>&#8211; des Campagnes mailing\u00a0<\/p><p>&#8211; des Campagnes SMS<\/p><p>&#8211; des Newsletters<\/p>\t\t\t\t\t\t\t\t<\/div>\n\t\t\t\t<\/div>\n\t\t\t\t<div class=\"elementor-element elementor-element-e71b546 elementor-widget elementor-widget-spacer\" data-id=\"e71b546\" data-element_type=\"widget\" data-e-type=\"widget\" data-widget_type=\"spacer.default\">\n\t\t\t\t<div class=\"elementor-widget-container\">\n\t\t\t\t\t\t\t<div class=\"elementor-spacer\">\n\t\t\t<div class=\"elementor-spacer-inner\"><\/div>\n\t\t<\/div>\n\t\t\t\t\t\t<\/div>\n\t\t\t\t<\/div>\n\t\t\t\t<div class=\"elementor-element elementor-element-42f90fe elementor-widget elementor-widget-text-editor\" data-id=\"42f90fe\" data-element_type=\"widget\" data-e-type=\"widget\" data-widget_type=\"text-editor.default\">\n\t\t\t\t<div class=\"elementor-widget-container\">\n\t\t\t\t\t\t\t\t\t<p><b>2)<\/b> La <u>pr\u00e9sence web<\/u> avec :<\/p>\t\t\t\t\t\t\t\t<\/div>\n\t\t\t\t<\/div>\n\t\t\t\t<div class=\"elementor-element elementor-element-29cc209 elementor-widget elementor-widget-text-editor\" data-id=\"29cc209\" data-element_type=\"widget\" data-e-type=\"widget\" data-widget_type=\"text-editor.default\">\n\t\t\t\t<div class=\"elementor-widget-container\">\n\t\t\t\t\t\t\t\t\t<p>&#8211; la cr\u00e9ation de page web<\/p>\n<p>&#8211; la cr\u00e9ation de site internet<\/p>\n<p>&#8211; la c<span style=\"letter-spacing: 0px;\">r\u00e9ation et l&rsquo;alimentation des r\u00e9seaux sociaux<\/span><\/p>\t\t\t\t\t\t\t\t<\/div>\n\t\t\t\t<\/div>\n\t\t\t\t\t<\/div>\n\t\t<\/div>\n\t\t\t\t<div class=\"elementor-column elementor-col-50 elementor-top-column elementor-element elementor-element-655f281\" data-id=\"655f281\" data-element_type=\"column\" data-e-type=\"column\">\n\t\t\t<div class=\"elementor-widget-wrap elementor-element-populated\">\n\t\t\t\t\t\t<div class=\"elementor-element elementor-element-882837e elementor-widget elementor-widget-image\" data-id=\"882837e\" data-element_type=\"widget\" data-e-type=\"widget\" data-widget_type=\"image.default\">\n\t\t\t\t<div class=\"elementor-widget-container\">\n\t\t\t\t\t\t\t\t\t\t\t\t\t\t\t<img fetchpriority=\"high\" decoding=\"async\" width=\"1024\" height=\"937\" src=\"https:\/\/identity-communication.fr\/wp-content\/uploads\/2020\/06\/MockUpDef-1024x937.jpg\" class=\"attachment-large size-large wp-image-1075\" alt=\"\" srcset=\"https:\/\/identity-communication.fr\/wp-content\/uploads\/2020\/06\/MockUpDef-1024x937.jpg 1024w, https:\/\/identity-communication.fr\/wp-content\/uploads\/2020\/06\/MockUpDef-300x275.jpg 300w, https:\/\/identity-communication.fr\/wp-content\/uploads\/2020\/06\/MockUpDef-768x703.jpg 768w, https:\/\/identity-communication.fr\/wp-content\/uploads\/2020\/06\/MockUpDef-1536x1406.jpg 1536w, https:\/\/identity-communication.fr\/wp-content\/uploads\/2020\/06\/MockUpDef-2048x1875.jpg 2048w\" sizes=\"(max-width: 1024px) 100vw, 1024px\" \/>\t\t\t\t\t\t\t\t\t\t\t\t\t\t\t<\/div>\n\t\t\t\t<\/div>\n\t\t\t\t\t<\/div>\n\t\t<\/div>\n\t\t\t\t\t<\/div>\n\t\t<\/section>\n\t\t\t\t<section class=\"elementor-section elementor-top-section elementor-element elementor-element-707b0f3 elementor-section-boxed elementor-section-height-default elementor-section-height-default\" data-id=\"707b0f3\" data-element_type=\"section\" data-e-type=\"section\">\n\t\t\t\t\t\t<div class=\"elementor-container elementor-column-gap-default\">\n\t\t\t\t\t<div class=\"elementor-column elementor-col-100 elementor-top-column elementor-element elementor-element-463254a\" data-id=\"463254a\" data-element_type=\"column\" data-e-type=\"column\">\n\t\t\t<div class=\"elementor-widget-wrap elementor-element-populated\">\n\t\t\t\t\t\t<div class=\"elementor-element elementor-element-db528aa elementor-widget elementor-widget-spacer\" data-id=\"db528aa\" data-element_type=\"widget\" data-e-type=\"widget\" data-widget_type=\"spacer.default\">\n\t\t\t\t<div class=\"elementor-widget-container\">\n\t\t\t\t\t\t\t<div class=\"elementor-spacer\">\n\t\t\t<div class=\"elementor-spacer-inner\"><\/div>\n\t\t<\/div>\n\t\t\t\t\t\t<\/div>\n\t\t\t\t<\/div>\n\t\t\t\t<div class=\"elementor-element elementor-element-6b393cb elementor-widget elementor-widget-image\" data-id=\"6b393cb\" data-element_type=\"widget\" data-e-type=\"widget\" data-widget_type=\"image.default\">\n\t\t\t\t<div class=\"elementor-widget-container\">\n\t\t\t\t\t\t\t\t\t\t\t\t\t\t\t<img decoding=\"async\" width=\"1000\" height=\"200\" src=\"https:\/\/identity-communication.fr\/wp-content\/uploads\/2020\/08\/Digital-1.png\" class=\"attachment-large size-large wp-image-1188\" alt=\"\" srcset=\"https:\/\/identity-communication.fr\/wp-content\/uploads\/2020\/08\/Digital-1.png 1000w, https:\/\/identity-communication.fr\/wp-content\/uploads\/2020\/08\/Digital-1-300x60.png 300w, https:\/\/identity-communication.fr\/wp-content\/uploads\/2020\/08\/Digital-1-768x154.png 768w\" sizes=\"(max-width: 1000px) 100vw, 1000px\" \/>\t\t\t\t\t\t\t\t\t\t\t\t\t\t\t<\/div>\n\t\t\t\t<\/div>\n\t\t\t\t\t<\/div>\n\t\t<\/div>\n\t\t\t\t\t<\/div>\n\t\t<\/section>\n\t\t\t\t<\/div>\n\t\t","protected":false},"excerpt":{"rendered":"<p>Ce que l&rsquo;on appelle \u00ab\u00a0supports digitaux\u00a0\u00bb est l&rsquo;ensemble des outils que l&rsquo;on utilise via un canal num\u00e9rique. Dans notre cas nous allons pouvoir vous accompagner sur deux aspects : 1) Le marketing digital direct\u00a0via : &#8211; des Campagnes mailing\u00a0 &#8211; des Campagnes SMS &#8211; des Newsletters 2) La pr\u00e9sence web avec : &#8211; la cr\u00e9ation&#8230;<\/p>\n","protected":false},"author":1,"featured_media":0,"parent":0,"menu_order":0,"comment_status":"closed","ping_status":"closed","template":"","meta":{"footnotes":""},"class_list":["post-98","page","type-page","status-publish","hentry"],"yoast_head":"<!-- This site is optimized with the Yoast SEO plugin v24.5 - https:\/\/yoast.com\/wordpress\/plugins\/seo\/ -->\n<title>Supports digitaux - Identity Communication<\/title>\n<meta name=\"description\" content=\"Chez Identity Communication, nous cr\u00e9ons des sites web, des pages, des campagnes mailing, SMS et g\u00e9rons vos r\u00e9seaux sociaux.\" \/>\n<meta name=\"robots\" content=\"index, follow, max-snippet:-1, max-image-preview:large, max-video-preview:-1\" \/>\n<link rel=\"canonical\" href=\"https:\/\/identity-communication.fr\/index.php\/supports-digitaux\/\" \/>\n<meta property=\"og:locale\" content=\"fr_FR\" \/>\n<meta property=\"og:type\" content=\"article\" \/>\n<meta property=\"og:title\" content=\"Supports digitaux - Identity Communication\" \/>\n<meta property=\"og:description\" content=\"Chez Identity Communication, nous cr\u00e9ons des sites web, des pages, des campagnes mailing, SMS et g\u00e9rons vos r\u00e9seaux sociaux.\" \/>\n<meta property=\"og:url\" content=\"https:\/\/identity-communication.fr\/index.php\/supports-digitaux\/\" \/>\n<meta property=\"og:site_name\" content=\"Identity Communication\" \/>\n<meta property=\"article:modified_time\" content=\"2025-07-29T09:43:39+00:00\" \/>\n<meta property=\"og:image\" content=\"https:\/\/identity-communication.fr\/wp-content\/uploads\/2020\/06\/MockUpDef-scaled.jpg\" \/>\n\t<meta property=\"og:image:width\" content=\"2560\" \/>\n\t<meta property=\"og:image:height\" content=\"2343\" \/>\n\t<meta property=\"og:image:type\" content=\"image\/jpeg\" \/>\n<meta name=\"twitter:card\" content=\"summary_large_image\" \/>\n<meta name=\"twitter:label1\" content=\"Dur\u00e9e de lecture estim\u00e9e\" \/>\n\t<meta name=\"twitter:data1\" content=\"1 minute\" \/>\n<script type=\"application\/ld+json\" class=\"yoast-schema-graph\">{\"@context\":\"https:\/\/schema.org\",\"@graph\":[{\"@type\":\"WebPage\",\"@id\":\"https:\/\/identity-communication.fr\/index.php\/supports-digitaux\/\",\"url\":\"https:\/\/identity-communication.fr\/index.php\/supports-digitaux\/\",\"name\":\"Supports digitaux - Identity Communication\",\"isPartOf\":{\"@id\":\"https:\/\/identity-communication.fr\/#website\"},\"primaryImageOfPage\":{\"@id\":\"https:\/\/identity-communication.fr\/index.php\/supports-digitaux\/#primaryimage\"},\"image\":{\"@id\":\"https:\/\/identity-communication.fr\/index.php\/supports-digitaux\/#primaryimage\"},\"thumbnailUrl\":\"http:\/\/identity-communication.fr\/wp-content\/uploads\/2020\/06\/MockUpDef-1024x937.jpg\",\"datePublished\":\"2020-05-19T08:19:12+00:00\",\"dateModified\":\"2025-07-29T09:43:39+00:00\",\"description\":\"Chez Identity Communication, nous cr\u00e9ons des sites web, des pages, des campagnes mailing, SMS et g\u00e9rons vos r\u00e9seaux sociaux.\",\"breadcrumb\":{\"@id\":\"https:\/\/identity-communication.fr\/index.php\/supports-digitaux\/#breadcrumb\"},\"inLanguage\":\"fr-FR\",\"potentialAction\":[{\"@type\":\"ReadAction\",\"target\":[\"https:\/\/identity-communication.fr\/index.php\/supports-digitaux\/\"]}]},{\"@type\":\"ImageObject\",\"inLanguage\":\"fr-FR\",\"@id\":\"https:\/\/identity-communication.fr\/index.php\/supports-digitaux\/#primaryimage\",\"url\":\"http:\/\/identity-communication.fr\/wp-content\/uploads\/2020\/06\/MockUpDef-1024x937.jpg\",\"contentUrl\":\"http:\/\/identity-communication.fr\/wp-content\/uploads\/2020\/06\/MockUpDef-1024x937.jpg\"},{\"@type\":\"BreadcrumbList\",\"@id\":\"https:\/\/identity-communication.fr\/index.php\/supports-digitaux\/#breadcrumb\",\"itemListElement\":[{\"@type\":\"ListItem\",\"position\":1,\"name\":\"Accueil\",\"item\":\"https:\/\/identity-communication.fr\/\"},{\"@type\":\"ListItem\",\"position\":2,\"name\":\"Supports digitaux\"}]},{\"@type\":\"WebSite\",\"@id\":\"https:\/\/identity-communication.fr\/#website\",\"url\":\"https:\/\/identity-communication.fr\/\",\"name\":\"Identity Communication\",\"description\":\"Votre agence multim\u00e9dia \u00e0 Voiron\",\"potentialAction\":[{\"@type\":\"SearchAction\",\"target\":{\"@type\":\"EntryPoint\",\"urlTemplate\":\"https:\/\/identity-communication.fr\/?s={search_term_string}\"},\"query-input\":{\"@type\":\"PropertyValueSpecification\",\"valueRequired\":true,\"valueName\":\"search_term_string\"}}],\"inLanguage\":\"fr-FR\"}]}<\/script>\n<!-- \/ Yoast SEO plugin. -->","yoast_head_json":{"title":"Supports digitaux - Identity Communication","description":"Chez Identity Communication, nous cr\u00e9ons des sites web, des pages, des campagnes mailing, SMS et g\u00e9rons vos r\u00e9seaux sociaux.","robots":{"index":"index","follow":"follow","max-snippet":"max-snippet:-1","max-image-preview":"max-image-preview:large","max-video-preview":"max-video-preview:-1"},"canonical":"https:\/\/identity-communication.fr\/index.php\/supports-digitaux\/","og_locale":"fr_FR","og_type":"article","og_title":"Supports digitaux - Identity Communication","og_description":"Chez Identity Communication, nous cr\u00e9ons des sites web, des pages, des campagnes mailing, SMS et g\u00e9rons vos r\u00e9seaux sociaux.","og_url":"https:\/\/identity-communication.fr\/index.php\/supports-digitaux\/","og_site_name":"Identity Communication","article_modified_time":"2025-07-29T09:43:39+00:00","og_image":[{"width":2560,"height":2343,"url":"https:\/\/identity-communication.fr\/wp-content\/uploads\/2020\/06\/MockUpDef-scaled.jpg","type":"image\/jpeg"}],"twitter_card":"summary_large_image","twitter_misc":{"Dur\u00e9e de lecture estim\u00e9e":"1 minute"},"schema":{"@context":"https:\/\/schema.org","@graph":[{"@type":"WebPage","@id":"https:\/\/identity-communication.fr\/index.php\/supports-digitaux\/","url":"https:\/\/identity-communication.fr\/index.php\/supports-digitaux\/","name":"Supports digitaux - Identity Communication","isPartOf":{"@id":"https:\/\/identity-communication.fr\/#website"},"primaryImageOfPage":{"@id":"https:\/\/identity-communication.fr\/index.php\/supports-digitaux\/#primaryimage"},"image":{"@id":"https:\/\/identity-communication.fr\/index.php\/supports-digitaux\/#primaryimage"},"thumbnailUrl":"http:\/\/identity-communication.fr\/wp-content\/uploads\/2020\/06\/MockUpDef-1024x937.jpg","datePublished":"2020-05-19T08:19:12+00:00","dateModified":"2025-07-29T09:43:39+00:00","description":"Chez Identity Communication, nous cr\u00e9ons des sites web, des pages, des campagnes mailing, SMS et g\u00e9rons vos r\u00e9seaux sociaux.","breadcrumb":{"@id":"https:\/\/identity-communication.fr\/index.php\/supports-digitaux\/#breadcrumb"},"inLanguage":"fr-FR","potentialAction":[{"@type":"ReadAction","target":["https:\/\/identity-communication.fr\/index.php\/supports-digitaux\/"]}]},{"@type":"ImageObject","inLanguage":"fr-FR","@id":"https:\/\/identity-communication.fr\/index.php\/supports-digitaux\/#primaryimage","url":"http:\/\/identity-communication.fr\/wp-content\/uploads\/2020\/06\/MockUpDef-1024x937.jpg","contentUrl":"http:\/\/identity-communication.fr\/wp-content\/uploads\/2020\/06\/MockUpDef-1024x937.jpg"},{"@type":"BreadcrumbList","@id":"https:\/\/identity-communication.fr\/index.php\/supports-digitaux\/#breadcrumb","itemListElement":[{"@type":"ListItem","position":1,"name":"Accueil","item":"https:\/\/identity-communication.fr\/"},{"@type":"ListItem","position":2,"name":"Supports digitaux"}]},{"@type":"WebSite","@id":"https:\/\/identity-communication.fr\/#website","url":"https:\/\/identity-communication.fr\/","name":"Identity Communication","description":"Votre agence multim\u00e9dia \u00e0 Voiron","potentialAction":[{"@type":"SearchAction","target":{"@type":"EntryPoint","urlTemplate":"https:\/\/identity-communication.fr\/?s={search_term_string}"},"query-input":{"@type":"PropertyValueSpecification","valueRequired":true,"valueName":"search_term_string"}}],"inLanguage":"fr-FR"}]}},"_links":{"self":[{"href":"https:\/\/identity-communication.fr\/index.php\/wp-json\/wp\/v2\/pages\/98","targetHints":{"allow":["GET"]}}],"collection":[{"href":"https:\/\/identity-communication.fr\/index.php\/wp-json\/wp\/v2\/pages"}],"about":[{"href":"https:\/\/identity-communication.fr\/index.php\/wp-json\/wp\/v2\/types\/page"}],"author":[{"embeddable":true,"href":"https:\/\/identity-communication.fr\/index.php\/wp-json\/wp\/v2\/users\/1"}],"replies":[{"embeddable":true,"href":"https:\/\/identity-communication.fr\/index.php\/wp-json\/wp\/v2\/comments?post=98"}],"version-history":[{"count":20,"href":"https:\/\/identity-communication.fr\/index.php\/wp-json\/wp\/v2\/pages\/98\/revisions"}],"predecessor-version":[{"id":1679,"href":"https:\/\/identity-communication.fr\/index.php\/wp-json\/wp\/v2\/pages\/98\/revisions\/1679"}],"wp:attachment":[{"href":"https:\/\/identity-communication.fr\/index.php\/wp-json\/wp\/v2\/media?parent=98"}],"curies":[{"name":"wp","href":"https:\/\/api.w.org\/{rel}","templated":true}]}}