{"id":87,"date":"2020-05-19T10:15:23","date_gmt":"2020-05-19T08:15:23","guid":{"rendered":"http:\/\/identity-communication.fr\/?page_id=87"},"modified":"2025-02-25T16:58:20","modified_gmt":"2025-02-25T15:58:20","slug":"suivi","status":"publish","type":"page","link":"https:\/\/identity-communication.fr\/index.php\/suivi\/","title":{"rendered":"Suivi"},"content":{"rendered":"\t\t<div data-elementor-type=\"wp-page\" data-elementor-id=\"87\" class=\"elementor elementor-87\">\n\t\t\t\t\t\t<section class=\"elementor-section elementor-top-section elementor-element elementor-element-4af9d15 elementor-section-boxed elementor-section-height-default elementor-section-height-default\" data-id=\"4af9d15\" data-element_type=\"section\" data-e-type=\"section\">\n\t\t\t\t\t\t<div class=\"elementor-container elementor-column-gap-default\">\n\t\t\t\t\t<div class=\"elementor-column elementor-col-100 elementor-top-column elementor-element elementor-element-0658ced\" data-id=\"0658ced\" data-element_type=\"column\" data-e-type=\"column\">\n\t\t\t<div class=\"elementor-widget-wrap elementor-element-populated\">\n\t\t\t\t\t\t<div class=\"elementor-element elementor-element-dbc8ad2 elementor-widget elementor-widget-image\" data-id=\"dbc8ad2\" data-element_type=\"widget\" data-e-type=\"widget\" data-widget_type=\"image.default\">\n\t\t\t\t<div class=\"elementor-widget-container\">\n\t\t\t\t\t\t\t\t\t\t\t\t\t\t\t<img decoding=\"async\" width=\"194\" height=\"194\" src=\"https:\/\/identity-communication.fr\/wp-content\/uploads\/2020\/06\/PictoSUiviCouleur.png\" class=\"attachment-large size-large wp-image-1004\" alt=\"\" srcset=\"https:\/\/identity-communication.fr\/wp-content\/uploads\/2020\/06\/PictoSUiviCouleur.png 194w, https:\/\/identity-communication.fr\/wp-content\/uploads\/2020\/06\/PictoSUiviCouleur-150x150.png 150w\" sizes=\"(max-width: 194px) 100vw, 194px\" \/>\t\t\t\t\t\t\t\t\t\t\t\t\t\t\t<\/div>\n\t\t\t\t<\/div>\n\t\t\t\t\t<\/div>\n\t\t<\/div>\n\t\t\t\t\t<\/div>\n\t\t<\/section>\n\t\t\t\t<section class=\"elementor-section elementor-top-section elementor-element elementor-element-0eaa09b elementor-section-boxed elementor-section-height-default elementor-section-height-default\" data-id=\"0eaa09b\" data-element_type=\"section\" data-e-type=\"section\">\n\t\t\t\t\t\t<div class=\"elementor-container elementor-column-gap-default\">\n\t\t\t\t\t<div class=\"elementor-column elementor-col-100 elementor-top-column elementor-element elementor-element-67e919a\" data-id=\"67e919a\" data-element_type=\"column\" data-e-type=\"column\">\n\t\t\t<div class=\"elementor-widget-wrap elementor-element-populated\">\n\t\t\t\t\t\t<div class=\"elementor-element elementor-element-12985ef elementor-widget elementor-widget-spacer\" data-id=\"12985ef\" data-element_type=\"widget\" data-e-type=\"widget\" data-widget_type=\"spacer.default\">\n\t\t\t\t<div class=\"elementor-widget-container\">\n\t\t\t\t\t\t\t<div class=\"elementor-spacer\">\n\t\t\t<div class=\"elementor-spacer-inner\"><\/div>\n\t\t<\/div>\n\t\t\t\t\t\t<\/div>\n\t\t\t\t<\/div>\n\t\t\t\t\t<\/div>\n\t\t<\/div>\n\t\t\t\t\t<\/div>\n\t\t<\/section>\n\t\t\t\t<section class=\"elementor-section elementor-top-section elementor-element elementor-element-a64dd5a elementor-section-boxed elementor-section-height-default elementor-section-height-default\" data-id=\"a64dd5a\" data-element_type=\"section\" data-e-type=\"section\">\n\t\t\t\t\t\t<div class=\"elementor-container elementor-column-gap-default\">\n\t\t\t\t\t<div class=\"elementor-column elementor-col-50 elementor-top-column elementor-element elementor-element-3b6dbd1\" data-id=\"3b6dbd1\" data-element_type=\"column\" data-e-type=\"column\">\n\t\t\t<div class=\"elementor-widget-wrap elementor-element-populated\">\n\t\t\t\t\t\t<div class=\"elementor-element elementor-element-89df426 elementor-widget elementor-widget-image\" data-id=\"89df426\" data-element_type=\"widget\" data-e-type=\"widget\" data-widget_type=\"image.default\">\n\t\t\t\t<div class=\"elementor-widget-container\">\n\t\t\t\t\t\t\t\t\t\t\t\t\t\t\t<img fetchpriority=\"high\" decoding=\"async\" width=\"1024\" height=\"683\" src=\"https:\/\/identity-communication.fr\/wp-content\/uploads\/2020\/06\/Suiviu-1-1024x683.jpg\" class=\"attachment-large size-large wp-image-1012\" alt=\"\" srcset=\"https:\/\/identity-communication.fr\/wp-content\/uploads\/2020\/06\/Suiviu-1-1024x683.jpg 1024w, https:\/\/identity-communication.fr\/wp-content\/uploads\/2020\/06\/Suiviu-1-300x200.jpg 300w, https:\/\/identity-communication.fr\/wp-content\/uploads\/2020\/06\/Suiviu-1-768x512.jpg 768w, https:\/\/identity-communication.fr\/wp-content\/uploads\/2020\/06\/Suiviu-1-1536x1024.jpg 1536w, https:\/\/identity-communication.fr\/wp-content\/uploads\/2020\/06\/Suiviu-1-2048x1365.jpg 2048w\" sizes=\"(max-width: 1024px) 100vw, 1024px\" \/>\t\t\t\t\t\t\t\t\t\t\t\t\t\t\t<\/div>\n\t\t\t\t<\/div>\n\t\t\t\t\t<\/div>\n\t\t<\/div>\n\t\t\t\t<div class=\"elementor-column elementor-col-50 elementor-top-column elementor-element elementor-element-82fcdc3\" data-id=\"82fcdc3\" data-element_type=\"column\" data-e-type=\"column\">\n\t\t\t<div class=\"elementor-widget-wrap elementor-element-populated\">\n\t\t\t\t\t\t<div class=\"elementor-element elementor-element-90864d3 elementor-widget elementor-widget-text-editor\" data-id=\"90864d3\" data-element_type=\"widget\" data-e-type=\"widget\" data-widget_type=\"text-editor.default\">\n\t\t\t\t<div class=\"elementor-widget-container\">\n\t\t\t\t\t\t\t\t\t<p>Parce que votre communication et votre investissement sont importants, <strong>il est normal qu&rsquo;apr\u00e8s avoir mis en place un plan de communication, nous assurions un suivi.<\/strong><\/p><p>C&rsquo;est une norme chez Identity Communication de<strong> vous accompagner tout au long de notre collaboration afin de vous assurer un service de qualit\u00e9<\/strong> avec r\u00e9activit\u00e9 et professionnalisme pour servir au mieux vos int\u00e9r\u00eats !<\/p><p>Toujours disponibles, nous faisons au mieux pour r\u00e9pondre \u00e0 vos exigences et vos imp\u00e9ratifs. Nous sommes votre relai, d\u00e8s que l&rsquo;on vous propose un support de communication, nous vous accompagnons pour valider avec vous la pertinence ou non du support.<\/p>\t\t\t\t\t\t\t\t<\/div>\n\t\t\t\t<\/div>\n\t\t\t\t\t<\/div>\n\t\t<\/div>\n\t\t\t\t\t<\/div>\n\t\t<\/section>\n\t\t\t\t<section class=\"elementor-section elementor-top-section elementor-element elementor-element-43c0e65 elementor-section-boxed elementor-section-height-default elementor-section-height-default\" data-id=\"43c0e65\" data-element_type=\"section\" data-e-type=\"section\">\n\t\t\t\t\t\t<div class=\"elementor-container elementor-column-gap-default\">\n\t\t\t\t\t<div class=\"elementor-column elementor-col-100 elementor-top-column elementor-element elementor-element-9dfb589\" data-id=\"9dfb589\" data-element_type=\"column\" data-e-type=\"column\">\n\t\t\t<div class=\"elementor-widget-wrap elementor-element-populated\">\n\t\t\t\t\t\t<div class=\"elementor-element elementor-element-1e52018 elementor-widget elementor-widget-spacer\" data-id=\"1e52018\" data-element_type=\"widget\" data-e-type=\"widget\" data-widget_type=\"spacer.default\">\n\t\t\t\t<div class=\"elementor-widget-container\">\n\t\t\t\t\t\t\t<div class=\"elementor-spacer\">\n\t\t\t<div class=\"elementor-spacer-inner\"><\/div>\n\t\t<\/div>\n\t\t\t\t\t\t<\/div>\n\t\t\t\t<\/div>\n\t\t\t\t\t<\/div>\n\t\t<\/div>\n\t\t\t\t\t<\/div>\n\t\t<\/section>\n\t\t\t\t<section class=\"elementor-section elementor-top-section elementor-element elementor-element-125c1d2 elementor-section-boxed elementor-section-height-default elementor-section-height-default\" data-id=\"125c1d2\" data-element_type=\"section\" data-e-type=\"section\">\n\t\t\t\t\t\t<div class=\"elementor-container elementor-column-gap-default\">\n\t\t\t\t\t<div class=\"elementor-column elementor-col-33 elementor-top-column elementor-element elementor-element-5051e4b\" data-id=\"5051e4b\" data-element_type=\"column\" data-e-type=\"column\">\n\t\t\t<div class=\"elementor-widget-wrap elementor-element-populated\">\n\t\t\t\t\t\t<div class=\"elementor-element elementor-element-d2b4d57 elementor-widget elementor-widget-image\" data-id=\"d2b4d57\" data-element_type=\"widget\" data-e-type=\"widget\" data-widget_type=\"image.default\">\n\t\t\t\t<div class=\"elementor-widget-container\">\n\t\t\t\t\t\t\t\t\t\t\t\t\t\t\t<img decoding=\"async\" src=\"https:\/\/identity-communication.fr\/wp-content\/uploads\/2020\/06\/PictoCalendrier.png\" title=\"PictoCalendrier\" alt=\"PictoCalendrier\" loading=\"lazy\" \/>\t\t\t\t\t\t\t\t\t\t\t\t\t\t\t<\/div>\n\t\t\t\t<\/div>\n\t\t\t\t<div class=\"elementor-element elementor-element-e78674a elementor-widget elementor-widget-text-editor\" data-id=\"e78674a\" data-element_type=\"widget\" data-e-type=\"widget\" data-widget_type=\"text-editor.default\">\n\t\t\t\t<div class=\"elementor-widget-container\">\n\t\t\t\t\t\t\t\t\t<p>Disponibilit\u00e9<\/p>\t\t\t\t\t\t\t\t<\/div>\n\t\t\t\t<\/div>\n\t\t\t\t\t<\/div>\n\t\t<\/div>\n\t\t\t\t<div class=\"elementor-column elementor-col-33 elementor-top-column elementor-element elementor-element-80f7bd8\" data-id=\"80f7bd8\" data-element_type=\"column\" data-e-type=\"column\">\n\t\t\t<div class=\"elementor-widget-wrap elementor-element-populated\">\n\t\t\t\t\t\t<div class=\"elementor-element elementor-element-f78b6f9 elementor-widget elementor-widget-image\" data-id=\"f78b6f9\" data-element_type=\"widget\" data-e-type=\"widget\" data-widget_type=\"image.default\">\n\t\t\t\t<div class=\"elementor-widget-container\">\n\t\t\t\t\t\t\t\t\t\t\t\t\t\t\t<img decoding=\"async\" src=\"https:\/\/identity-communication.fr\/wp-content\/uploads\/2020\/06\/PictoPro.png\" title=\"PictoPro\" alt=\"PictoPro\" loading=\"lazy\" \/>\t\t\t\t\t\t\t\t\t\t\t\t\t\t\t<\/div>\n\t\t\t\t<\/div>\n\t\t\t\t<div class=\"elementor-element elementor-element-f5c64d4 elementor-widget elementor-widget-text-editor\" data-id=\"f5c64d4\" data-element_type=\"widget\" data-e-type=\"widget\" data-widget_type=\"text-editor.default\">\n\t\t\t\t<div class=\"elementor-widget-container\">\n\t\t\t\t\t\t\t\t\t<p>Professionnalisme<\/p>\t\t\t\t\t\t\t\t<\/div>\n\t\t\t\t<\/div>\n\t\t\t\t\t<\/div>\n\t\t<\/div>\n\t\t\t\t<div class=\"elementor-column elementor-col-33 elementor-top-column elementor-element elementor-element-e8230e7\" data-id=\"e8230e7\" data-element_type=\"column\" data-e-type=\"column\">\n\t\t\t<div class=\"elementor-widget-wrap elementor-element-populated\">\n\t\t\t\t\t\t<div class=\"elementor-element elementor-element-fb7eadb elementor-widget elementor-widget-image\" data-id=\"fb7eadb\" data-element_type=\"widget\" data-e-type=\"widget\" data-widget_type=\"image.default\">\n\t\t\t\t<div class=\"elementor-widget-container\">\n\t\t\t\t\t\t\t\t\t\t\t\t\t\t\t<img decoding=\"async\" src=\"https:\/\/identity-communication.fr\/wp-content\/uploads\/2020\/06\/PictoR\u00e9activit\u00e9.png\" title=\"PictoR\u00e9activit\u00e9\" alt=\"PictoR\u00e9activit\u00e9\" loading=\"lazy\" \/>\t\t\t\t\t\t\t\t\t\t\t\t\t\t\t<\/div>\n\t\t\t\t<\/div>\n\t\t\t\t<div class=\"elementor-element elementor-element-d266e80 elementor-widget elementor-widget-text-editor\" data-id=\"d266e80\" data-element_type=\"widget\" data-e-type=\"widget\" data-widget_type=\"text-editor.default\">\n\t\t\t\t<div class=\"elementor-widget-container\">\n\t\t\t\t\t\t\t\t\t<p>R\u00e9activit\u00e9<\/p>\t\t\t\t\t\t\t\t<\/div>\n\t\t\t\t<\/div>\n\t\t\t\t\t<\/div>\n\t\t<\/div>\n\t\t\t\t\t<\/div>\n\t\t<\/section>\n\t\t\t\t<\/div>\n\t\t","protected":false},"excerpt":{"rendered":"<p>Parce que votre communication et votre investissement sont importants, il est normal qu&rsquo;apr\u00e8s avoir mis en place un plan de communication, nous assurions un suivi. C&rsquo;est une norme chez Identity Communication de vous accompagner tout au long de notre collaboration afin de vous assurer un service de qualit\u00e9 avec r\u00e9activit\u00e9 et professionnalisme pour servir au&#8230;<\/p>\n","protected":false},"author":1,"featured_media":0,"parent":0,"menu_order":0,"comment_status":"closed","ping_status":"closed","template":"","meta":{"footnotes":""},"class_list":["post-87","page","type-page","status-publish","hentry"],"yoast_head":"<!-- This site is optimized with the Yoast SEO plugin v24.5 - https:\/\/yoast.com\/wordpress\/plugins\/seo\/ -->\n<title>Suivi - Identity Communication<\/title>\n<meta name=\"description\" content=\"Chez Identity Communication, nous offrons un suivi personnalis\u00e9 pour garantir la pertinence et l\u2019efficacit\u00e9 de vos supports de communication.\" \/>\n<meta name=\"robots\" content=\"index, follow, max-snippet:-1, max-image-preview:large, max-video-preview:-1\" \/>\n<link rel=\"canonical\" href=\"https:\/\/identity-communication.fr\/index.php\/suivi\/\" \/>\n<meta property=\"og:locale\" content=\"fr_FR\" \/>\n<meta property=\"og:type\" content=\"article\" \/>\n<meta property=\"og:title\" content=\"Suivi - Identity Communication\" \/>\n<meta property=\"og:description\" content=\"Chez Identity Communication, nous offrons un suivi personnalis\u00e9 pour garantir la pertinence et l\u2019efficacit\u00e9 de vos supports de communication.\" \/>\n<meta property=\"og:url\" content=\"https:\/\/identity-communication.fr\/index.php\/suivi\/\" \/>\n<meta property=\"og:site_name\" content=\"Identity Communication\" \/>\n<meta property=\"article:modified_time\" content=\"2025-02-25T15:58:20+00:00\" \/>\n<meta property=\"og:image\" content=\"http:\/\/identity-communication.fr\/wp-content\/uploads\/2020\/06\/PictoSUiviCouleur.png\" \/>\n<meta name=\"twitter:card\" content=\"summary_large_image\" \/>\n<meta name=\"twitter:label1\" content=\"Dur\u00e9e de lecture estim\u00e9e\" \/>\n\t<meta name=\"twitter:data1\" content=\"2 minutes\" \/>\n<script type=\"application\/ld+json\" class=\"yoast-schema-graph\">{\"@context\":\"https:\/\/schema.org\",\"@graph\":[{\"@type\":\"WebPage\",\"@id\":\"https:\/\/identity-communication.fr\/index.php\/suivi\/\",\"url\":\"https:\/\/identity-communication.fr\/index.php\/suivi\/\",\"name\":\"Suivi - Identity Communication\",\"isPartOf\":{\"@id\":\"https:\/\/identity-communication.fr\/#website\"},\"primaryImageOfPage\":{\"@id\":\"https:\/\/identity-communication.fr\/index.php\/suivi\/#primaryimage\"},\"image\":{\"@id\":\"https:\/\/identity-communication.fr\/index.php\/suivi\/#primaryimage\"},\"thumbnailUrl\":\"http:\/\/identity-communication.fr\/wp-content\/uploads\/2020\/06\/PictoSUiviCouleur.png\",\"datePublished\":\"2020-05-19T08:15:23+00:00\",\"dateModified\":\"2025-02-25T15:58:20+00:00\",\"description\":\"Chez Identity Communication, nous offrons un suivi personnalis\u00e9 pour garantir la pertinence et l\u2019efficacit\u00e9 de vos supports de communication.\",\"breadcrumb\":{\"@id\":\"https:\/\/identity-communication.fr\/index.php\/suivi\/#breadcrumb\"},\"inLanguage\":\"fr-FR\",\"potentialAction\":[{\"@type\":\"ReadAction\",\"target\":[\"https:\/\/identity-communication.fr\/index.php\/suivi\/\"]}]},{\"@type\":\"ImageObject\",\"inLanguage\":\"fr-FR\",\"@id\":\"https:\/\/identity-communication.fr\/index.php\/suivi\/#primaryimage\",\"url\":\"http:\/\/identity-communication.fr\/wp-content\/uploads\/2020\/06\/PictoSUiviCouleur.png\",\"contentUrl\":\"http:\/\/identity-communication.fr\/wp-content\/uploads\/2020\/06\/PictoSUiviCouleur.png\"},{\"@type\":\"BreadcrumbList\",\"@id\":\"https:\/\/identity-communication.fr\/index.php\/suivi\/#breadcrumb\",\"itemListElement\":[{\"@type\":\"ListItem\",\"position\":1,\"name\":\"Accueil\",\"item\":\"https:\/\/identity-communication.fr\/\"},{\"@type\":\"ListItem\",\"position\":2,\"name\":\"Suivi\"}]},{\"@type\":\"WebSite\",\"@id\":\"https:\/\/identity-communication.fr\/#website\",\"url\":\"https:\/\/identity-communication.fr\/\",\"name\":\"Identity Communication\",\"description\":\"Votre agence multim\u00e9dia \u00e0 Voiron\",\"potentialAction\":[{\"@type\":\"SearchAction\",\"target\":{\"@type\":\"EntryPoint\",\"urlTemplate\":\"https:\/\/identity-communication.fr\/?s={search_term_string}\"},\"query-input\":{\"@type\":\"PropertyValueSpecification\",\"valueRequired\":true,\"valueName\":\"search_term_string\"}}],\"inLanguage\":\"fr-FR\"}]}<\/script>\n<!-- \/ Yoast SEO plugin. -->","yoast_head_json":{"title":"Suivi - Identity Communication","description":"Chez Identity Communication, nous offrons un suivi personnalis\u00e9 pour garantir la pertinence et l\u2019efficacit\u00e9 de vos supports de communication.","robots":{"index":"index","follow":"follow","max-snippet":"max-snippet:-1","max-image-preview":"max-image-preview:large","max-video-preview":"max-video-preview:-1"},"canonical":"https:\/\/identity-communication.fr\/index.php\/suivi\/","og_locale":"fr_FR","og_type":"article","og_title":"Suivi - Identity Communication","og_description":"Chez Identity Communication, nous offrons un suivi personnalis\u00e9 pour garantir la pertinence et l\u2019efficacit\u00e9 de vos supports de communication.","og_url":"https:\/\/identity-communication.fr\/index.php\/suivi\/","og_site_name":"Identity Communication","article_modified_time":"2025-02-25T15:58:20+00:00","og_image":[{"url":"http:\/\/identity-communication.fr\/wp-content\/uploads\/2020\/06\/PictoSUiviCouleur.png","type":"","width":"","height":""}],"twitter_card":"summary_large_image","twitter_misc":{"Dur\u00e9e de lecture estim\u00e9e":"2 minutes"},"schema":{"@context":"https:\/\/schema.org","@graph":[{"@type":"WebPage","@id":"https:\/\/identity-communication.fr\/index.php\/suivi\/","url":"https:\/\/identity-communication.fr\/index.php\/suivi\/","name":"Suivi - Identity Communication","isPartOf":{"@id":"https:\/\/identity-communication.fr\/#website"},"primaryImageOfPage":{"@id":"https:\/\/identity-communication.fr\/index.php\/suivi\/#primaryimage"},"image":{"@id":"https:\/\/identity-communication.fr\/index.php\/suivi\/#primaryimage"},"thumbnailUrl":"http:\/\/identity-communication.fr\/wp-content\/uploads\/2020\/06\/PictoSUiviCouleur.png","datePublished":"2020-05-19T08:15:23+00:00","dateModified":"2025-02-25T15:58:20+00:00","description":"Chez Identity Communication, nous offrons un suivi personnalis\u00e9 pour garantir la pertinence et l\u2019efficacit\u00e9 de vos supports de communication.","breadcrumb":{"@id":"https:\/\/identity-communication.fr\/index.php\/suivi\/#breadcrumb"},"inLanguage":"fr-FR","potentialAction":[{"@type":"ReadAction","target":["https:\/\/identity-communication.fr\/index.php\/suivi\/"]}]},{"@type":"ImageObject","inLanguage":"fr-FR","@id":"https:\/\/identity-communication.fr\/index.php\/suivi\/#primaryimage","url":"http:\/\/identity-communication.fr\/wp-content\/uploads\/2020\/06\/PictoSUiviCouleur.png","contentUrl":"http:\/\/identity-communication.fr\/wp-content\/uploads\/2020\/06\/PictoSUiviCouleur.png"},{"@type":"BreadcrumbList","@id":"https:\/\/identity-communication.fr\/index.php\/suivi\/#breadcrumb","itemListElement":[{"@type":"ListItem","position":1,"name":"Accueil","item":"https:\/\/identity-communication.fr\/"},{"@type":"ListItem","position":2,"name":"Suivi"}]},{"@type":"WebSite","@id":"https:\/\/identity-communication.fr\/#website","url":"https:\/\/identity-communication.fr\/","name":"Identity Communication","description":"Votre agence multim\u00e9dia \u00e0 Voiron","potentialAction":[{"@type":"SearchAction","target":{"@type":"EntryPoint","urlTemplate":"https:\/\/identity-communication.fr\/?s={search_term_string}"},"query-input":{"@type":"PropertyValueSpecification","valueRequired":true,"valueName":"search_term_string"}}],"inLanguage":"fr-FR"}]}},"_links":{"self":[{"href":"https:\/\/identity-communication.fr\/index.php\/wp-json\/wp\/v2\/pages\/87","targetHints":{"allow":["GET"]}}],"collection":[{"href":"https:\/\/identity-communication.fr\/index.php\/wp-json\/wp\/v2\/pages"}],"about":[{"href":"https:\/\/identity-communication.fr\/index.php\/wp-json\/wp\/v2\/types\/page"}],"author":[{"embeddable":true,"href":"https:\/\/identity-communication.fr\/index.php\/wp-json\/wp\/v2\/users\/1"}],"replies":[{"embeddable":true,"href":"https:\/\/identity-communication.fr\/index.php\/wp-json\/wp\/v2\/comments?post=87"}],"version-history":[{"count":17,"href":"https:\/\/identity-communication.fr\/index.php\/wp-json\/wp\/v2\/pages\/87\/revisions"}],"predecessor-version":[{"id":1650,"href":"https:\/\/identity-communication.fr\/index.php\/wp-json\/wp\/v2\/pages\/87\/revisions\/1650"}],"wp:attachment":[{"href":"https:\/\/identity-communication.fr\/index.php\/wp-json\/wp\/v2\/media?parent=87"}],"curies":[{"name":"wp","href":"https:\/\/api.w.org\/{rel}","templated":true}]}}