{"id":85,"date":"2020-05-19T10:15:10","date_gmt":"2020-05-19T08:15:10","guid":{"rendered":"http:\/\/identity-communication.fr\/?page_id=85"},"modified":"2025-02-25T09:08:16","modified_gmt":"2025-02-25T08:08:16","slug":"creation","status":"publish","type":"page","link":"https:\/\/identity-communication.fr\/index.php\/creation\/","title":{"rendered":"Cr\u00e9ation"},"content":{"rendered":"\t\t<div data-elementor-type=\"wp-page\" data-elementor-id=\"85\" class=\"elementor elementor-85\">\n\t\t\t\t\t\t<section class=\"elementor-section elementor-top-section elementor-element elementor-element-e038ef7 elementor-section-boxed elementor-section-height-default elementor-section-height-default\" data-id=\"e038ef7\" data-element_type=\"section\" data-e-type=\"section\">\n\t\t\t\t\t\t<div class=\"elementor-container elementor-column-gap-default\">\n\t\t\t\t\t<div class=\"elementor-column elementor-col-100 elementor-top-column elementor-element elementor-element-105fea5\" data-id=\"105fea5\" data-element_type=\"column\" data-e-type=\"column\">\n\t\t\t<div class=\"elementor-widget-wrap elementor-element-populated\">\n\t\t\t\t\t\t<div class=\"elementor-element elementor-element-3900b19 elementor-widget elementor-widget-image\" data-id=\"3900b19\" data-element_type=\"widget\" data-e-type=\"widget\" data-widget_type=\"image.default\">\n\t\t\t\t<div class=\"elementor-widget-container\">\n\t\t\t\t\t\t\t\t\t\t\t\t\t\t\t<img decoding=\"async\" width=\"201\" height=\"194\" src=\"https:\/\/identity-communication.fr\/wp-content\/uploads\/2020\/06\/PictoCr\u00e9ationCouleur-1.png\" class=\"attachment-large size-large wp-image-1003\" alt=\"\" \/>\t\t\t\t\t\t\t\t\t\t\t\t\t\t\t<\/div>\n\t\t\t\t<\/div>\n\t\t\t\t\t<\/div>\n\t\t<\/div>\n\t\t\t\t\t<\/div>\n\t\t<\/section>\n\t\t\t\t<section class=\"elementor-section elementor-top-section elementor-element elementor-element-0c3f4bc elementor-section-boxed elementor-section-height-default elementor-section-height-default\" data-id=\"0c3f4bc\" data-element_type=\"section\" data-e-type=\"section\">\n\t\t\t\t\t\t<div class=\"elementor-container elementor-column-gap-default\">\n\t\t\t\t\t<div class=\"elementor-column elementor-col-100 elementor-top-column elementor-element elementor-element-0b08a5a\" data-id=\"0b08a5a\" data-element_type=\"column\" data-e-type=\"column\">\n\t\t\t<div class=\"elementor-widget-wrap elementor-element-populated\">\n\t\t\t\t\t\t<div class=\"elementor-element elementor-element-03ec19e elementor-widget elementor-widget-spacer\" data-id=\"03ec19e\" data-element_type=\"widget\" data-e-type=\"widget\" data-widget_type=\"spacer.default\">\n\t\t\t\t<div class=\"elementor-widget-container\">\n\t\t\t\t\t\t\t<div class=\"elementor-spacer\">\n\t\t\t<div class=\"elementor-spacer-inner\"><\/div>\n\t\t<\/div>\n\t\t\t\t\t\t<\/div>\n\t\t\t\t<\/div>\n\t\t\t\t\t<\/div>\n\t\t<\/div>\n\t\t\t\t\t<\/div>\n\t\t<\/section>\n\t\t\t\t<section class=\"elementor-section elementor-top-section elementor-element elementor-element-a364968 elementor-section-boxed elementor-section-height-default elementor-section-height-default\" data-id=\"a364968\" data-element_type=\"section\" data-e-type=\"section\">\n\t\t\t\t\t\t<div class=\"elementor-container elementor-column-gap-default\">\n\t\t\t\t\t<div class=\"elementor-column elementor-col-50 elementor-top-column elementor-element elementor-element-df18703\" data-id=\"df18703\" data-element_type=\"column\" data-e-type=\"column\">\n\t\t\t<div class=\"elementor-widget-wrap elementor-element-populated\">\n\t\t\t\t\t\t<div class=\"elementor-element elementor-element-be031c8 elementor-widget elementor-widget-text-editor\" data-id=\"be031c8\" data-element_type=\"widget\" data-e-type=\"widget\" data-widget_type=\"text-editor.default\">\n\t\t\t\t<div class=\"elementor-widget-container\">\n\t\t\t\t\t\t\t\t\t<p><strong>Identity Communication<\/strong> s&rsquo;adapte et r\u00e9alise toutes les cr\u00e9ations li\u00e9es \u00e0 votre communication. Ainsi, quel que soit le support, <strong>Identity Communication<\/strong> est votre interlocuteur unique pour cerner au mieux vos attentes et \u00eatre pleinement en phase avec celles-ci.<\/p><p>Nous vous accompagnons aussi sur la cr\u00e9ation d&rsquo;une c<strong>harte graphique, d&rsquo;une identit\u00e9 visuelle <\/strong>et sur son suivi. L&rsquo;objectif est de vous aider \u00e0 communiquer de fa\u00e7on coh\u00e9rente \u00e0 travers la d\u00e9clinaison de votre identit\u00e9 sur l&rsquo;ensemble de vos supports pour accro\u00eetre votre visibilit\u00e9 et optimiser son efficacit\u00e9.<\/p>\t\t\t\t\t\t\t\t<\/div>\n\t\t\t\t<\/div>\n\t\t\t\t\t<\/div>\n\t\t<\/div>\n\t\t\t\t<div class=\"elementor-column elementor-col-50 elementor-top-column elementor-element elementor-element-2745c6b\" data-id=\"2745c6b\" data-element_type=\"column\" data-e-type=\"column\">\n\t\t\t<div class=\"elementor-widget-wrap elementor-element-populated\">\n\t\t\t\t\t\t<div class=\"elementor-element elementor-element-072bc10 elementor-widget elementor-widget-image\" data-id=\"072bc10\" data-element_type=\"widget\" data-e-type=\"widget\" data-widget_type=\"image.default\">\n\t\t\t\t<div class=\"elementor-widget-container\">\n\t\t\t\t\t\t\t\t\t\t\t\t\t\t\t<img fetchpriority=\"high\" decoding=\"async\" width=\"1024\" height=\"683\" src=\"https:\/\/identity-communication.fr\/wp-content\/uploads\/2020\/06\/Mock-up-1024x683.jpg\" class=\"attachment-large size-large wp-image-960\" alt=\"\" srcset=\"https:\/\/identity-communication.fr\/wp-content\/uploads\/2020\/06\/Mock-up-1024x683.jpg 1024w, https:\/\/identity-communication.fr\/wp-content\/uploads\/2020\/06\/Mock-up-300x200.jpg 300w, https:\/\/identity-communication.fr\/wp-content\/uploads\/2020\/06\/Mock-up-768x512.jpg 768w, https:\/\/identity-communication.fr\/wp-content\/uploads\/2020\/06\/Mock-up-1536x1024.jpg 1536w, https:\/\/identity-communication.fr\/wp-content\/uploads\/2020\/06\/Mock-up-2048x1365.jpg 2048w, https:\/\/identity-communication.fr\/wp-content\/uploads\/2020\/06\/Mock-up-960x640.jpg 960w\" sizes=\"(max-width: 1024px) 100vw, 1024px\" \/>\t\t\t\t\t\t\t\t\t\t\t\t\t\t\t<\/div>\n\t\t\t\t<\/div>\n\t\t\t\t\t<\/div>\n\t\t<\/div>\n\t\t\t\t\t<\/div>\n\t\t<\/section>\n\t\t\t\t<section class=\"elementor-section elementor-top-section elementor-element elementor-element-4138b78 elementor-section-boxed elementor-section-height-default elementor-section-height-default\" data-id=\"4138b78\" data-element_type=\"section\" data-e-type=\"section\">\n\t\t\t\t\t\t<div class=\"elementor-container elementor-column-gap-default\">\n\t\t\t\t\t<div class=\"elementor-column elementor-col-100 elementor-top-column elementor-element elementor-element-c146918\" data-id=\"c146918\" data-element_type=\"column\" data-e-type=\"column\">\n\t\t\t<div class=\"elementor-widget-wrap elementor-element-populated\">\n\t\t\t\t\t\t<div class=\"elementor-element elementor-element-e209710 elementor-widget elementor-widget-spacer\" data-id=\"e209710\" data-element_type=\"widget\" data-e-type=\"widget\" data-widget_type=\"spacer.default\">\n\t\t\t\t<div class=\"elementor-widget-container\">\n\t\t\t\t\t\t\t<div class=\"elementor-spacer\">\n\t\t\t<div class=\"elementor-spacer-inner\"><\/div>\n\t\t<\/div>\n\t\t\t\t\t\t<\/div>\n\t\t\t\t<\/div>\n\t\t\t\t\t<\/div>\n\t\t<\/div>\n\t\t\t\t\t<\/div>\n\t\t<\/section>\n\t\t\t\t<section class=\"elementor-section elementor-top-section elementor-element elementor-element-08a83a8 elementor-section-boxed elementor-section-height-default elementor-section-height-default\" data-id=\"08a83a8\" data-element_type=\"section\" data-e-type=\"section\">\n\t\t\t\t\t\t<div class=\"elementor-container elementor-column-gap-default\">\n\t\t\t\t\t<div class=\"elementor-column elementor-col-33 elementor-top-column elementor-element elementor-element-2a8e3c2\" data-id=\"2a8e3c2\" data-element_type=\"column\" data-e-type=\"column\">\n\t\t\t<div class=\"elementor-widget-wrap elementor-element-populated\">\n\t\t\t\t\t\t<div class=\"elementor-element elementor-element-4be07d3 elementor-widget elementor-widget-image\" data-id=\"4be07d3\" data-element_type=\"widget\" data-e-type=\"widget\" data-widget_type=\"image.default\">\n\t\t\t\t<div class=\"elementor-widget-container\">\n\t\t\t\t\t\t\t\t\t\t\t\t\t\t\t<img decoding=\"async\" src=\"https:\/\/identity-communication.fr\/wp-content\/uploads\/2020\/06\/PictoOutils.png\" title=\"PictoOutils\" alt=\"PictoOutils\" loading=\"lazy\" \/>\t\t\t\t\t\t\t\t\t\t\t\t\t\t\t<\/div>\n\t\t\t\t<\/div>\n\t\t\t\t<div class=\"elementor-element elementor-element-c0935d3 elementor-widget elementor-widget-text-editor\" data-id=\"c0935d3\" data-element_type=\"widget\" data-e-type=\"widget\" data-widget_type=\"text-editor.default\">\n\t\t\t\t<div class=\"elementor-widget-container\">\n\t\t\t\t\t\t\t\t\t<p>Travail et r\u00e9flexion avec nos outils<\/p>\t\t\t\t\t\t\t\t<\/div>\n\t\t\t\t<\/div>\n\t\t\t\t\t<\/div>\n\t\t<\/div>\n\t\t\t\t<div class=\"elementor-column elementor-col-33 elementor-top-column elementor-element elementor-element-408748c\" data-id=\"408748c\" data-element_type=\"column\" data-e-type=\"column\">\n\t\t\t<div class=\"elementor-widget-wrap elementor-element-populated\">\n\t\t\t\t\t\t<div class=\"elementor-element elementor-element-03024a8 elementor-widget elementor-widget-image\" data-id=\"03024a8\" data-element_type=\"widget\" data-e-type=\"widget\" data-widget_type=\"image.default\">\n\t\t\t\t<div class=\"elementor-widget-container\">\n\t\t\t\t\t\t\t\t\t\t\t\t\t\t\t<img decoding=\"async\" src=\"https:\/\/identity-communication.fr\/wp-content\/uploads\/2020\/06\/PictoEmpreinte.png\" title=\"PictoEmpreinte\" alt=\"PictoEmpreinte\" loading=\"lazy\" \/>\t\t\t\t\t\t\t\t\t\t\t\t\t\t\t<\/div>\n\t\t\t\t<\/div>\n\t\t\t\t<div class=\"elementor-element elementor-element-00efa99 elementor-widget elementor-widget-text-editor\" data-id=\"00efa99\" data-element_type=\"widget\" data-e-type=\"widget\" data-widget_type=\"text-editor.default\">\n\t\t\t\t<div class=\"elementor-widget-container\">\n\t\t\t\t\t\t\t\t\t<p>Cr\u00e9ation de votre identit\u00e9<\/p>\t\t\t\t\t\t\t\t<\/div>\n\t\t\t\t<\/div>\n\t\t\t\t\t<\/div>\n\t\t<\/div>\n\t\t\t\t<div class=\"elementor-column elementor-col-33 elementor-top-column elementor-element elementor-element-b6048ae\" data-id=\"b6048ae\" data-element_type=\"column\" data-e-type=\"column\">\n\t\t\t<div class=\"elementor-widget-wrap elementor-element-populated\">\n\t\t\t\t\t\t<div class=\"elementor-element elementor-element-8d7fb36 elementor-widget elementor-widget-image\" data-id=\"8d7fb36\" data-element_type=\"widget\" data-e-type=\"widget\" data-widget_type=\"image.default\">\n\t\t\t\t<div class=\"elementor-widget-container\">\n\t\t\t\t\t\t\t\t\t\t\t\t\t\t\t<img decoding=\"async\" src=\"https:\/\/identity-communication.fr\/wp-content\/uploads\/2020\/06\/PictoD\u00e9cliaison-3.png\" title=\"PictoD\u00e9cliaison\" alt=\"PictoD\u00e9cliaison\" loading=\"lazy\" \/>\t\t\t\t\t\t\t\t\t\t\t\t\t\t\t<\/div>\n\t\t\t\t<\/div>\n\t\t\t\t<div class=\"elementor-element elementor-element-a52ba91 elementor-widget elementor-widget-text-editor\" data-id=\"a52ba91\" data-element_type=\"widget\" data-e-type=\"widget\" data-widget_type=\"text-editor.default\">\n\t\t\t\t<div class=\"elementor-widget-container\">\n\t\t\t\t\t\t\t\t\t<p>D\u00e9clinaison de votre identit\u00e9 sur diff\u00e9rents supports<\/p>\t\t\t\t\t\t\t\t<\/div>\n\t\t\t\t<\/div>\n\t\t\t\t\t<\/div>\n\t\t<\/div>\n\t\t\t\t\t<\/div>\n\t\t<\/section>\n\t\t\t\t<\/div>\n\t\t","protected":false},"excerpt":{"rendered":"<p>Identity Communication s&rsquo;adapte et r\u00e9alise toutes les cr\u00e9ations li\u00e9es \u00e0 votre communication. Ainsi, quel que soit le support, Identity Communication est votre interlocuteur unique pour cerner au mieux vos attentes et \u00eatre pleinement en phase avec celles-ci. Nous vous accompagnons aussi sur la cr\u00e9ation d&rsquo;une charte graphique, d&rsquo;une identit\u00e9 visuelle et sur son suivi. L&rsquo;objectif&#8230;<\/p>\n","protected":false},"author":1,"featured_media":0,"parent":0,"menu_order":0,"comment_status":"closed","ping_status":"closed","template":"","meta":{"footnotes":""},"class_list":["post-85","page","type-page","status-publish","hentry"],"yoast_head":"<!-- This site is optimized with the Yoast SEO plugin v24.5 - https:\/\/yoast.com\/wordpress\/plugins\/seo\/ -->\n<title>Cr\u00e9ation - Identity Communication<\/title>\n<meta name=\"description\" content=\"Identity Communication r\u00e9alise vos supports de communication. Optimisez votre visibilit\u00e9 avec des cr\u00e9ations sur-mesure adapt\u00e9es \u00e0 vos besoins\" \/>\n<meta name=\"robots\" content=\"index, follow, max-snippet:-1, max-image-preview:large, max-video-preview:-1\" \/>\n<link rel=\"canonical\" href=\"https:\/\/identity-communication.fr\/index.php\/creation\/\" \/>\n<meta property=\"og:locale\" content=\"fr_FR\" \/>\n<meta property=\"og:type\" content=\"article\" \/>\n<meta property=\"og:title\" content=\"Cr\u00e9ation - Identity Communication\" \/>\n<meta property=\"og:description\" content=\"Identity Communication r\u00e9alise vos supports de communication. Optimisez votre visibilit\u00e9 avec des cr\u00e9ations sur-mesure adapt\u00e9es \u00e0 vos besoins\" \/>\n<meta property=\"og:url\" content=\"https:\/\/identity-communication.fr\/index.php\/creation\/\" \/>\n<meta property=\"og:site_name\" content=\"Identity Communication\" \/>\n<meta property=\"article:modified_time\" content=\"2025-02-25T08:08:16+00:00\" \/>\n<meta property=\"og:image\" content=\"http:\/\/identity-communication.fr\/wp-content\/uploads\/2020\/06\/Mock-up-1024x683.jpg\" \/>\n<meta name=\"twitter:card\" content=\"summary_large_image\" \/>\n<meta name=\"twitter:label1\" content=\"Dur\u00e9e de lecture estim\u00e9e\" \/>\n\t<meta name=\"twitter:data1\" content=\"2 minutes\" \/>\n<script type=\"application\/ld+json\" class=\"yoast-schema-graph\">{\"@context\":\"https:\/\/schema.org\",\"@graph\":[{\"@type\":\"WebPage\",\"@id\":\"https:\/\/identity-communication.fr\/index.php\/creation\/\",\"url\":\"https:\/\/identity-communication.fr\/index.php\/creation\/\",\"name\":\"Cr\u00e9ation - Identity Communication\",\"isPartOf\":{\"@id\":\"https:\/\/identity-communication.fr\/#website\"},\"primaryImageOfPage\":{\"@id\":\"https:\/\/identity-communication.fr\/index.php\/creation\/#primaryimage\"},\"image\":{\"@id\":\"https:\/\/identity-communication.fr\/index.php\/creation\/#primaryimage\"},\"thumbnailUrl\":\"http:\/\/identity-communication.fr\/wp-content\/uploads\/2020\/06\/Mock-up-1024x683.jpg\",\"datePublished\":\"2020-05-19T08:15:10+00:00\",\"dateModified\":\"2025-02-25T08:08:16+00:00\",\"description\":\"Identity Communication r\u00e9alise vos supports de communication. Optimisez votre visibilit\u00e9 avec des cr\u00e9ations sur-mesure adapt\u00e9es \u00e0 vos besoins\",\"breadcrumb\":{\"@id\":\"https:\/\/identity-communication.fr\/index.php\/creation\/#breadcrumb\"},\"inLanguage\":\"fr-FR\",\"potentialAction\":[{\"@type\":\"ReadAction\",\"target\":[\"https:\/\/identity-communication.fr\/index.php\/creation\/\"]}]},{\"@type\":\"ImageObject\",\"inLanguage\":\"fr-FR\",\"@id\":\"https:\/\/identity-communication.fr\/index.php\/creation\/#primaryimage\",\"url\":\"http:\/\/identity-communication.fr\/wp-content\/uploads\/2020\/06\/Mock-up-1024x683.jpg\",\"contentUrl\":\"http:\/\/identity-communication.fr\/wp-content\/uploads\/2020\/06\/Mock-up-1024x683.jpg\"},{\"@type\":\"BreadcrumbList\",\"@id\":\"https:\/\/identity-communication.fr\/index.php\/creation\/#breadcrumb\",\"itemListElement\":[{\"@type\":\"ListItem\",\"position\":1,\"name\":\"Accueil\",\"item\":\"https:\/\/identity-communication.fr\/\"},{\"@type\":\"ListItem\",\"position\":2,\"name\":\"Cr\u00e9ation\"}]},{\"@type\":\"WebSite\",\"@id\":\"https:\/\/identity-communication.fr\/#website\",\"url\":\"https:\/\/identity-communication.fr\/\",\"name\":\"Identity Communication\",\"description\":\"Votre agence multim\u00e9dia \u00e0 Voiron\",\"potentialAction\":[{\"@type\":\"SearchAction\",\"target\":{\"@type\":\"EntryPoint\",\"urlTemplate\":\"https:\/\/identity-communication.fr\/?s={search_term_string}\"},\"query-input\":{\"@type\":\"PropertyValueSpecification\",\"valueRequired\":true,\"valueName\":\"search_term_string\"}}],\"inLanguage\":\"fr-FR\"}]}<\/script>\n<!-- \/ Yoast SEO plugin. -->","yoast_head_json":{"title":"Cr\u00e9ation - Identity Communication","description":"Identity Communication r\u00e9alise vos supports de communication. Optimisez votre visibilit\u00e9 avec des cr\u00e9ations sur-mesure adapt\u00e9es \u00e0 vos besoins","robots":{"index":"index","follow":"follow","max-snippet":"max-snippet:-1","max-image-preview":"max-image-preview:large","max-video-preview":"max-video-preview:-1"},"canonical":"https:\/\/identity-communication.fr\/index.php\/creation\/","og_locale":"fr_FR","og_type":"article","og_title":"Cr\u00e9ation - Identity Communication","og_description":"Identity Communication r\u00e9alise vos supports de communication. Optimisez votre visibilit\u00e9 avec des cr\u00e9ations sur-mesure adapt\u00e9es \u00e0 vos besoins","og_url":"https:\/\/identity-communication.fr\/index.php\/creation\/","og_site_name":"Identity Communication","article_modified_time":"2025-02-25T08:08:16+00:00","og_image":[{"url":"http:\/\/identity-communication.fr\/wp-content\/uploads\/2020\/06\/Mock-up-1024x683.jpg","type":"","width":"","height":""}],"twitter_card":"summary_large_image","twitter_misc":{"Dur\u00e9e de lecture estim\u00e9e":"2 minutes"},"schema":{"@context":"https:\/\/schema.org","@graph":[{"@type":"WebPage","@id":"https:\/\/identity-communication.fr\/index.php\/creation\/","url":"https:\/\/identity-communication.fr\/index.php\/creation\/","name":"Cr\u00e9ation - Identity Communication","isPartOf":{"@id":"https:\/\/identity-communication.fr\/#website"},"primaryImageOfPage":{"@id":"https:\/\/identity-communication.fr\/index.php\/creation\/#primaryimage"},"image":{"@id":"https:\/\/identity-communication.fr\/index.php\/creation\/#primaryimage"},"thumbnailUrl":"http:\/\/identity-communication.fr\/wp-content\/uploads\/2020\/06\/Mock-up-1024x683.jpg","datePublished":"2020-05-19T08:15:10+00:00","dateModified":"2025-02-25T08:08:16+00:00","description":"Identity Communication r\u00e9alise vos supports de communication. Optimisez votre visibilit\u00e9 avec des cr\u00e9ations sur-mesure adapt\u00e9es \u00e0 vos besoins","breadcrumb":{"@id":"https:\/\/identity-communication.fr\/index.php\/creation\/#breadcrumb"},"inLanguage":"fr-FR","potentialAction":[{"@type":"ReadAction","target":["https:\/\/identity-communication.fr\/index.php\/creation\/"]}]},{"@type":"ImageObject","inLanguage":"fr-FR","@id":"https:\/\/identity-communication.fr\/index.php\/creation\/#primaryimage","url":"http:\/\/identity-communication.fr\/wp-content\/uploads\/2020\/06\/Mock-up-1024x683.jpg","contentUrl":"http:\/\/identity-communication.fr\/wp-content\/uploads\/2020\/06\/Mock-up-1024x683.jpg"},{"@type":"BreadcrumbList","@id":"https:\/\/identity-communication.fr\/index.php\/creation\/#breadcrumb","itemListElement":[{"@type":"ListItem","position":1,"name":"Accueil","item":"https:\/\/identity-communication.fr\/"},{"@type":"ListItem","position":2,"name":"Cr\u00e9ation"}]},{"@type":"WebSite","@id":"https:\/\/identity-communication.fr\/#website","url":"https:\/\/identity-communication.fr\/","name":"Identity Communication","description":"Votre agence multim\u00e9dia \u00e0 Voiron","potentialAction":[{"@type":"SearchAction","target":{"@type":"EntryPoint","urlTemplate":"https:\/\/identity-communication.fr\/?s={search_term_string}"},"query-input":{"@type":"PropertyValueSpecification","valueRequired":true,"valueName":"search_term_string"}}],"inLanguage":"fr-FR"}]}},"_links":{"self":[{"href":"https:\/\/identity-communication.fr\/index.php\/wp-json\/wp\/v2\/pages\/85","targetHints":{"allow":["GET"]}}],"collection":[{"href":"https:\/\/identity-communication.fr\/index.php\/wp-json\/wp\/v2\/pages"}],"about":[{"href":"https:\/\/identity-communication.fr\/index.php\/wp-json\/wp\/v2\/types\/page"}],"author":[{"embeddable":true,"href":"https:\/\/identity-communication.fr\/index.php\/wp-json\/wp\/v2\/users\/1"}],"replies":[{"embeddable":true,"href":"https:\/\/identity-communication.fr\/index.php\/wp-json\/wp\/v2\/comments?post=85"}],"version-history":[{"count":25,"href":"https:\/\/identity-communication.fr\/index.php\/wp-json\/wp\/v2\/pages\/85\/revisions"}],"predecessor-version":[{"id":1627,"href":"https:\/\/identity-communication.fr\/index.php\/wp-json\/wp\/v2\/pages\/85\/revisions\/1627"}],"wp:attachment":[{"href":"https:\/\/identity-communication.fr\/index.php\/wp-json\/wp\/v2\/media?parent=85"}],"curies":[{"name":"wp","href":"https:\/\/api.w.org\/{rel}","templated":true}]}}