{"id":83,"date":"2020-05-19T10:14:56","date_gmt":"2020-05-19T08:14:56","guid":{"rendered":"http:\/\/identity-communication.fr\/?page_id=83"},"modified":"2025-02-24T17:04:29","modified_gmt":"2025-02-24T16:04:29","slug":"conseils","status":"publish","type":"page","link":"https:\/\/identity-communication.fr\/index.php\/conseils\/","title":{"rendered":"Conseils"},"content":{"rendered":"\t\t<div data-elementor-type=\"wp-page\" data-elementor-id=\"83\" class=\"elementor elementor-83\">\n\t\t\t\t\t\t<section class=\"elementor-section elementor-top-section elementor-element elementor-element-63e28c4 elementor-section-boxed elementor-section-height-default elementor-section-height-default\" data-id=\"63e28c4\" data-element_type=\"section\" data-e-type=\"section\">\n\t\t\t\t\t\t<div class=\"elementor-container elementor-column-gap-default\">\n\t\t\t\t\t<div class=\"elementor-column elementor-col-100 elementor-top-column elementor-element elementor-element-aef9bce\" data-id=\"aef9bce\" data-element_type=\"column\" data-e-type=\"column\">\n\t\t\t<div class=\"elementor-widget-wrap elementor-element-populated\">\n\t\t\t\t\t\t<div class=\"elementor-element elementor-element-42d67d1 elementor-widget elementor-widget-image\" data-id=\"42d67d1\" data-element_type=\"widget\" data-e-type=\"widget\" data-widget_type=\"image.default\">\n\t\t\t\t<div class=\"elementor-widget-container\">\n\t\t\t\t\t\t\t\t\t\t\t\t\t\t\t<img decoding=\"async\" width=\"203\" height=\"195\" src=\"https:\/\/identity-communication.fr\/wp-content\/uploads\/2020\/06\/PictoConseilCouleur-2.png\" class=\"attachment-large size-large wp-image-1002\" alt=\"\" \/>\t\t\t\t\t\t\t\t\t\t\t\t\t\t\t<\/div>\n\t\t\t\t<\/div>\n\t\t\t\t\t<\/div>\n\t\t<\/div>\n\t\t\t\t\t<\/div>\n\t\t<\/section>\n\t\t\t\t<section class=\"elementor-section elementor-top-section elementor-element elementor-element-51ae6c2 elementor-section-boxed elementor-section-height-default elementor-section-height-default\" data-id=\"51ae6c2\" data-element_type=\"section\" data-e-type=\"section\">\n\t\t\t\t\t\t<div class=\"elementor-container elementor-column-gap-default\">\n\t\t\t\t\t<div class=\"elementor-column elementor-col-100 elementor-top-column elementor-element elementor-element-58dd48c\" data-id=\"58dd48c\" data-element_type=\"column\" data-e-type=\"column\">\n\t\t\t<div class=\"elementor-widget-wrap elementor-element-populated\">\n\t\t\t\t\t\t<div class=\"elementor-element elementor-element-22b0796 elementor-widget elementor-widget-spacer\" data-id=\"22b0796\" data-element_type=\"widget\" data-e-type=\"widget\" data-widget_type=\"spacer.default\">\n\t\t\t\t<div class=\"elementor-widget-container\">\n\t\t\t\t\t\t\t<div class=\"elementor-spacer\">\n\t\t\t<div class=\"elementor-spacer-inner\"><\/div>\n\t\t<\/div>\n\t\t\t\t\t\t<\/div>\n\t\t\t\t<\/div>\n\t\t\t\t\t<\/div>\n\t\t<\/div>\n\t\t\t\t\t<\/div>\n\t\t<\/section>\n\t\t\t\t<section class=\"elementor-section elementor-top-section elementor-element elementor-element-677d4fe elementor-section-boxed elementor-section-height-default elementor-section-height-default\" data-id=\"677d4fe\" data-element_type=\"section\" data-e-type=\"section\">\n\t\t\t\t\t\t<div class=\"elementor-container elementor-column-gap-default\">\n\t\t\t\t\t<div class=\"elementor-column elementor-col-50 elementor-top-column elementor-element elementor-element-57054dc\" data-id=\"57054dc\" data-element_type=\"column\" data-e-type=\"column\">\n\t\t\t<div class=\"elementor-widget-wrap elementor-element-populated\">\n\t\t\t\t\t\t<div class=\"elementor-element elementor-element-8d45096 elementor-widget elementor-widget-image\" data-id=\"8d45096\" data-element_type=\"widget\" data-e-type=\"widget\" data-widget_type=\"image.default\">\n\t\t\t\t<div class=\"elementor-widget-container\">\n\t\t\t\t\t\t\t\t\t\t\t\t\t\t\t<img fetchpriority=\"high\" decoding=\"async\" width=\"1024\" height=\"766\" src=\"https:\/\/identity-communication.fr\/wp-content\/uploads\/2020\/06\/ConseilImage-1024x766.jpg\" class=\"attachment-large size-large wp-image-942\" alt=\"\" srcset=\"https:\/\/identity-communication.fr\/wp-content\/uploads\/2020\/06\/ConseilImage-1024x766.jpg 1024w, https:\/\/identity-communication.fr\/wp-content\/uploads\/2020\/06\/ConseilImage-300x224.jpg 300w, https:\/\/identity-communication.fr\/wp-content\/uploads\/2020\/06\/ConseilImage-768x574.jpg 768w, https:\/\/identity-communication.fr\/wp-content\/uploads\/2020\/06\/ConseilImage-1536x1149.jpg 1536w, https:\/\/identity-communication.fr\/wp-content\/uploads\/2020\/06\/ConseilImage-2048x1532.jpg 2048w, https:\/\/identity-communication.fr\/wp-content\/uploads\/2020\/06\/ConseilImage-960x718.jpg 960w\" sizes=\"(max-width: 1024px) 100vw, 1024px\" \/>\t\t\t\t\t\t\t\t\t\t\t\t\t\t\t<\/div>\n\t\t\t\t<\/div>\n\t\t\t\t\t<\/div>\n\t\t<\/div>\n\t\t\t\t<div class=\"elementor-column elementor-col-50 elementor-top-column elementor-element elementor-element-0ed8cbc\" data-id=\"0ed8cbc\" data-element_type=\"column\" data-e-type=\"column\">\n\t\t\t<div class=\"elementor-widget-wrap elementor-element-populated\">\n\t\t\t\t\t\t<div class=\"elementor-element elementor-element-4990cd4 elementor-widget elementor-widget-text-editor\" data-id=\"4990cd4\" data-element_type=\"widget\" data-e-type=\"widget\" data-widget_type=\"text-editor.default\">\n\t\t\t\t<div class=\"elementor-widget-container\">\n\t\t\t\t\t\t\t\t\t<p><strong>Comment bien communiquer ?<\/strong><\/p><p><strong>Aujourd&rsquo;hui il est difficile de savoir comment communiquer efficacement.\u00a0<\/strong><span style=\"letter-spacing: 0px;\">Chaque interlocuteur commercial d\u00e9fend son support mais aucun ne vous apporte une vue d&rsquo;ensemble r\u00e9ellement b\u00e9n\u00e9fique pour vous.<\/span><\/p><p>C\u2019est donc en \u00e9changeant avec vous qu\u2019<strong>Identity Communication<\/strong> sera en mesure de vous proposer les supports les plus adapt\u00e9s\u2026 Communication de masse, marketing direct, web ainsi que tous les supports pertinents en phase avec votre \u00e9v\u00e9nement du moment.<\/p><p><strong>Suite \u00e0 ce travail, nous vous proposons un \u00ab\u00a0plan de communication\u00a0\u00bb<\/strong>\u00a0afin de pr\u00e9voir votre communication et vos investissements publicitaires. Une fois que nous avons \u00e9chang\u00e9 sur ce projet, nous mettons en place une organisation.<\/p>\t\t\t\t\t\t\t\t<\/div>\n\t\t\t\t<\/div>\n\t\t\t\t\t<\/div>\n\t\t<\/div>\n\t\t\t\t\t<\/div>\n\t\t<\/section>\n\t\t\t\t<section class=\"elementor-section elementor-top-section elementor-element elementor-element-6ae1353 elementor-section-boxed elementor-section-height-default elementor-section-height-default\" data-id=\"6ae1353\" data-element_type=\"section\" data-e-type=\"section\">\n\t\t\t\t\t\t<div class=\"elementor-container elementor-column-gap-default\">\n\t\t\t\t\t<div class=\"elementor-column elementor-col-100 elementor-top-column elementor-element elementor-element-147f5c1\" data-id=\"147f5c1\" data-element_type=\"column\" data-e-type=\"column\">\n\t\t\t<div class=\"elementor-widget-wrap elementor-element-populated\">\n\t\t\t\t\t\t<div class=\"elementor-element elementor-element-e3f72d7 elementor-widget elementor-widget-spacer\" data-id=\"e3f72d7\" data-element_type=\"widget\" data-e-type=\"widget\" data-widget_type=\"spacer.default\">\n\t\t\t\t<div class=\"elementor-widget-container\">\n\t\t\t\t\t\t\t<div class=\"elementor-spacer\">\n\t\t\t<div class=\"elementor-spacer-inner\"><\/div>\n\t\t<\/div>\n\t\t\t\t\t\t<\/div>\n\t\t\t\t<\/div>\n\t\t\t\t\t<\/div>\n\t\t<\/div>\n\t\t\t\t\t<\/div>\n\t\t<\/section>\n\t\t\t\t<section class=\"elementor-section elementor-top-section elementor-element elementor-element-103250b elementor-section-boxed elementor-section-height-default elementor-section-height-default\" data-id=\"103250b\" data-element_type=\"section\" data-e-type=\"section\">\n\t\t\t\t\t\t<div class=\"elementor-container elementor-column-gap-default\">\n\t\t\t\t\t<div class=\"elementor-column elementor-col-33 elementor-top-column elementor-element elementor-element-eb8a0d0\" data-id=\"eb8a0d0\" data-element_type=\"column\" data-e-type=\"column\">\n\t\t\t<div class=\"elementor-widget-wrap elementor-element-populated\">\n\t\t\t\t\t\t<div class=\"elementor-element elementor-element-10fd408 elementor-widget elementor-widget-image\" data-id=\"10fd408\" data-element_type=\"widget\" data-e-type=\"widget\" data-widget_type=\"image.default\">\n\t\t\t\t<div class=\"elementor-widget-container\">\n\t\t\t\t\t\t\t\t\t\t\t\t\t\t\t<img decoding=\"async\" src=\"https:\/\/identity-communication.fr\/wp-content\/uploads\/2020\/06\/PictoEcoute1-1.png\" title=\"PictoEcoute1\" alt=\"PictoEcoute1\" loading=\"lazy\" \/>\t\t\t\t\t\t\t\t\t\t\t\t\t\t\t<\/div>\n\t\t\t\t<\/div>\n\t\t\t\t<div class=\"elementor-element elementor-element-b3504c6 elementor-widget elementor-widget-text-editor\" data-id=\"b3504c6\" data-element_type=\"widget\" data-e-type=\"widget\" data-widget_type=\"text-editor.default\">\n\t\t\t\t<div class=\"elementor-widget-container\">\n\t\t\t\t\t\t\t\t\t<p>\u00c9coute de votre projet<\/p>\t\t\t\t\t\t\t\t<\/div>\n\t\t\t\t<\/div>\n\t\t\t\t\t<\/div>\n\t\t<\/div>\n\t\t\t\t<div class=\"elementor-column elementor-col-33 elementor-top-column elementor-element elementor-element-abc704a\" data-id=\"abc704a\" data-element_type=\"column\" data-e-type=\"column\">\n\t\t\t<div class=\"elementor-widget-wrap elementor-element-populated\">\n\t\t\t\t\t\t<div class=\"elementor-element elementor-element-e2690ea elementor-widget elementor-widget-image\" data-id=\"e2690ea\" data-element_type=\"widget\" data-e-type=\"widget\" data-widget_type=\"image.default\">\n\t\t\t\t<div class=\"elementor-widget-container\">\n\t\t\t\t\t\t\t\t\t\t\t\t\t\t\t<img decoding=\"async\" src=\"https:\/\/identity-communication.fr\/wp-content\/uploads\/2020\/06\/PictoAnalyse.png\" title=\"PictoAnalyse\" alt=\"PictoAnalyse\" loading=\"lazy\" \/>\t\t\t\t\t\t\t\t\t\t\t\t\t\t\t<\/div>\n\t\t\t\t<\/div>\n\t\t\t\t<div class=\"elementor-element elementor-element-a81d224 elementor-widget elementor-widget-text-editor\" data-id=\"a81d224\" data-element_type=\"widget\" data-e-type=\"widget\" data-widget_type=\"text-editor.default\">\n\t\t\t\t<div class=\"elementor-widget-container\">\n\t\t\t\t\t\t\t\t\t<p>Analyse des solutions \u00e0 mettre en place<\/p>\t\t\t\t\t\t\t\t<\/div>\n\t\t\t\t<\/div>\n\t\t\t\t\t<\/div>\n\t\t<\/div>\n\t\t\t\t<div class=\"elementor-column elementor-col-33 elementor-top-column elementor-element elementor-element-2af812d\" data-id=\"2af812d\" data-element_type=\"column\" data-e-type=\"column\">\n\t\t\t<div class=\"elementor-widget-wrap elementor-element-populated\">\n\t\t\t\t\t\t<div class=\"elementor-element elementor-element-d96b92f elementor-widget elementor-widget-image\" data-id=\"d96b92f\" data-element_type=\"widget\" data-e-type=\"widget\" data-widget_type=\"image.default\">\n\t\t\t\t<div class=\"elementor-widget-container\">\n\t\t\t\t\t\t\t\t\t\t\t\t\t\t\t<img decoding=\"async\" src=\"https:\/\/identity-communication.fr\/wp-content\/uploads\/2020\/06\/PictoId\u00e9e-2.png\" title=\"PictoId\u00e9e\" alt=\"PictoId\u00e9e\" loading=\"lazy\" \/>\t\t\t\t\t\t\t\t\t\t\t\t\t\t\t<\/div>\n\t\t\t\t<\/div>\n\t\t\t\t<div class=\"elementor-element elementor-element-47dcea3 elementor-widget elementor-widget-text-editor\" data-id=\"47dcea3\" data-element_type=\"widget\" data-e-type=\"widget\" data-widget_type=\"text-editor.default\">\n\t\t\t\t<div class=\"elementor-widget-container\">\n\t\t\t\t\t\t\t\t\t<p>Proposition des supports les plus adapt\u00e9s<\/p>\t\t\t\t\t\t\t\t<\/div>\n\t\t\t\t<\/div>\n\t\t\t\t\t<\/div>\n\t\t<\/div>\n\t\t\t\t\t<\/div>\n\t\t<\/section>\n\t\t\t\t<\/div>\n\t\t","protected":false},"excerpt":{"rendered":"<p>Comment bien communiquer ? Aujourd&rsquo;hui il est difficile de savoir comment communiquer efficacement.\u00a0Chaque interlocuteur commercial d\u00e9fend son support mais aucun ne vous apporte une vue d&rsquo;ensemble r\u00e9ellement b\u00e9n\u00e9fique pour vous. C\u2019est donc en \u00e9changeant avec vous qu\u2019Identity Communication sera en mesure de vous proposer les supports les plus adapt\u00e9s\u2026 Communication de masse, marketing direct, web&#8230;<\/p>\n","protected":false},"author":1,"featured_media":0,"parent":0,"menu_order":0,"comment_status":"closed","ping_status":"closed","template":"","meta":{"footnotes":""},"class_list":["post-83","page","type-page","status-publish","hentry"],"yoast_head":"<!-- This site is optimized with the Yoast SEO plugin v24.5 - https:\/\/yoast.com\/wordpress\/plugins\/seo\/ -->\n<title>Conseils - Identity Communication<\/title>\n<meta name=\"description\" content=\"Identity Communication vous accompagne pour choisir les supports les plus efficaces et optimiser vos investissements publicitaires.\" \/>\n<meta name=\"robots\" content=\"index, follow, max-snippet:-1, max-image-preview:large, max-video-preview:-1\" \/>\n<link rel=\"canonical\" href=\"https:\/\/identity-communication.fr\/index.php\/conseils\/\" \/>\n<meta property=\"og:locale\" content=\"fr_FR\" \/>\n<meta property=\"og:type\" content=\"article\" \/>\n<meta property=\"og:title\" content=\"Conseils - Identity Communication\" \/>\n<meta property=\"og:description\" content=\"Identity Communication vous accompagne pour choisir les supports les plus efficaces et optimiser vos investissements publicitaires.\" \/>\n<meta property=\"og:url\" content=\"https:\/\/identity-communication.fr\/index.php\/conseils\/\" \/>\n<meta property=\"og:site_name\" content=\"Identity Communication\" \/>\n<meta property=\"article:modified_time\" content=\"2025-02-24T16:04:29+00:00\" \/>\n<meta property=\"og:image\" content=\"http:\/\/identity-communication.fr\/wp-content\/uploads\/2020\/06\/PictoConseilCouleur-2.png\" \/>\n<meta name=\"twitter:card\" content=\"summary_large_image\" \/>\n<meta name=\"twitter:label1\" content=\"Dur\u00e9e de lecture estim\u00e9e\" \/>\n\t<meta name=\"twitter:data1\" content=\"2 minutes\" \/>\n<script type=\"application\/ld+json\" class=\"yoast-schema-graph\">{\"@context\":\"https:\/\/schema.org\",\"@graph\":[{\"@type\":\"WebPage\",\"@id\":\"https:\/\/identity-communication.fr\/index.php\/conseils\/\",\"url\":\"https:\/\/identity-communication.fr\/index.php\/conseils\/\",\"name\":\"Conseils - Identity Communication\",\"isPartOf\":{\"@id\":\"https:\/\/identity-communication.fr\/#website\"},\"primaryImageOfPage\":{\"@id\":\"https:\/\/identity-communication.fr\/index.php\/conseils\/#primaryimage\"},\"image\":{\"@id\":\"https:\/\/identity-communication.fr\/index.php\/conseils\/#primaryimage\"},\"thumbnailUrl\":\"http:\/\/identity-communication.fr\/wp-content\/uploads\/2020\/06\/PictoConseilCouleur-2.png\",\"datePublished\":\"2020-05-19T08:14:56+00:00\",\"dateModified\":\"2025-02-24T16:04:29+00:00\",\"description\":\"Identity Communication vous accompagne pour choisir les supports les plus efficaces et optimiser vos investissements publicitaires.\",\"breadcrumb\":{\"@id\":\"https:\/\/identity-communication.fr\/index.php\/conseils\/#breadcrumb\"},\"inLanguage\":\"fr-FR\",\"potentialAction\":[{\"@type\":\"ReadAction\",\"target\":[\"https:\/\/identity-communication.fr\/index.php\/conseils\/\"]}]},{\"@type\":\"ImageObject\",\"inLanguage\":\"fr-FR\",\"@id\":\"https:\/\/identity-communication.fr\/index.php\/conseils\/#primaryimage\",\"url\":\"http:\/\/identity-communication.fr\/wp-content\/uploads\/2020\/06\/PictoConseilCouleur-2.png\",\"contentUrl\":\"http:\/\/identity-communication.fr\/wp-content\/uploads\/2020\/06\/PictoConseilCouleur-2.png\"},{\"@type\":\"BreadcrumbList\",\"@id\":\"https:\/\/identity-communication.fr\/index.php\/conseils\/#breadcrumb\",\"itemListElement\":[{\"@type\":\"ListItem\",\"position\":1,\"name\":\"Accueil\",\"item\":\"https:\/\/identity-communication.fr\/\"},{\"@type\":\"ListItem\",\"position\":2,\"name\":\"Conseils\"}]},{\"@type\":\"WebSite\",\"@id\":\"https:\/\/identity-communication.fr\/#website\",\"url\":\"https:\/\/identity-communication.fr\/\",\"name\":\"Identity Communication\",\"description\":\"Votre agence multim\u00e9dia \u00e0 Voiron\",\"potentialAction\":[{\"@type\":\"SearchAction\",\"target\":{\"@type\":\"EntryPoint\",\"urlTemplate\":\"https:\/\/identity-communication.fr\/?s={search_term_string}\"},\"query-input\":{\"@type\":\"PropertyValueSpecification\",\"valueRequired\":true,\"valueName\":\"search_term_string\"}}],\"inLanguage\":\"fr-FR\"}]}<\/script>\n<!-- \/ Yoast SEO plugin. -->","yoast_head_json":{"title":"Conseils - Identity Communication","description":"Identity Communication vous accompagne pour choisir les supports les plus efficaces et optimiser vos investissements publicitaires.","robots":{"index":"index","follow":"follow","max-snippet":"max-snippet:-1","max-image-preview":"max-image-preview:large","max-video-preview":"max-video-preview:-1"},"canonical":"https:\/\/identity-communication.fr\/index.php\/conseils\/","og_locale":"fr_FR","og_type":"article","og_title":"Conseils - Identity Communication","og_description":"Identity Communication vous accompagne pour choisir les supports les plus efficaces et optimiser vos investissements publicitaires.","og_url":"https:\/\/identity-communication.fr\/index.php\/conseils\/","og_site_name":"Identity Communication","article_modified_time":"2025-02-24T16:04:29+00:00","og_image":[{"url":"http:\/\/identity-communication.fr\/wp-content\/uploads\/2020\/06\/PictoConseilCouleur-2.png","type":"","width":"","height":""}],"twitter_card":"summary_large_image","twitter_misc":{"Dur\u00e9e de lecture estim\u00e9e":"2 minutes"},"schema":{"@context":"https:\/\/schema.org","@graph":[{"@type":"WebPage","@id":"https:\/\/identity-communication.fr\/index.php\/conseils\/","url":"https:\/\/identity-communication.fr\/index.php\/conseils\/","name":"Conseils - Identity Communication","isPartOf":{"@id":"https:\/\/identity-communication.fr\/#website"},"primaryImageOfPage":{"@id":"https:\/\/identity-communication.fr\/index.php\/conseils\/#primaryimage"},"image":{"@id":"https:\/\/identity-communication.fr\/index.php\/conseils\/#primaryimage"},"thumbnailUrl":"http:\/\/identity-communication.fr\/wp-content\/uploads\/2020\/06\/PictoConseilCouleur-2.png","datePublished":"2020-05-19T08:14:56+00:00","dateModified":"2025-02-24T16:04:29+00:00","description":"Identity Communication vous accompagne pour choisir les supports les plus efficaces et optimiser vos investissements publicitaires.","breadcrumb":{"@id":"https:\/\/identity-communication.fr\/index.php\/conseils\/#breadcrumb"},"inLanguage":"fr-FR","potentialAction":[{"@type":"ReadAction","target":["https:\/\/identity-communication.fr\/index.php\/conseils\/"]}]},{"@type":"ImageObject","inLanguage":"fr-FR","@id":"https:\/\/identity-communication.fr\/index.php\/conseils\/#primaryimage","url":"http:\/\/identity-communication.fr\/wp-content\/uploads\/2020\/06\/PictoConseilCouleur-2.png","contentUrl":"http:\/\/identity-communication.fr\/wp-content\/uploads\/2020\/06\/PictoConseilCouleur-2.png"},{"@type":"BreadcrumbList","@id":"https:\/\/identity-communication.fr\/index.php\/conseils\/#breadcrumb","itemListElement":[{"@type":"ListItem","position":1,"name":"Accueil","item":"https:\/\/identity-communication.fr\/"},{"@type":"ListItem","position":2,"name":"Conseils"}]},{"@type":"WebSite","@id":"https:\/\/identity-communication.fr\/#website","url":"https:\/\/identity-communication.fr\/","name":"Identity Communication","description":"Votre agence multim\u00e9dia \u00e0 Voiron","potentialAction":[{"@type":"SearchAction","target":{"@type":"EntryPoint","urlTemplate":"https:\/\/identity-communication.fr\/?s={search_term_string}"},"query-input":{"@type":"PropertyValueSpecification","valueRequired":true,"valueName":"search_term_string"}}],"inLanguage":"fr-FR"}]}},"_links":{"self":[{"href":"https:\/\/identity-communication.fr\/index.php\/wp-json\/wp\/v2\/pages\/83","targetHints":{"allow":["GET"]}}],"collection":[{"href":"https:\/\/identity-communication.fr\/index.php\/wp-json\/wp\/v2\/pages"}],"about":[{"href":"https:\/\/identity-communication.fr\/index.php\/wp-json\/wp\/v2\/types\/page"}],"author":[{"embeddable":true,"href":"https:\/\/identity-communication.fr\/index.php\/wp-json\/wp\/v2\/users\/1"}],"replies":[{"embeddable":true,"href":"https:\/\/identity-communication.fr\/index.php\/wp-json\/wp\/v2\/comments?post=83"}],"version-history":[{"count":45,"href":"https:\/\/identity-communication.fr\/index.php\/wp-json\/wp\/v2\/pages\/83\/revisions"}],"predecessor-version":[{"id":1619,"href":"https:\/\/identity-communication.fr\/index.php\/wp-json\/wp\/v2\/pages\/83\/revisions\/1619"}],"wp:attachment":[{"href":"https:\/\/identity-communication.fr\/index.php\/wp-json\/wp\/v2\/media?parent=83"}],"curies":[{"name":"wp","href":"https:\/\/api.w.org\/{rel}","templated":true}]}}