{"id":719,"date":"2020-01-24T11:34:57","date_gmt":"2020-01-24T11:34:57","guid":{"rendered":"https:\/\/demo.shadow-themes.com\/wp\/ashade\/?page_id=62"},"modified":"2025-02-25T09:04:20","modified_gmt":"2025-02-25T08:04:20","slug":"accueil","status":"publish","type":"page","link":"https:\/\/identity-communication.fr\/","title":{"rendered":"Accueil"},"content":{"rendered":"","protected":false},"excerpt":{"rendered":"","protected":false},"author":1,"featured_media":0,"parent":0,"menu_order":0,"comment_status":"closed","ping_status":"closed","template":"page-home.php","meta":{"footnotes":""},"class_list":["post-719","page","type-page","status-publish","hentry"],"yoast_head":"<!-- This site is optimized with the Yoast SEO plugin v24.5 - https:\/\/yoast.com\/wordpress\/plugins\/seo\/ -->\n<title>Identity Communication - Agence de communication 360\u00b0 en Is\u00e8re<\/title>\n<meta name=\"description\" content=\"Agence de communication situ\u00e9e entre Grenoble et Lyon, on vous accompagne dans vos projets cr\u00e9atifs pour d\u00e9velopper votre identit\u00e9 visuelle.\" \/>\n<meta name=\"robots\" content=\"index, follow, max-snippet:-1, max-image-preview:large, max-video-preview:-1\" \/>\n<link rel=\"canonical\" href=\"https:\/\/identity-communication.fr\/\" \/>\n<meta property=\"og:locale\" content=\"fr_FR\" \/>\n<meta property=\"og:type\" content=\"article\" \/>\n<meta property=\"og:title\" content=\"Identity Communication - Agence de communication 360\u00b0 en Is\u00e8re\" \/>\n<meta property=\"og:description\" content=\"Agence de communication situ\u00e9e entre Grenoble et Lyon, on vous accompagne dans vos projets cr\u00e9atifs pour d\u00e9velopper votre identit\u00e9 visuelle.\" \/>\n<meta property=\"og:url\" content=\"https:\/\/identity-communication.fr\/\" \/>\n<meta property=\"og:site_name\" content=\"Identity Communication\" \/>\n<meta property=\"article:modified_time\" content=\"2025-02-25T08:04:20+00:00\" \/>\n<meta name=\"twitter:card\" content=\"summary_large_image\" \/>\n<script type=\"application\/ld+json\" class=\"yoast-schema-graph\">{\"@context\":\"https:\/\/schema.org\",\"@graph\":[{\"@type\":\"WebPage\",\"@id\":\"https:\/\/identity-communication.fr\/\",\"url\":\"https:\/\/identity-communication.fr\/\",\"name\":\"Identity Communication - Agence de communication 360\u00b0 en Is\u00e8re\",\"isPartOf\":{\"@id\":\"https:\/\/identity-communication.fr\/#website\"},\"datePublished\":\"2020-01-24T11:34:57+00:00\",\"dateModified\":\"2025-02-25T08:04:20+00:00\",\"description\":\"Agence de communication situ\u00e9e entre Grenoble et Lyon, on vous accompagne dans vos projets cr\u00e9atifs pour d\u00e9velopper votre identit\u00e9 visuelle.\",\"breadcrumb\":{\"@id\":\"https:\/\/identity-communication.fr\/#breadcrumb\"},\"inLanguage\":\"fr-FR\",\"potentialAction\":[{\"@type\":\"ReadAction\",\"target\":[\"https:\/\/identity-communication.fr\/\"]}]},{\"@type\":\"BreadcrumbList\",\"@id\":\"https:\/\/identity-communication.fr\/#breadcrumb\",\"itemListElement\":[{\"@type\":\"ListItem\",\"position\":1,\"name\":\"Accueil\",\"item\":\"https:\/\/identity-communication.fr\/\"},{\"@type\":\"ListItem\",\"position\":2,\"name\":\"Accueil\"}]},{\"@type\":\"WebSite\",\"@id\":\"https:\/\/identity-communication.fr\/#website\",\"url\":\"https:\/\/identity-communication.fr\/\",\"name\":\"Identity Communication\",\"description\":\"Votre agence multim\u00e9dia \u00e0 Voiron\",\"potentialAction\":[{\"@type\":\"SearchAction\",\"target\":{\"@type\":\"EntryPoint\",\"urlTemplate\":\"https:\/\/identity-communication.fr\/?s={search_term_string}\"},\"query-input\":{\"@type\":\"PropertyValueSpecification\",\"valueRequired\":true,\"valueName\":\"search_term_string\"}}],\"inLanguage\":\"fr-FR\"}]}<\/script>\n<!-- \/ Yoast SEO plugin. -->","yoast_head_json":{"title":"Identity Communication - Agence de communication 360\u00b0 en Is\u00e8re","description":"Agence de communication situ\u00e9e entre Grenoble et Lyon, on vous accompagne dans vos projets cr\u00e9atifs pour d\u00e9velopper votre identit\u00e9 visuelle.","robots":{"index":"index","follow":"follow","max-snippet":"max-snippet:-1","max-image-preview":"max-image-preview:large","max-video-preview":"max-video-preview:-1"},"canonical":"https:\/\/identity-communication.fr\/","og_locale":"fr_FR","og_type":"article","og_title":"Identity Communication - Agence de communication 360\u00b0 en Is\u00e8re","og_description":"Agence de communication situ\u00e9e entre Grenoble et Lyon, on vous accompagne dans vos projets cr\u00e9atifs pour d\u00e9velopper votre identit\u00e9 visuelle.","og_url":"https:\/\/identity-communication.fr\/","og_site_name":"Identity Communication","article_modified_time":"2025-02-25T08:04:20+00:00","twitter_card":"summary_large_image","schema":{"@context":"https:\/\/schema.org","@graph":[{"@type":"WebPage","@id":"https:\/\/identity-communication.fr\/","url":"https:\/\/identity-communication.fr\/","name":"Identity Communication - Agence de communication 360\u00b0 en Is\u00e8re","isPartOf":{"@id":"https:\/\/identity-communication.fr\/#website"},"datePublished":"2020-01-24T11:34:57+00:00","dateModified":"2025-02-25T08:04:20+00:00","description":"Agence de communication situ\u00e9e entre Grenoble et Lyon, on vous accompagne dans vos projets cr\u00e9atifs pour d\u00e9velopper votre identit\u00e9 visuelle.","breadcrumb":{"@id":"https:\/\/identity-communication.fr\/#breadcrumb"},"inLanguage":"fr-FR","potentialAction":[{"@type":"ReadAction","target":["https:\/\/identity-communication.fr\/"]}]},{"@type":"BreadcrumbList","@id":"https:\/\/identity-communication.fr\/#breadcrumb","itemListElement":[{"@type":"ListItem","position":1,"name":"Accueil","item":"https:\/\/identity-communication.fr\/"},{"@type":"ListItem","position":2,"name":"Accueil"}]},{"@type":"WebSite","@id":"https:\/\/identity-communication.fr\/#website","url":"https:\/\/identity-communication.fr\/","name":"Identity Communication","description":"Votre agence multim\u00e9dia \u00e0 Voiron","potentialAction":[{"@type":"SearchAction","target":{"@type":"EntryPoint","urlTemplate":"https:\/\/identity-communication.fr\/?s={search_term_string}"},"query-input":{"@type":"PropertyValueSpecification","valueRequired":true,"valueName":"search_term_string"}}],"inLanguage":"fr-FR"}]}},"_links":{"self":[{"href":"https:\/\/identity-communication.fr\/index.php\/wp-json\/wp\/v2\/pages\/719","targetHints":{"allow":["GET"]}}],"collection":[{"href":"https:\/\/identity-communication.fr\/index.php\/wp-json\/wp\/v2\/pages"}],"about":[{"href":"https:\/\/identity-communication.fr\/index.php\/wp-json\/wp\/v2\/types\/page"}],"author":[{"embeddable":true,"href":"https:\/\/identity-communication.fr\/index.php\/wp-json\/wp\/v2\/users\/1"}],"replies":[{"embeddable":true,"href":"https:\/\/identity-communication.fr\/index.php\/wp-json\/wp\/v2\/comments?post=719"}],"version-history":[{"count":2,"href":"https:\/\/identity-communication.fr\/index.php\/wp-json\/wp\/v2\/pages\/719\/revisions"}],"predecessor-version":[{"id":1665,"href":"https:\/\/identity-communication.fr\/index.php\/wp-json\/wp\/v2\/pages\/719\/revisions\/1665"}],"wp:attachment":[{"href":"https:\/\/identity-communication.fr\/index.php\/wp-json\/wp\/v2\/media?parent=719"}],"curies":[{"name":"wp","href":"https:\/\/api.w.org\/{rel}","templated":true}]}}