{"id":53,"date":"2020-05-19T10:03:38","date_gmt":"2020-05-19T08:03:38","guid":{"rendered":"http:\/\/identity-communication.fr\/?page_id=53"},"modified":"2025-02-25T16:50:49","modified_gmt":"2025-02-25T15:50:49","slug":"nos-supports","status":"publish","type":"page","link":"https:\/\/identity-communication.fr\/index.php\/nos-supports\/","title":{"rendered":"Nos supports"},"content":{"rendered":"\t\t<div data-elementor-type=\"wp-page\" data-elementor-id=\"53\" class=\"elementor elementor-53\">\n\t\t\t\t\t\t<section class=\"elementor-section elementor-top-section elementor-element elementor-element-7f2ec20 elementor-section-boxed elementor-section-height-default elementor-section-height-default\" data-id=\"7f2ec20\" data-element_type=\"section\" data-e-type=\"section\">\n\t\t\t\t\t\t<div class=\"elementor-container elementor-column-gap-default\">\n\t\t\t\t\t<div class=\"elementor-column elementor-col-33 elementor-top-column elementor-element elementor-element-ab8d26b\" data-id=\"ab8d26b\" data-element_type=\"column\" data-e-type=\"column\">\n\t\t\t<div class=\"elementor-widget-wrap elementor-element-populated\">\n\t\t\t\t\t\t<div class=\"elementor-element elementor-element-8793afb elementor-widget elementor-widget-image\" data-id=\"8793afb\" data-element_type=\"widget\" data-e-type=\"widget\" data-widget_type=\"image.default\">\n\t\t\t\t<div class=\"elementor-widget-container\">\n\t\t\t\t\t\t\t\t\t\t\t\t\t\t\t<img decoding=\"async\" src=\"https:\/\/identity-communication.fr\/wp-content\/uploads\/2020\/06\/Carte-de-visite-1-scaled.jpg\" title=\"Carte de visite\" alt=\"Carte de visite\" loading=\"lazy\" \/>\t\t\t\t\t\t\t\t\t\t\t\t\t\t\t<\/div>\n\t\t\t\t<\/div>\n\t\t\t\t<div class=\"elementor-element elementor-element-59f4d69 elementor-widget elementor-widget-text-editor\" data-id=\"59f4d69\" data-element_type=\"widget\" data-e-type=\"widget\" data-widget_type=\"text-editor.default\">\n\t\t\t\t<div class=\"elementor-widget-container\">\n\t\t\t\t\t\t\t\t\t<p>Supports papier<\/p>\t\t\t\t\t\t\t\t<\/div>\n\t\t\t\t<\/div>\n\t\t\t\t<div class=\"elementor-element elementor-element-d8363b9 elementor-align-center elementor-widget elementor-widget-button\" data-id=\"d8363b9\" data-element_type=\"widget\" data-e-type=\"widget\" data-widget_type=\"button.default\">\n\t\t\t\t<div class=\"elementor-widget-container\">\n\t\t\t\t\t\t\t\t\t<div class=\"elementor-button-wrapper\">\n\t\t\t\t\t<a class=\"elementor-button elementor-button-link elementor-size-sm\" href=\"http:\/\/identity-communication.fr\/index.php\/supports-papier\/\">\n\t\t\t\t\t\t<span class=\"elementor-button-content-wrapper\">\n\t\t\t\t\t\t\t\t\t<span class=\"elementor-button-text\">En savoir plus<\/span>\n\t\t\t\t\t<\/span>\n\t\t\t\t\t<\/a>\n\t\t\t\t<\/div>\n\t\t\t\t\t\t\t\t<\/div>\n\t\t\t\t<\/div>\n\t\t\t\t<div class=\"elementor-element elementor-element-83a23c4 elementor-widget elementor-widget-spacer\" data-id=\"83a23c4\" data-element_type=\"widget\" data-e-type=\"widget\" data-widget_type=\"spacer.default\">\n\t\t\t\t<div class=\"elementor-widget-container\">\n\t\t\t\t\t\t\t<div class=\"elementor-spacer\">\n\t\t\t<div class=\"elementor-spacer-inner\"><\/div>\n\t\t<\/div>\n\t\t\t\t\t\t<\/div>\n\t\t\t\t<\/div>\n\t\t\t\t<div class=\"elementor-element elementor-element-53acbf1 elementor-widget elementor-widget-spacer\" data-id=\"53acbf1\" data-element_type=\"widget\" data-e-type=\"widget\" data-widget_type=\"spacer.default\">\n\t\t\t\t<div class=\"elementor-widget-container\">\n\t\t\t\t\t\t\t<div class=\"elementor-spacer\">\n\t\t\t<div class=\"elementor-spacer-inner\"><\/div>\n\t\t<\/div>\n\t\t\t\t\t\t<\/div>\n\t\t\t\t<\/div>\n\t\t\t\t\t<\/div>\n\t\t<\/div>\n\t\t\t\t<div class=\"elementor-column elementor-col-33 elementor-top-column elementor-element elementor-element-ba863ad\" data-id=\"ba863ad\" data-element_type=\"column\" data-e-type=\"column\">\n\t\t\t<div class=\"elementor-widget-wrap elementor-element-populated\">\n\t\t\t\t\t\t<div class=\"elementor-element elementor-element-9aece87 elementor-widget elementor-widget-image\" data-id=\"9aece87\" data-element_type=\"widget\" data-e-type=\"widget\" data-widget_type=\"image.default\">\n\t\t\t\t<div class=\"elementor-widget-container\">\n\t\t\t\t\t\t\t\t\t\t\t\t\t\t\t<img decoding=\"async\" src=\"https:\/\/identity-communication.fr\/wp-content\/uploads\/2020\/06\/MockUpDef-scaled.jpg\" title=\"Set of digital devices screen mockup\" alt=\"Set of digital devices screen mockup\" loading=\"lazy\" \/>\t\t\t\t\t\t\t\t\t\t\t\t\t\t\t<\/div>\n\t\t\t\t<\/div>\n\t\t\t\t<div class=\"elementor-element elementor-element-6a28677 elementor-widget elementor-widget-text-editor\" data-id=\"6a28677\" data-element_type=\"widget\" data-e-type=\"widget\" data-widget_type=\"text-editor.default\">\n\t\t\t\t<div class=\"elementor-widget-container\">\n\t\t\t\t\t\t\t\t\t<p>Supports digitaux<\/p>\t\t\t\t\t\t\t\t<\/div>\n\t\t\t\t<\/div>\n\t\t\t\t<div class=\"elementor-element elementor-element-728f173 elementor-align-center elementor-widget elementor-widget-button\" data-id=\"728f173\" data-element_type=\"widget\" data-e-type=\"widget\" data-widget_type=\"button.default\">\n\t\t\t\t<div class=\"elementor-widget-container\">\n\t\t\t\t\t\t\t\t\t<div class=\"elementor-button-wrapper\">\n\t\t\t\t\t<a class=\"elementor-button elementor-button-link elementor-size-sm\" href=\"http:\/\/identity-communication.fr\/index.php\/supports-digitaux\/\">\n\t\t\t\t\t\t<span class=\"elementor-button-content-wrapper\">\n\t\t\t\t\t\t\t\t\t<span class=\"elementor-button-text\">En savoir plus<\/span>\n\t\t\t\t\t<\/span>\n\t\t\t\t\t<\/a>\n\t\t\t\t<\/div>\n\t\t\t\t\t\t\t\t<\/div>\n\t\t\t\t<\/div>\n\t\t\t\t<div class=\"elementor-element elementor-element-dee29a8 elementor-widget elementor-widget-spacer\" data-id=\"dee29a8\" data-element_type=\"widget\" data-e-type=\"widget\" data-widget_type=\"spacer.default\">\n\t\t\t\t<div class=\"elementor-widget-container\">\n\t\t\t\t\t\t\t<div class=\"elementor-spacer\">\n\t\t\t<div class=\"elementor-spacer-inner\"><\/div>\n\t\t<\/div>\n\t\t\t\t\t\t<\/div>\n\t\t\t\t<\/div>\n\t\t\t\t\t<\/div>\n\t\t<\/div>\n\t\t\t\t<div class=\"elementor-column elementor-col-33 elementor-top-column elementor-element elementor-element-02a3742\" data-id=\"02a3742\" data-element_type=\"column\" data-e-type=\"column\">\n\t\t\t<div class=\"elementor-widget-wrap elementor-element-populated\">\n\t\t\t\t\t\t<div class=\"elementor-element elementor-element-fadda9c elementor-widget elementor-widget-image\" data-id=\"fadda9c\" data-element_type=\"widget\" data-e-type=\"widget\" data-widget_type=\"image.default\">\n\t\t\t\t<div class=\"elementor-widget-container\">\n\t\t\t\t\t\t\t\t\t\t\t\t\t\t\t<img decoding=\"async\" src=\"https:\/\/identity-communication.fr\/wp-content\/uploads\/2020\/06\/Signal\u00e9tique-scaled.jpg\" title=\"Signal\u00e9tique\" alt=\"Signal\u00e9tique\" loading=\"lazy\" \/>\t\t\t\t\t\t\t\t\t\t\t\t\t\t\t<\/div>\n\t\t\t\t<\/div>\n\t\t\t\t<div class=\"elementor-element elementor-element-72e6e6f elementor-widget elementor-widget-text-editor\" data-id=\"72e6e6f\" data-element_type=\"widget\" data-e-type=\"widget\" data-widget_type=\"text-editor.default\">\n\t\t\t\t<div class=\"elementor-widget-container\">\n\t\t\t\t\t\t\t\t\t<p>Signal\u00e9tique \/ Enseigne<\/p>\t\t\t\t\t\t\t\t<\/div>\n\t\t\t\t<\/div>\n\t\t\t\t<div class=\"elementor-element elementor-element-b13c92f elementor-align-center elementor-widget elementor-widget-button\" data-id=\"b13c92f\" data-element_type=\"widget\" data-e-type=\"widget\" data-widget_type=\"button.default\">\n\t\t\t\t<div class=\"elementor-widget-container\">\n\t\t\t\t\t\t\t\t\t<div class=\"elementor-button-wrapper\">\n\t\t\t\t\t<a class=\"elementor-button elementor-button-link elementor-size-sm\" href=\"http:\/\/identity-communication.fr\/index.php\/signaletique-enseigne\/\">\n\t\t\t\t\t\t<span class=\"elementor-button-content-wrapper\">\n\t\t\t\t\t\t\t\t\t<span class=\"elementor-button-text\">eN savoir plus<\/span>\n\t\t\t\t\t<\/span>\n\t\t\t\t\t<\/a>\n\t\t\t\t<\/div>\n\t\t\t\t\t\t\t\t<\/div>\n\t\t\t\t<\/div>\n\t\t\t\t<div class=\"elementor-element elementor-element-aee4f9e elementor-widget elementor-widget-spacer\" data-id=\"aee4f9e\" data-element_type=\"widget\" data-e-type=\"widget\" data-widget_type=\"spacer.default\">\n\t\t\t\t<div class=\"elementor-widget-container\">\n\t\t\t\t\t\t\t<div class=\"elementor-spacer\">\n\t\t\t<div class=\"elementor-spacer-inner\"><\/div>\n\t\t<\/div>\n\t\t\t\t\t\t<\/div>\n\t\t\t\t<\/div>\n\t\t\t\t\t<\/div>\n\t\t<\/div>\n\t\t\t\t\t<\/div>\n\t\t<\/section>\n\t\t\t\t<section class=\"elementor-section elementor-top-section elementor-element elementor-element-a41c171 elementor-section-boxed elementor-section-height-default elementor-section-height-default\" data-id=\"a41c171\" data-element_type=\"section\" data-e-type=\"section\">\n\t\t\t\t\t\t<div class=\"elementor-container elementor-column-gap-default\">\n\t\t\t\t\t<div class=\"elementor-column elementor-col-33 elementor-top-column elementor-element elementor-element-c52b651\" data-id=\"c52b651\" data-element_type=\"column\" data-e-type=\"column\">\n\t\t\t<div class=\"elementor-widget-wrap elementor-element-populated\">\n\t\t\t\t\t\t<div class=\"elementor-element elementor-element-a2c5b8f elementor-widget elementor-widget-image\" data-id=\"a2c5b8f\" data-element_type=\"widget\" data-e-type=\"widget\" data-widget_type=\"image.default\">\n\t\t\t\t<div class=\"elementor-widget-container\">\n\t\t\t\t\t\t\t\t\t\t\t\t\t\t\t<img decoding=\"async\" src=\"https:\/\/identity-communication.fr\/wp-content\/uploads\/2020\/06\/Tee-SHirtNBCouelur-scaled.jpg\" title=\"Tee-SHirtNB&#038;Couelur\" alt=\"Tee-SHirtNB&amp;Couelur\" loading=\"lazy\" \/>\t\t\t\t\t\t\t\t\t\t\t\t\t\t\t<\/div>\n\t\t\t\t<\/div>\n\t\t\t\t<div class=\"elementor-element elementor-element-1b05ce4 elementor-widget elementor-widget-text-editor\" data-id=\"1b05ce4\" data-element_type=\"widget\" data-e-type=\"widget\" data-widget_type=\"text-editor.default\">\n\t\t\t\t<div class=\"elementor-widget-container\">\n\t\t\t\t\t\t\t\t\t<p>Textile<\/p>\t\t\t\t\t\t\t\t<\/div>\n\t\t\t\t<\/div>\n\t\t\t\t<div class=\"elementor-element elementor-element-ddcc158 elementor-align-center elementor-widget elementor-widget-button\" data-id=\"ddcc158\" data-element_type=\"widget\" data-e-type=\"widget\" data-widget_type=\"button.default\">\n\t\t\t\t<div class=\"elementor-widget-container\">\n\t\t\t\t\t\t\t\t\t<div class=\"elementor-button-wrapper\">\n\t\t\t\t\t<a class=\"elementor-button elementor-button-link elementor-size-sm\" href=\"http:\/\/identity-communication.fr\/index.php\/texitile\/\">\n\t\t\t\t\t\t<span class=\"elementor-button-content-wrapper\">\n\t\t\t\t\t\t\t\t\t<span class=\"elementor-button-text\">en savoir plus<\/span>\n\t\t\t\t\t<\/span>\n\t\t\t\t\t<\/a>\n\t\t\t\t<\/div>\n\t\t\t\t\t\t\t\t<\/div>\n\t\t\t\t<\/div>\n\t\t\t\t\t<\/div>\n\t\t<\/div>\n\t\t\t\t<div class=\"elementor-column elementor-col-33 elementor-top-column elementor-element elementor-element-fc15ff3\" data-id=\"fc15ff3\" data-element_type=\"column\" data-e-type=\"column\">\n\t\t\t<div class=\"elementor-widget-wrap elementor-element-populated\">\n\t\t\t\t\t\t<div class=\"elementor-element elementor-element-60c8da9 elementor-widget elementor-widget-image\" data-id=\"60c8da9\" data-element_type=\"widget\" data-e-type=\"widget\" data-widget_type=\"image.default\">\n\t\t\t\t<div class=\"elementor-widget-container\">\n\t\t\t\t\t\t\t\t\t\t\t\t\t\t\t<img decoding=\"async\" src=\"https:\/\/identity-communication.fr\/wp-content\/uploads\/2020\/07\/Mug-MOckup-scaled.jpg\" title=\"Mug-MOckup\" alt=\"Mug-MOckup\" loading=\"lazy\" \/>\t\t\t\t\t\t\t\t\t\t\t\t\t\t\t<\/div>\n\t\t\t\t<\/div>\n\t\t\t\t<div class=\"elementor-element elementor-element-b0c6acb elementor-widget elementor-widget-text-editor\" data-id=\"b0c6acb\" data-element_type=\"widget\" data-e-type=\"widget\" data-widget_type=\"text-editor.default\">\n\t\t\t\t<div class=\"elementor-widget-container\">\n\t\t\t\t\t\t\t\t\t<p>Objets<\/p>\t\t\t\t\t\t\t\t<\/div>\n\t\t\t\t<\/div>\n\t\t\t\t<div class=\"elementor-element elementor-element-20b59d8 elementor-align-center elementor-widget elementor-widget-button\" data-id=\"20b59d8\" data-element_type=\"widget\" data-e-type=\"widget\" data-widget_type=\"button.default\">\n\t\t\t\t<div class=\"elementor-widget-container\">\n\t\t\t\t\t\t\t\t\t<div class=\"elementor-button-wrapper\">\n\t\t\t\t\t<a class=\"elementor-button elementor-button-link elementor-size-sm\" href=\"http:\/\/identity-communication.fr\/index.php\/objets\/\">\n\t\t\t\t\t\t<span class=\"elementor-button-content-wrapper\">\n\t\t\t\t\t\t\t\t\t<span class=\"elementor-button-text\">En savoir plus<\/span>\n\t\t\t\t\t<\/span>\n\t\t\t\t\t<\/a>\n\t\t\t\t<\/div>\n\t\t\t\t\t\t\t\t<\/div>\n\t\t\t\t<\/div>\n\t\t\t\t\t<\/div>\n\t\t<\/div>\n\t\t\t\t<div class=\"elementor-column elementor-col-33 elementor-top-column elementor-element elementor-element-54029ed\" data-id=\"54029ed\" data-element_type=\"column\" data-e-type=\"column\">\n\t\t\t<div class=\"elementor-widget-wrap elementor-element-populated\">\n\t\t\t\t\t\t<div class=\"elementor-element elementor-element-a67c3ac elementor-widget elementor-widget-image\" data-id=\"a67c3ac\" data-element_type=\"widget\" data-e-type=\"widget\" data-widget_type=\"image.default\">\n\t\t\t\t<div class=\"elementor-widget-container\">\n\t\t\t\t\t\t\t\t\t\t\t\t\t\t\t<img decoding=\"async\" src=\"https:\/\/identity-communication.fr\/wp-content\/uploads\/2020\/08\/AffichageDefDef-scaled.jpg\" title=\"AffichageDefDef\" alt=\"AffichageDefDef\" loading=\"lazy\" \/>\t\t\t\t\t\t\t\t\t\t\t\t\t\t\t<\/div>\n\t\t\t\t<\/div>\n\t\t\t\t<div class=\"elementor-element elementor-element-9584c44 elementor-widget elementor-widget-text-editor\" data-id=\"9584c44\" data-element_type=\"widget\" data-e-type=\"widget\" data-widget_type=\"text-editor.default\">\n\t\t\t\t<div class=\"elementor-widget-container\">\n\t\t\t\t\t\t\t\t\t<p>Affichage dynamique<\/p>\t\t\t\t\t\t\t\t<\/div>\n\t\t\t\t<\/div>\n\t\t\t\t<div class=\"elementor-element elementor-element-ba10cfd elementor-align-center elementor-widget elementor-widget-button\" data-id=\"ba10cfd\" data-element_type=\"widget\" data-e-type=\"widget\" data-widget_type=\"button.default\">\n\t\t\t\t<div class=\"elementor-widget-container\">\n\t\t\t\t\t\t\t\t\t<div class=\"elementor-button-wrapper\">\n\t\t\t\t\t<a class=\"elementor-button elementor-button-link elementor-size-sm\" href=\"http:\/\/identity-communication.fr\/index.php\/affichage-dynamique\/\">\n\t\t\t\t\t\t<span class=\"elementor-button-content-wrapper\">\n\t\t\t\t\t\t\t\t\t<span class=\"elementor-button-text\">en savoir plus<\/span>\n\t\t\t\t\t<\/span>\n\t\t\t\t\t<\/a>\n\t\t\t\t<\/div>\n\t\t\t\t\t\t\t\t<\/div>\n\t\t\t\t<\/div>\n\t\t\t\t\t<\/div>\n\t\t<\/div>\n\t\t\t\t\t<\/div>\n\t\t<\/section>\n\t\t\t\t<\/div>\n\t\t","protected":false},"excerpt":{"rendered":"<p>Supports papier En savoir plus Supports digitaux En savoir plus Signal\u00e9tique \/ Enseigne eN savoir plus Textile en savoir plus Objets En savoir plus Affichage dynamique en savoir plus<\/p>\n","protected":false},"author":1,"featured_media":0,"parent":0,"menu_order":0,"comment_status":"closed","ping_status":"closed","template":"","meta":{"footnotes":""},"class_list":["post-53","page","type-page","status-publish","hentry"],"yoast_head":"<!-- This site is optimized with the Yoast SEO plugin v24.5 - https:\/\/yoast.com\/wordpress\/plugins\/seo\/ -->\n<title>Nos supports - Identity Communication<\/title>\n<meta name=\"description\" content=\"D\u00e9couvrez les supports de communication propos\u00e9s par Identity Communication : papier, digital, signal\u00e9tique, textile et affichage dynamique.\" \/>\n<meta name=\"robots\" content=\"index, follow, max-snippet:-1, max-image-preview:large, max-video-preview:-1\" \/>\n<link rel=\"canonical\" href=\"https:\/\/identity-communication.fr\/index.php\/nos-supports\/\" \/>\n<meta property=\"og:locale\" content=\"fr_FR\" \/>\n<meta property=\"og:type\" content=\"article\" \/>\n<meta property=\"og:title\" content=\"Nos supports - Identity Communication\" \/>\n<meta property=\"og:description\" content=\"D\u00e9couvrez les supports de communication propos\u00e9s par Identity Communication : papier, digital, signal\u00e9tique, textile et affichage dynamique.\" \/>\n<meta property=\"og:url\" content=\"https:\/\/identity-communication.fr\/index.php\/nos-supports\/\" \/>\n<meta property=\"og:site_name\" content=\"Identity Communication\" \/>\n<meta property=\"article:modified_time\" content=\"2025-02-25T15:50:49+00:00\" \/>\n<meta property=\"og:image\" content=\"http:\/\/identity-communication.fr\/wp-content\/uploads\/elementor\/thumbs\/Carte-de-visite-1-scaled-orqgk3rdhadcz5akeoyylfv92bx5eg948t1d2acex4.jpg\" \/>\n<meta name=\"twitter:card\" content=\"summary_large_image\" \/>\n<meta name=\"twitter:label1\" content=\"Dur\u00e9e de lecture estim\u00e9e\" \/>\n\t<meta name=\"twitter:data1\" content=\"2 minutes\" \/>\n<script type=\"application\/ld+json\" class=\"yoast-schema-graph\">{\"@context\":\"https:\/\/schema.org\",\"@graph\":[{\"@type\":\"WebPage\",\"@id\":\"https:\/\/identity-communication.fr\/index.php\/nos-supports\/\",\"url\":\"https:\/\/identity-communication.fr\/index.php\/nos-supports\/\",\"name\":\"Nos supports - Identity Communication\",\"isPartOf\":{\"@id\":\"https:\/\/identity-communication.fr\/#website\"},\"primaryImageOfPage\":{\"@id\":\"https:\/\/identity-communication.fr\/index.php\/nos-supports\/#primaryimage\"},\"image\":{\"@id\":\"https:\/\/identity-communication.fr\/index.php\/nos-supports\/#primaryimage\"},\"thumbnailUrl\":\"http:\/\/identity-communication.fr\/wp-content\/uploads\/elementor\/thumbs\/Carte-de-visite-1-scaled-orqgk3rdhadcz5akeoyylfv92bx5eg948t1d2acex4.jpg\",\"datePublished\":\"2020-05-19T08:03:38+00:00\",\"dateModified\":\"2025-02-25T15:50:49+00:00\",\"description\":\"D\u00e9couvrez les supports de communication propos\u00e9s par Identity Communication : papier, digital, signal\u00e9tique, textile et affichage dynamique.\",\"breadcrumb\":{\"@id\":\"https:\/\/identity-communication.fr\/index.php\/nos-supports\/#breadcrumb\"},\"inLanguage\":\"fr-FR\",\"potentialAction\":[{\"@type\":\"ReadAction\",\"target\":[\"https:\/\/identity-communication.fr\/index.php\/nos-supports\/\"]}]},{\"@type\":\"ImageObject\",\"inLanguage\":\"fr-FR\",\"@id\":\"https:\/\/identity-communication.fr\/index.php\/nos-supports\/#primaryimage\",\"url\":\"http:\/\/identity-communication.fr\/wp-content\/uploads\/elementor\/thumbs\/Carte-de-visite-1-scaled-orqgk3rdhadcz5akeoyylfv92bx5eg948t1d2acex4.jpg\",\"contentUrl\":\"http:\/\/identity-communication.fr\/wp-content\/uploads\/elementor\/thumbs\/Carte-de-visite-1-scaled-orqgk3rdhadcz5akeoyylfv92bx5eg948t1d2acex4.jpg\"},{\"@type\":\"BreadcrumbList\",\"@id\":\"https:\/\/identity-communication.fr\/index.php\/nos-supports\/#breadcrumb\",\"itemListElement\":[{\"@type\":\"ListItem\",\"position\":1,\"name\":\"Accueil\",\"item\":\"https:\/\/identity-communication.fr\/\"},{\"@type\":\"ListItem\",\"position\":2,\"name\":\"Nos supports\"}]},{\"@type\":\"WebSite\",\"@id\":\"https:\/\/identity-communication.fr\/#website\",\"url\":\"https:\/\/identity-communication.fr\/\",\"name\":\"Identity Communication\",\"description\":\"Votre agence multim\u00e9dia \u00e0 Voiron\",\"potentialAction\":[{\"@type\":\"SearchAction\",\"target\":{\"@type\":\"EntryPoint\",\"urlTemplate\":\"https:\/\/identity-communication.fr\/?s={search_term_string}\"},\"query-input\":{\"@type\":\"PropertyValueSpecification\",\"valueRequired\":true,\"valueName\":\"search_term_string\"}}],\"inLanguage\":\"fr-FR\"}]}<\/script>\n<!-- \/ Yoast SEO plugin. -->","yoast_head_json":{"title":"Nos supports - Identity Communication","description":"D\u00e9couvrez les supports de communication propos\u00e9s par Identity Communication : papier, digital, signal\u00e9tique, textile et affichage dynamique.","robots":{"index":"index","follow":"follow","max-snippet":"max-snippet:-1","max-image-preview":"max-image-preview:large","max-video-preview":"max-video-preview:-1"},"canonical":"https:\/\/identity-communication.fr\/index.php\/nos-supports\/","og_locale":"fr_FR","og_type":"article","og_title":"Nos supports - Identity Communication","og_description":"D\u00e9couvrez les supports de communication propos\u00e9s par Identity Communication : papier, digital, signal\u00e9tique, textile et affichage dynamique.","og_url":"https:\/\/identity-communication.fr\/index.php\/nos-supports\/","og_site_name":"Identity Communication","article_modified_time":"2025-02-25T15:50:49+00:00","og_image":[{"url":"http:\/\/identity-communication.fr\/wp-content\/uploads\/elementor\/thumbs\/Carte-de-visite-1-scaled-orqgk3rdhadcz5akeoyylfv92bx5eg948t1d2acex4.jpg","type":"","width":"","height":""}],"twitter_card":"summary_large_image","twitter_misc":{"Dur\u00e9e de lecture estim\u00e9e":"2 minutes"},"schema":{"@context":"https:\/\/schema.org","@graph":[{"@type":"WebPage","@id":"https:\/\/identity-communication.fr\/index.php\/nos-supports\/","url":"https:\/\/identity-communication.fr\/index.php\/nos-supports\/","name":"Nos supports - Identity Communication","isPartOf":{"@id":"https:\/\/identity-communication.fr\/#website"},"primaryImageOfPage":{"@id":"https:\/\/identity-communication.fr\/index.php\/nos-supports\/#primaryimage"},"image":{"@id":"https:\/\/identity-communication.fr\/index.php\/nos-supports\/#primaryimage"},"thumbnailUrl":"http:\/\/identity-communication.fr\/wp-content\/uploads\/elementor\/thumbs\/Carte-de-visite-1-scaled-orqgk3rdhadcz5akeoyylfv92bx5eg948t1d2acex4.jpg","datePublished":"2020-05-19T08:03:38+00:00","dateModified":"2025-02-25T15:50:49+00:00","description":"D\u00e9couvrez les supports de communication propos\u00e9s par Identity Communication : papier, digital, signal\u00e9tique, textile et affichage dynamique.","breadcrumb":{"@id":"https:\/\/identity-communication.fr\/index.php\/nos-supports\/#breadcrumb"},"inLanguage":"fr-FR","potentialAction":[{"@type":"ReadAction","target":["https:\/\/identity-communication.fr\/index.php\/nos-supports\/"]}]},{"@type":"ImageObject","inLanguage":"fr-FR","@id":"https:\/\/identity-communication.fr\/index.php\/nos-supports\/#primaryimage","url":"http:\/\/identity-communication.fr\/wp-content\/uploads\/elementor\/thumbs\/Carte-de-visite-1-scaled-orqgk3rdhadcz5akeoyylfv92bx5eg948t1d2acex4.jpg","contentUrl":"http:\/\/identity-communication.fr\/wp-content\/uploads\/elementor\/thumbs\/Carte-de-visite-1-scaled-orqgk3rdhadcz5akeoyylfv92bx5eg948t1d2acex4.jpg"},{"@type":"BreadcrumbList","@id":"https:\/\/identity-communication.fr\/index.php\/nos-supports\/#breadcrumb","itemListElement":[{"@type":"ListItem","position":1,"name":"Accueil","item":"https:\/\/identity-communication.fr\/"},{"@type":"ListItem","position":2,"name":"Nos supports"}]},{"@type":"WebSite","@id":"https:\/\/identity-communication.fr\/#website","url":"https:\/\/identity-communication.fr\/","name":"Identity Communication","description":"Votre agence multim\u00e9dia \u00e0 Voiron","potentialAction":[{"@type":"SearchAction","target":{"@type":"EntryPoint","urlTemplate":"https:\/\/identity-communication.fr\/?s={search_term_string}"},"query-input":{"@type":"PropertyValueSpecification","valueRequired":true,"valueName":"search_term_string"}}],"inLanguage":"fr-FR"}]}},"_links":{"self":[{"href":"https:\/\/identity-communication.fr\/index.php\/wp-json\/wp\/v2\/pages\/53","targetHints":{"allow":["GET"]}}],"collection":[{"href":"https:\/\/identity-communication.fr\/index.php\/wp-json\/wp\/v2\/pages"}],"about":[{"href":"https:\/\/identity-communication.fr\/index.php\/wp-json\/wp\/v2\/types\/page"}],"author":[{"embeddable":true,"href":"https:\/\/identity-communication.fr\/index.php\/wp-json\/wp\/v2\/users\/1"}],"replies":[{"embeddable":true,"href":"https:\/\/identity-communication.fr\/index.php\/wp-json\/wp\/v2\/comments?post=53"}],"version-history":[{"count":38,"href":"https:\/\/identity-communication.fr\/index.php\/wp-json\/wp\/v2\/pages\/53\/revisions"}],"predecessor-version":[{"id":1637,"href":"https:\/\/identity-communication.fr\/index.php\/wp-json\/wp\/v2\/pages\/53\/revisions\/1637"}],"wp:attachment":[{"href":"https:\/\/identity-communication.fr\/index.php\/wp-json\/wp\/v2\/media?parent=53"}],"curies":[{"name":"wp","href":"https:\/\/api.w.org\/{rel}","templated":true}]}}