{"id":51,"date":"2020-05-19T10:03:26","date_gmt":"2020-05-19T08:03:26","guid":{"rendered":"http:\/\/identity-communication.fr\/?page_id=51"},"modified":"2025-02-25T16:49:27","modified_gmt":"2025-02-25T15:49:27","slug":"nos-services","status":"publish","type":"page","link":"https:\/\/identity-communication.fr\/index.php\/nos-services\/","title":{"rendered":"Nos services"},"content":{"rendered":"\t\t<div data-elementor-type=\"wp-page\" data-elementor-id=\"51\" class=\"elementor elementor-51\">\n\t\t\t\t\t\t<section class=\"elementor-section elementor-top-section elementor-element elementor-element-1e07f6a elementor-section-boxed elementor-section-height-default elementor-section-height-default\" data-id=\"1e07f6a\" data-element_type=\"section\" data-e-type=\"section\">\n\t\t\t\t\t\t<div class=\"elementor-container elementor-column-gap-default\">\n\t\t\t\t\t<div class=\"elementor-column elementor-col-33 elementor-top-column elementor-element elementor-element-f69cb99\" data-id=\"f69cb99\" data-element_type=\"column\" data-e-type=\"column\">\n\t\t\t<div class=\"elementor-widget-wrap elementor-element-populated\">\n\t\t\t\t\t\t<div class=\"elementor-element elementor-element-ef2d49c elementor-widget elementor-widget-image\" data-id=\"ef2d49c\" data-element_type=\"widget\" data-e-type=\"widget\" data-widget_type=\"image.default\">\n\t\t\t\t<div class=\"elementor-widget-container\">\n\t\t\t\t\t\t\t\t\t\t\t\t\t\t\t<img decoding=\"async\" width=\"203\" height=\"195\" src=\"https:\/\/identity-communication.fr\/wp-content\/uploads\/2020\/06\/PictoConseilCouleur-2.png\" class=\"attachment-large size-large wp-image-1002\" alt=\"\" \/>\t\t\t\t\t\t\t\t\t\t\t\t\t\t\t<\/div>\n\t\t\t\t<\/div>\n\t\t\t\t<div class=\"elementor-element elementor-element-babc4b8 elementor-widget elementor-widget-text-editor\" data-id=\"babc4b8\" data-element_type=\"widget\" data-e-type=\"widget\" data-widget_type=\"text-editor.default\">\n\t\t\t\t<div class=\"elementor-widget-container\">\n\t\t\t\t\t\t\t\t\t<p><strong>Comment bien <\/strong><strong>communiquer ?<\/strong><strong>\u00a0<\/strong><\/p><p><strong>Aujourd&rsquo;hui, il est difficile de savoir comment communiquer efficacement<\/strong> &#8230; Il faut r<span style=\"font-weight: bold; letter-spacing: 0px;\">\u00e9fl\u00e9chir sur le long terme en prenant en compte les diff\u00e9rents canaux. Nous vous accompagnons dans la gestion de celle-ci avec les avantages de ma\u00eetriser les fr\u00e9quences, les outils et le budget ! \u00a0<\/span><\/p>\t\t\t\t\t\t\t\t<\/div>\n\t\t\t\t<\/div>\n\t\t\t\t<div class=\"elementor-element elementor-element-e90de3f elementor-align-center elementor-invisible elementor-widget elementor-widget-button\" data-id=\"e90de3f\" data-element_type=\"widget\" data-e-type=\"widget\" data-settings=\"{&quot;_animation&quot;:&quot;zoomIn&quot;,&quot;_animation_delay&quot;:100}\" data-widget_type=\"button.default\">\n\t\t\t\t<div class=\"elementor-widget-container\">\n\t\t\t\t\t\t\t\t\t<div class=\"elementor-button-wrapper\">\n\t\t\t\t\t<a class=\"elementor-button elementor-button-link elementor-size-sm\" href=\"http:\/\/identity-communication.fr\/index.php\/conseil\/\">\n\t\t\t\t\t\t<span class=\"elementor-button-content-wrapper\">\n\t\t\t\t\t\t\t\t\t<span class=\"elementor-button-text\">En savoir plus <\/span>\n\t\t\t\t\t<\/span>\n\t\t\t\t\t<\/a>\n\t\t\t\t<\/div>\n\t\t\t\t\t\t\t\t<\/div>\n\t\t\t\t<\/div>\n\t\t\t\t<div class=\"elementor-element elementor-element-9a3c524 elementor-widget elementor-widget-spacer\" data-id=\"9a3c524\" data-element_type=\"widget\" data-e-type=\"widget\" data-widget_type=\"spacer.default\">\n\t\t\t\t<div class=\"elementor-widget-container\">\n\t\t\t\t\t\t\t<div class=\"elementor-spacer\">\n\t\t\t<div class=\"elementor-spacer-inner\"><\/div>\n\t\t<\/div>\n\t\t\t\t\t\t<\/div>\n\t\t\t\t<\/div>\n\t\t\t\t\t<\/div>\n\t\t<\/div>\n\t\t\t\t<div class=\"elementor-column elementor-col-33 elementor-top-column elementor-element elementor-element-bcb1f8a\" data-id=\"bcb1f8a\" data-element_type=\"column\" data-e-type=\"column\">\n\t\t\t<div class=\"elementor-widget-wrap elementor-element-populated\">\n\t\t\t\t\t\t<div class=\"elementor-element elementor-element-d250781 elementor-widget elementor-widget-image\" data-id=\"d250781\" data-element_type=\"widget\" data-e-type=\"widget\" data-widget_type=\"image.default\">\n\t\t\t\t<div class=\"elementor-widget-container\">\n\t\t\t\t\t\t\t\t\t\t\t\t\t\t\t<img decoding=\"async\" width=\"201\" height=\"194\" src=\"https:\/\/identity-communication.fr\/wp-content\/uploads\/2020\/06\/PictoCr\u00e9ationCouleur-1.png\" class=\"attachment-large size-large wp-image-1003\" alt=\"\" \/>\t\t\t\t\t\t\t\t\t\t\t\t\t\t\t<\/div>\n\t\t\t\t<\/div>\n\t\t\t\t<div class=\"elementor-element elementor-element-403dc7b elementor-widget elementor-widget-text-editor\" data-id=\"403dc7b\" data-element_type=\"widget\" data-e-type=\"widget\" data-widget_type=\"text-editor.default\">\n\t\t\t\t<div class=\"elementor-widget-container\">\n\t\t\t\t\t\t\t\t\t<p><b>Mon message est-il adapt\u00e9 ?<\/b><\/p><p><b>Notre service de cr\u00e9ation s&rsquo;occupe de r\u00e9aliser les visuels de votre communication et de les d\u00e9cliner sur vos diff\u00e9rents supports.<\/b><\/p>\t\t\t\t\t\t\t\t<\/div>\n\t\t\t\t<\/div>\n\t\t\t\t<div class=\"elementor-element elementor-element-d6a86ff elementor-align-center elementor-invisible elementor-widget elementor-widget-button\" data-id=\"d6a86ff\" data-element_type=\"widget\" data-e-type=\"widget\" data-settings=\"{&quot;_animation&quot;:&quot;zoomIn&quot;,&quot;_animation_delay&quot;:100}\" data-widget_type=\"button.default\">\n\t\t\t\t<div class=\"elementor-widget-container\">\n\t\t\t\t\t\t\t\t\t<div class=\"elementor-button-wrapper\">\n\t\t\t\t\t<a class=\"elementor-button elementor-button-link elementor-size-sm\" href=\"http:\/\/identity-communication.fr\/index.php\/creation\/\">\n\t\t\t\t\t\t<span class=\"elementor-button-content-wrapper\">\n\t\t\t\t\t\t\t\t\t<span class=\"elementor-button-text\">En savoir plus <\/span>\n\t\t\t\t\t<\/span>\n\t\t\t\t\t<\/a>\n\t\t\t\t<\/div>\n\t\t\t\t\t\t\t\t<\/div>\n\t\t\t\t<\/div>\n\t\t\t\t<div class=\"elementor-element elementor-element-b27e315 elementor-widget elementor-widget-spacer\" data-id=\"b27e315\" data-element_type=\"widget\" data-e-type=\"widget\" data-widget_type=\"spacer.default\">\n\t\t\t\t<div class=\"elementor-widget-container\">\n\t\t\t\t\t\t\t<div class=\"elementor-spacer\">\n\t\t\t<div class=\"elementor-spacer-inner\"><\/div>\n\t\t<\/div>\n\t\t\t\t\t\t<\/div>\n\t\t\t\t<\/div>\n\t\t\t\t\t<\/div>\n\t\t<\/div>\n\t\t\t\t<div class=\"elementor-column elementor-col-33 elementor-top-column elementor-element elementor-element-b5ed39f\" data-id=\"b5ed39f\" data-element_type=\"column\" data-e-type=\"column\">\n\t\t\t<div class=\"elementor-widget-wrap elementor-element-populated\">\n\t\t\t\t\t\t<div class=\"elementor-element elementor-element-cb0e606 elementor-widget elementor-widget-image\" data-id=\"cb0e606\" data-element_type=\"widget\" data-e-type=\"widget\" data-widget_type=\"image.default\">\n\t\t\t\t<div class=\"elementor-widget-container\">\n\t\t\t\t\t\t\t\t\t\t\t\t\t\t\t<img decoding=\"async\" width=\"194\" height=\"194\" src=\"https:\/\/identity-communication.fr\/wp-content\/uploads\/2020\/06\/PictoSUiviCouleur.png\" class=\"attachment-large size-large wp-image-1004\" alt=\"\" srcset=\"https:\/\/identity-communication.fr\/wp-content\/uploads\/2020\/06\/PictoSUiviCouleur.png 194w, https:\/\/identity-communication.fr\/wp-content\/uploads\/2020\/06\/PictoSUiviCouleur-150x150.png 150w\" sizes=\"(max-width: 194px) 100vw, 194px\" \/>\t\t\t\t\t\t\t\t\t\t\t\t\t\t\t<\/div>\n\t\t\t\t<\/div>\n\t\t\t\t<div class=\"elementor-element elementor-element-5648d88 elementor-widget elementor-widget-text-editor\" data-id=\"5648d88\" data-element_type=\"widget\" data-e-type=\"widget\" data-widget_type=\"text-editor.default\">\n\t\t\t\t<div class=\"elementor-widget-container\">\n\t\t\t\t\t\t\t\t\t<p><strong>Communiquer, mais apr\u00e8s ?<\/strong><\/p><p><b>Le tout n&rsquo;est pas d&rsquo;avoir fait une communication mais de suivre la performance de celle-ci. Nous vous aidons dans l&rsquo;analyse, le suivi et la mise \u00e0 jour des supports afin d&rsquo;optimiser votre budget avec efficacit\u00e9.<\/b><\/p>\t\t\t\t\t\t\t\t<\/div>\n\t\t\t\t<\/div>\n\t\t\t\t<div class=\"elementor-element elementor-element-8ef4902 elementor-align-center elementor-invisible elementor-widget elementor-widget-button\" data-id=\"8ef4902\" data-element_type=\"widget\" data-e-type=\"widget\" data-settings=\"{&quot;_animation&quot;:&quot;zoomIn&quot;,&quot;_animation_delay&quot;:100}\" data-widget_type=\"button.default\">\n\t\t\t\t<div class=\"elementor-widget-container\">\n\t\t\t\t\t\t\t\t\t<div class=\"elementor-button-wrapper\">\n\t\t\t\t\t<a class=\"elementor-button elementor-button-link elementor-size-sm\" href=\"http:\/\/identity-communication.fr\/index.php\/suivi\/\">\n\t\t\t\t\t\t<span class=\"elementor-button-content-wrapper\">\n\t\t\t\t\t\t\t\t\t<span class=\"elementor-button-text\">En savoir plus<\/span>\n\t\t\t\t\t<\/span>\n\t\t\t\t\t<\/a>\n\t\t\t\t<\/div>\n\t\t\t\t\t\t\t\t<\/div>\n\t\t\t\t<\/div>\n\t\t\t\t\t<\/div>\n\t\t<\/div>\n\t\t\t\t\t<\/div>\n\t\t<\/section>\n\t\t\t\t<\/div>\n\t\t","protected":false},"excerpt":{"rendered":"<p>Comment bien communiquer ?\u00a0 Aujourd&rsquo;hui, il est difficile de savoir comment communiquer efficacement &#8230; Il faut r\u00e9fl\u00e9chir sur le long terme en prenant en compte les diff\u00e9rents canaux. Nous vous accompagnons dans la gestion de celle-ci avec les avantages de ma\u00eetriser les fr\u00e9quences, les outils et le budget ! \u00a0 En savoir plus Mon message&#8230;<\/p>\n","protected":false},"author":1,"featured_media":0,"parent":0,"menu_order":0,"comment_status":"closed","ping_status":"closed","template":"","meta":{"footnotes":""},"class_list":["post-51","page","type-page","status-publish","hentry"],"yoast_head":"<!-- This site is optimized with the Yoast SEO plugin v24.5 - https:\/\/yoast.com\/wordpress\/plugins\/seo\/ -->\n<title>Nos services - Identity Communication<\/title>\n<meta name=\"description\" content=\"Identity Communication propose des services complets de conseil, cr\u00e9ation, et suivi pour optimiser votre communication.\" \/>\n<meta name=\"robots\" content=\"index, follow, max-snippet:-1, max-image-preview:large, max-video-preview:-1\" \/>\n<link rel=\"canonical\" href=\"https:\/\/identity-communication.fr\/index.php\/nos-services\/\" \/>\n<meta property=\"og:locale\" content=\"fr_FR\" \/>\n<meta property=\"og:type\" content=\"article\" \/>\n<meta property=\"og:title\" content=\"Nos services - Identity Communication\" \/>\n<meta property=\"og:description\" content=\"Identity Communication propose des services complets de conseil, cr\u00e9ation, et suivi pour optimiser votre communication.\" \/>\n<meta property=\"og:url\" content=\"https:\/\/identity-communication.fr\/index.php\/nos-services\/\" \/>\n<meta property=\"og:site_name\" content=\"Identity Communication\" \/>\n<meta property=\"article:modified_time\" content=\"2025-02-25T15:49:27+00:00\" \/>\n<meta property=\"og:image\" content=\"http:\/\/identity-communication.fr\/wp-content\/uploads\/2020\/06\/PictoConseilCouleur-2.png\" \/>\n<meta name=\"twitter:card\" content=\"summary_large_image\" \/>\n<meta name=\"twitter:label1\" content=\"Dur\u00e9e de lecture estim\u00e9e\" \/>\n\t<meta name=\"twitter:data1\" content=\"2 minutes\" \/>\n<script type=\"application\/ld+json\" class=\"yoast-schema-graph\">{\"@context\":\"https:\/\/schema.org\",\"@graph\":[{\"@type\":\"WebPage\",\"@id\":\"https:\/\/identity-communication.fr\/index.php\/nos-services\/\",\"url\":\"https:\/\/identity-communication.fr\/index.php\/nos-services\/\",\"name\":\"Nos services - Identity Communication\",\"isPartOf\":{\"@id\":\"https:\/\/identity-communication.fr\/#website\"},\"primaryImageOfPage\":{\"@id\":\"https:\/\/identity-communication.fr\/index.php\/nos-services\/#primaryimage\"},\"image\":{\"@id\":\"https:\/\/identity-communication.fr\/index.php\/nos-services\/#primaryimage\"},\"thumbnailUrl\":\"http:\/\/identity-communication.fr\/wp-content\/uploads\/2020\/06\/PictoConseilCouleur-2.png\",\"datePublished\":\"2020-05-19T08:03:26+00:00\",\"dateModified\":\"2025-02-25T15:49:27+00:00\",\"description\":\"Identity Communication propose des services complets de conseil, cr\u00e9ation, et suivi pour optimiser votre communication.\",\"breadcrumb\":{\"@id\":\"https:\/\/identity-communication.fr\/index.php\/nos-services\/#breadcrumb\"},\"inLanguage\":\"fr-FR\",\"potentialAction\":[{\"@type\":\"ReadAction\",\"target\":[\"https:\/\/identity-communication.fr\/index.php\/nos-services\/\"]}]},{\"@type\":\"ImageObject\",\"inLanguage\":\"fr-FR\",\"@id\":\"https:\/\/identity-communication.fr\/index.php\/nos-services\/#primaryimage\",\"url\":\"http:\/\/identity-communication.fr\/wp-content\/uploads\/2020\/06\/PictoConseilCouleur-2.png\",\"contentUrl\":\"http:\/\/identity-communication.fr\/wp-content\/uploads\/2020\/06\/PictoConseilCouleur-2.png\"},{\"@type\":\"BreadcrumbList\",\"@id\":\"https:\/\/identity-communication.fr\/index.php\/nos-services\/#breadcrumb\",\"itemListElement\":[{\"@type\":\"ListItem\",\"position\":1,\"name\":\"Accueil\",\"item\":\"https:\/\/identity-communication.fr\/\"},{\"@type\":\"ListItem\",\"position\":2,\"name\":\"Nos services\"}]},{\"@type\":\"WebSite\",\"@id\":\"https:\/\/identity-communication.fr\/#website\",\"url\":\"https:\/\/identity-communication.fr\/\",\"name\":\"Identity Communication\",\"description\":\"Votre agence multim\u00e9dia \u00e0 Voiron\",\"potentialAction\":[{\"@type\":\"SearchAction\",\"target\":{\"@type\":\"EntryPoint\",\"urlTemplate\":\"https:\/\/identity-communication.fr\/?s={search_term_string}\"},\"query-input\":{\"@type\":\"PropertyValueSpecification\",\"valueRequired\":true,\"valueName\":\"search_term_string\"}}],\"inLanguage\":\"fr-FR\"}]}<\/script>\n<!-- \/ Yoast SEO plugin. -->","yoast_head_json":{"title":"Nos services - Identity Communication","description":"Identity Communication propose des services complets de conseil, cr\u00e9ation, et suivi pour optimiser votre communication.","robots":{"index":"index","follow":"follow","max-snippet":"max-snippet:-1","max-image-preview":"max-image-preview:large","max-video-preview":"max-video-preview:-1"},"canonical":"https:\/\/identity-communication.fr\/index.php\/nos-services\/","og_locale":"fr_FR","og_type":"article","og_title":"Nos services - Identity Communication","og_description":"Identity Communication propose des services complets de conseil, cr\u00e9ation, et suivi pour optimiser votre communication.","og_url":"https:\/\/identity-communication.fr\/index.php\/nos-services\/","og_site_name":"Identity Communication","article_modified_time":"2025-02-25T15:49:27+00:00","og_image":[{"url":"http:\/\/identity-communication.fr\/wp-content\/uploads\/2020\/06\/PictoConseilCouleur-2.png","type":"","width":"","height":""}],"twitter_card":"summary_large_image","twitter_misc":{"Dur\u00e9e de lecture estim\u00e9e":"2 minutes"},"schema":{"@context":"https:\/\/schema.org","@graph":[{"@type":"WebPage","@id":"https:\/\/identity-communication.fr\/index.php\/nos-services\/","url":"https:\/\/identity-communication.fr\/index.php\/nos-services\/","name":"Nos services - Identity Communication","isPartOf":{"@id":"https:\/\/identity-communication.fr\/#website"},"primaryImageOfPage":{"@id":"https:\/\/identity-communication.fr\/index.php\/nos-services\/#primaryimage"},"image":{"@id":"https:\/\/identity-communication.fr\/index.php\/nos-services\/#primaryimage"},"thumbnailUrl":"http:\/\/identity-communication.fr\/wp-content\/uploads\/2020\/06\/PictoConseilCouleur-2.png","datePublished":"2020-05-19T08:03:26+00:00","dateModified":"2025-02-25T15:49:27+00:00","description":"Identity Communication propose des services complets de conseil, cr\u00e9ation, et suivi pour optimiser votre communication.","breadcrumb":{"@id":"https:\/\/identity-communication.fr\/index.php\/nos-services\/#breadcrumb"},"inLanguage":"fr-FR","potentialAction":[{"@type":"ReadAction","target":["https:\/\/identity-communication.fr\/index.php\/nos-services\/"]}]},{"@type":"ImageObject","inLanguage":"fr-FR","@id":"https:\/\/identity-communication.fr\/index.php\/nos-services\/#primaryimage","url":"http:\/\/identity-communication.fr\/wp-content\/uploads\/2020\/06\/PictoConseilCouleur-2.png","contentUrl":"http:\/\/identity-communication.fr\/wp-content\/uploads\/2020\/06\/PictoConseilCouleur-2.png"},{"@type":"BreadcrumbList","@id":"https:\/\/identity-communication.fr\/index.php\/nos-services\/#breadcrumb","itemListElement":[{"@type":"ListItem","position":1,"name":"Accueil","item":"https:\/\/identity-communication.fr\/"},{"@type":"ListItem","position":2,"name":"Nos services"}]},{"@type":"WebSite","@id":"https:\/\/identity-communication.fr\/#website","url":"https:\/\/identity-communication.fr\/","name":"Identity Communication","description":"Votre agence multim\u00e9dia \u00e0 Voiron","potentialAction":[{"@type":"SearchAction","target":{"@type":"EntryPoint","urlTemplate":"https:\/\/identity-communication.fr\/?s={search_term_string}"},"query-input":{"@type":"PropertyValueSpecification","valueRequired":true,"valueName":"search_term_string"}}],"inLanguage":"fr-FR"}]}},"_links":{"self":[{"href":"https:\/\/identity-communication.fr\/index.php\/wp-json\/wp\/v2\/pages\/51","targetHints":{"allow":["GET"]}}],"collection":[{"href":"https:\/\/identity-communication.fr\/index.php\/wp-json\/wp\/v2\/pages"}],"about":[{"href":"https:\/\/identity-communication.fr\/index.php\/wp-json\/wp\/v2\/types\/page"}],"author":[{"embeddable":true,"href":"https:\/\/identity-communication.fr\/index.php\/wp-json\/wp\/v2\/users\/1"}],"replies":[{"embeddable":true,"href":"https:\/\/identity-communication.fr\/index.php\/wp-json\/wp\/v2\/comments?post=51"}],"version-history":[{"count":43,"href":"https:\/\/identity-communication.fr\/index.php\/wp-json\/wp\/v2\/pages\/51\/revisions"}],"predecessor-version":[{"id":1634,"href":"https:\/\/identity-communication.fr\/index.php\/wp-json\/wp\/v2\/pages\/51\/revisions\/1634"}],"wp:attachment":[{"href":"https:\/\/identity-communication.fr\/index.php\/wp-json\/wp\/v2\/media?parent=51"}],"curies":[{"name":"wp","href":"https:\/\/api.w.org\/{rel}","templated":true}]}}