{"id":206,"date":"2020-01-25T08:08:11","date_gmt":"2020-01-25T08:08:11","guid":{"rendered":"https:\/\/demo.shadow-themes.com\/wp\/ashade\/?page_id=206"},"modified":"2025-02-25T09:00:40","modified_gmt":"2025-02-25T08:00:40","slug":"contact","status":"publish","type":"page","link":"https:\/\/identity-communication.fr\/index.php\/contact\/","title":{"rendered":"Contact"},"content":{"rendered":"\t\t<div data-elementor-type=\"wp-page\" data-elementor-id=\"206\" class=\"elementor elementor-206\">\n\t\t\t\t\t\t<section class=\"elementor-section elementor-top-section elementor-element elementor-element-57648649 elementor-section-boxed elementor-section-height-default elementor-section-height-default\" data-id=\"57648649\" data-element_type=\"section\" data-e-type=\"section\">\n\t\t\t\t\t\t<div class=\"elementor-container elementor-column-gap-default\">\n\t\t\t\t\t<div class=\"elementor-column elementor-col-33 elementor-top-column elementor-element elementor-element-6c5f3140\" data-id=\"6c5f3140\" data-element_type=\"column\" data-e-type=\"column\">\n\t\t\t<div class=\"elementor-widget-wrap elementor-element-populated\">\n\t\t\t\t\t\t<div class=\"elementor-element elementor-element-22498e6c elementor-widget elementor-widget-heading\" data-id=\"22498e6c\" data-element_type=\"widget\" data-e-type=\"widget\" data-widget_type=\"heading.default\">\n\t\t\t\t<div class=\"elementor-widget-container\">\n\t\t\t\t\t<h4 class=\"elementor-heading-title elementor-size-default\"><span>Contact<\/span>O\u00f9 nous trouver ?<\/h4>\t\t\t\t<\/div>\n\t\t\t\t<\/div>\n\t\t\t\t<div class=\"elementor-element elementor-element-d067f7c elementor-widget elementor-widget-wp-widget-shadow_contacts_widget\" data-id=\"d067f7c\" data-element_type=\"widget\" data-e-type=\"widget\" data-widget_type=\"wp-widget-shadow_contacts_widget.default\">\n\t\t\t\t<div class=\"elementor-widget-container\">\n\t\t\t\t\t<div class=\"ashade-widget--contacts\">\r\n\t\t<ul class=\"ashade-contact-details__list has-labels\">\r\n\t<li>\r\n\t\t\t<i class=\"ashade-contact-icon asiade-icon--location\"><\/i>\r\n\t\t\tZA Le Talamud - 284 Route de Bavonne 38140 St Blaise du Buis\r\n\t\t<\/li><li>\r\n\t\t\t\t<i class=\"ashade-contact-icon asiade-icon--email\"><\/i>\r\n\t\t\t\t<a href=\"mailto:contact@identity-communication.fr\">contact@identity-communication.fr<\/a>\r\n\t\t\t<\/li><li>\r\n\t\t\t\t<i class=\"ashade-contact-icon asiade-icon--phone\"><\/i>\r\n\t\t\t\t<a href=\"tel:0782955347\">07 82 95 53 47<\/a>\r\n\t\t\t<\/li>\t<\/ul>\r\n<\/div>\t\t\t\t<\/div>\n\t\t\t\t<\/div>\n\t\t\t\t\t<\/div>\n\t\t<\/div>\n\t\t\t\t<div class=\"elementor-column elementor-col-66 elementor-top-column elementor-element elementor-element-64eff1cd\" data-id=\"64eff1cd\" data-element_type=\"column\" data-e-type=\"column\">\n\t\t\t<div class=\"elementor-widget-wrap elementor-element-populated\">\n\t\t\t\t\t\t<div class=\"elementor-element elementor-element-9528bf7 elementor-widget elementor-widget-shortcode\" data-id=\"9528bf7\" data-element_type=\"widget\" data-e-type=\"widget\" data-widget_type=\"shortcode.default\">\n\t\t\t\t<div class=\"elementor-widget-container\">\n\t\t\t\t\t\t\t<div class=\"elementor-shortcode\">\n<div class=\"wpcf7 no-js\" id=\"wpcf7-f739-o1\" lang=\"en-US\" dir=\"ltr\" data-wpcf7-id=\"739\">\n<div class=\"screen-reader-response\"><p role=\"status\" aria-live=\"polite\" aria-atomic=\"true\"><\/p> <ul><\/ul><\/div>\n<form action=\"\/index.php\/wp-json\/wp\/v2\/pages\/206#wpcf7-f739-o1\" method=\"post\" class=\"wpcf7-form init\" aria-label=\"Contact form\" novalidate=\"novalidate\" data-status=\"init\">\n<div style=\"display: none;\">\n<input type=\"hidden\" name=\"_wpcf7\" value=\"739\" \/>\n<input type=\"hidden\" name=\"_wpcf7_version\" value=\"6.0.4\" \/>\n<input type=\"hidden\" name=\"_wpcf7_locale\" value=\"en_US\" \/>\n<input type=\"hidden\" name=\"_wpcf7_unit_tag\" value=\"wpcf7-f739-o1\" \/>\n<input type=\"hidden\" name=\"_wpcf7_container_post\" value=\"0\" \/>\n<input type=\"hidden\" name=\"_wpcf7_posted_data_hash\" value=\"\" \/>\n<input type=\"hidden\" name=\"_wpcf7_recaptcha_response\" value=\"\" \/>\n<\/div>\n<div class=\"ashade-row ashade-small-gap\">\n\t<div class=\"ashade-col col-4\">\n\t\t<p><span class=\"wpcf7-form-control-wrap\" data-name=\"votre-nom\"><input size=\"40\" maxlength=\"400\" class=\"wpcf7-form-control wpcf7-text wpcf7-validates-as-required\" aria-required=\"true\" aria-invalid=\"false\" placeholder=\"Votre Nom\" value=\"\" type=\"text\" name=\"votre-nom\" \/><\/span>\n\t\t<\/p>\n\t<\/div>\n\t<div class=\"ashade-col col-4\">\n\t\t<p><span class=\"wpcf7-form-control-wrap\" data-name=\"votre-adresse-mail\"><input size=\"40\" maxlength=\"400\" class=\"wpcf7-form-control wpcf7-email wpcf7-validates-as-required wpcf7-text wpcf7-validates-as-email\" aria-required=\"true\" aria-invalid=\"false\" placeholder=\"Votre Adresse Mail\" value=\"\" type=\"email\" name=\"votre-adresse-mail\" \/><\/span>\n\t\t<\/p>\n\t<\/div>\n<\/div>\n<div class=\"ashade-form-textarea\">\n\t<p><span class=\"wpcf7-form-control-wrap\" data-name=\"votre-message\"><textarea cols=\"40\" rows=\"10\" maxlength=\"2000\" class=\"wpcf7-form-control wpcf7-textarea\" aria-invalid=\"false\" placeholder=\"Votre Message\" name=\"votre-message\"><\/textarea><\/span>\n\t<\/p>\n<\/div>\n<div class=\"align-right\">\n\t<p><input class=\"wpcf7-form-control wpcf7-submit has-spinner\" type=\"submit\" value=\"Envoyer\" \/>\n\t<\/p>\n<\/div><div class=\"wpcf7-response-output\" aria-hidden=\"true\"><\/div>\n<\/form>\n<\/div>\n<\/div>\n\t\t\t\t\t\t<\/div>\n\t\t\t\t<\/div>\n\t\t\t\t\t<\/div>\n\t\t<\/div>\n\t\t\t\t\t<\/div>\n\t\t<\/section>\n\t\t\t\t<section class=\"elementor-section elementor-top-section elementor-element elementor-element-89f8be4 elementor-section-boxed elementor-section-height-default elementor-section-height-default\" data-id=\"89f8be4\" data-element_type=\"section\" data-e-type=\"section\">\n\t\t\t\t\t\t<div class=\"elementor-container elementor-column-gap-default\">\n\t\t\t\t\t<div class=\"elementor-column elementor-col-100 elementor-top-column elementor-element elementor-element-d8663fc\" data-id=\"d8663fc\" data-element_type=\"column\" data-e-type=\"column\">\n\t\t\t<div class=\"elementor-widget-wrap\">\n\t\t\t\t\t\t\t<\/div>\n\t\t<\/div>\n\t\t\t\t\t<\/div>\n\t\t<\/section>\n\t\t\t\t<section class=\"elementor-section elementor-top-section elementor-element elementor-element-ec0b697 elementor-section-boxed elementor-section-height-default elementor-section-height-default\" data-id=\"ec0b697\" data-element_type=\"section\" data-e-type=\"section\">\n\t\t\t\t\t\t<div class=\"elementor-container elementor-column-gap-default\">\n\t\t\t\t\t<div class=\"elementor-column elementor-col-100 elementor-top-column elementor-element elementor-element-1517864\" data-id=\"1517864\" data-element_type=\"column\" data-e-type=\"column\">\n\t\t\t<div class=\"elementor-widget-wrap elementor-element-populated\">\n\t\t\t\t\t\t<div class=\"elementor-element elementor-element-63bb853 elementor-widget elementor-widget-google_maps\" data-id=\"63bb853\" data-element_type=\"widget\" data-e-type=\"widget\" data-widget_type=\"google_maps.default\">\n\t\t\t\t<div class=\"elementor-widget-container\">\n\t\t\t\t\t\t\t<div class=\"elementor-custom-embed\">\n\t\t\t<iframe loading=\"lazy\"\n\t\t\t\t\tsrc=\"https:\/\/maps.google.com\/maps?q=ZA%20du%20Talamud&#038;t=m&#038;z=12&#038;output=embed&#038;iwloc=near\"\n\t\t\t\t\ttitle=\"ZA du Talamud\"\n\t\t\t\t\taria-label=\"ZA du Talamud\"\n\t\t\t><\/iframe>\n\t\t<\/div>\n\t\t\t\t\t\t<\/div>\n\t\t\t\t<\/div>\n\t\t\t\t\t<\/div>\n\t\t<\/div>\n\t\t\t\t\t<\/div>\n\t\t<\/section>\n\t\t\t\t<\/div>\n\t\t","protected":false},"excerpt":{"rendered":"<p>ContactO\u00f9 nous trouver ?<\/p>\n","protected":false},"author":1,"featured_media":0,"parent":0,"menu_order":0,"comment_status":"closed","ping_status":"closed","template":"","meta":{"footnotes":""},"class_list":["post-206","page","type-page","status-publish","hentry"],"yoast_head":"<!-- This site is optimized with the Yoast SEO plugin v24.5 - https:\/\/yoast.com\/wordpress\/plugins\/seo\/ -->\n<title>Contact - Identity Communication<\/title>\n<meta name=\"description\" content=\"Contactez Identity Communication, agence de communication 360\u00b0 en Rh\u00f4ne-Alpes, \u00e0 Saint-Blaise-du-Buis pour vos projets cr\u00e9atifs et digitaux.\" \/>\n<meta name=\"robots\" content=\"index, follow, max-snippet:-1, max-image-preview:large, max-video-preview:-1\" \/>\n<link rel=\"canonical\" href=\"https:\/\/identity-communication.fr\/index.php\/contact\/\" \/>\n<meta property=\"og:locale\" content=\"fr_FR\" \/>\n<meta property=\"og:type\" content=\"article\" \/>\n<meta property=\"og:title\" content=\"Contact - Identity Communication\" \/>\n<meta property=\"og:description\" content=\"Contactez Identity Communication, agence de communication 360\u00b0 en Rh\u00f4ne-Alpes, \u00e0 Saint-Blaise-du-Buis pour vos projets cr\u00e9atifs et digitaux.\" \/>\n<meta property=\"og:url\" content=\"https:\/\/identity-communication.fr\/index.php\/contact\/\" \/>\n<meta property=\"og:site_name\" content=\"Identity Communication\" \/>\n<meta property=\"article:modified_time\" content=\"2025-02-25T08:00:40+00:00\" \/>\n<meta name=\"twitter:card\" content=\"summary_large_image\" \/>\n<meta name=\"twitter:label1\" content=\"Dur\u00e9e de lecture estim\u00e9e\" \/>\n\t<meta name=\"twitter:data1\" content=\"1 minute\" \/>\n<script type=\"application\/ld+json\" class=\"yoast-schema-graph\">{\"@context\":\"https:\/\/schema.org\",\"@graph\":[{\"@type\":\"WebPage\",\"@id\":\"https:\/\/identity-communication.fr\/index.php\/contact\/\",\"url\":\"https:\/\/identity-communication.fr\/index.php\/contact\/\",\"name\":\"Contact - Identity Communication\",\"isPartOf\":{\"@id\":\"https:\/\/identity-communication.fr\/#website\"},\"datePublished\":\"2020-01-25T08:08:11+00:00\",\"dateModified\":\"2025-02-25T08:00:40+00:00\",\"description\":\"Contactez Identity Communication, agence de communication 360\u00b0 en Rh\u00f4ne-Alpes, \u00e0 Saint-Blaise-du-Buis pour vos projets cr\u00e9atifs et digitaux.\",\"breadcrumb\":{\"@id\":\"https:\/\/identity-communication.fr\/index.php\/contact\/#breadcrumb\"},\"inLanguage\":\"fr-FR\",\"potentialAction\":[{\"@type\":\"ReadAction\",\"target\":[\"https:\/\/identity-communication.fr\/index.php\/contact\/\"]}]},{\"@type\":\"BreadcrumbList\",\"@id\":\"https:\/\/identity-communication.fr\/index.php\/contact\/#breadcrumb\",\"itemListElement\":[{\"@type\":\"ListItem\",\"position\":1,\"name\":\"Accueil\",\"item\":\"https:\/\/identity-communication.fr\/\"},{\"@type\":\"ListItem\",\"position\":2,\"name\":\"Contact\"}]},{\"@type\":\"WebSite\",\"@id\":\"https:\/\/identity-communication.fr\/#website\",\"url\":\"https:\/\/identity-communication.fr\/\",\"name\":\"Identity Communication\",\"description\":\"Votre agence multim\u00e9dia \u00e0 Voiron\",\"potentialAction\":[{\"@type\":\"SearchAction\",\"target\":{\"@type\":\"EntryPoint\",\"urlTemplate\":\"https:\/\/identity-communication.fr\/?s={search_term_string}\"},\"query-input\":{\"@type\":\"PropertyValueSpecification\",\"valueRequired\":true,\"valueName\":\"search_term_string\"}}],\"inLanguage\":\"fr-FR\"}]}<\/script>\n<!-- \/ Yoast SEO plugin. -->","yoast_head_json":{"title":"Contact - Identity Communication","description":"Contactez Identity Communication, agence de communication 360\u00b0 en Rh\u00f4ne-Alpes, \u00e0 Saint-Blaise-du-Buis pour vos projets cr\u00e9atifs et digitaux.","robots":{"index":"index","follow":"follow","max-snippet":"max-snippet:-1","max-image-preview":"max-image-preview:large","max-video-preview":"max-video-preview:-1"},"canonical":"https:\/\/identity-communication.fr\/index.php\/contact\/","og_locale":"fr_FR","og_type":"article","og_title":"Contact - Identity Communication","og_description":"Contactez Identity Communication, agence de communication 360\u00b0 en Rh\u00f4ne-Alpes, \u00e0 Saint-Blaise-du-Buis pour vos projets cr\u00e9atifs et digitaux.","og_url":"https:\/\/identity-communication.fr\/index.php\/contact\/","og_site_name":"Identity Communication","article_modified_time":"2025-02-25T08:00:40+00:00","twitter_card":"summary_large_image","twitter_misc":{"Dur\u00e9e de lecture estim\u00e9e":"1 minute"},"schema":{"@context":"https:\/\/schema.org","@graph":[{"@type":"WebPage","@id":"https:\/\/identity-communication.fr\/index.php\/contact\/","url":"https:\/\/identity-communication.fr\/index.php\/contact\/","name":"Contact - Identity Communication","isPartOf":{"@id":"https:\/\/identity-communication.fr\/#website"},"datePublished":"2020-01-25T08:08:11+00:00","dateModified":"2025-02-25T08:00:40+00:00","description":"Contactez Identity Communication, agence de communication 360\u00b0 en Rh\u00f4ne-Alpes, \u00e0 Saint-Blaise-du-Buis pour vos projets cr\u00e9atifs et digitaux.","breadcrumb":{"@id":"https:\/\/identity-communication.fr\/index.php\/contact\/#breadcrumb"},"inLanguage":"fr-FR","potentialAction":[{"@type":"ReadAction","target":["https:\/\/identity-communication.fr\/index.php\/contact\/"]}]},{"@type":"BreadcrumbList","@id":"https:\/\/identity-communication.fr\/index.php\/contact\/#breadcrumb","itemListElement":[{"@type":"ListItem","position":1,"name":"Accueil","item":"https:\/\/identity-communication.fr\/"},{"@type":"ListItem","position":2,"name":"Contact"}]},{"@type":"WebSite","@id":"https:\/\/identity-communication.fr\/#website","url":"https:\/\/identity-communication.fr\/","name":"Identity Communication","description":"Votre agence multim\u00e9dia \u00e0 Voiron","potentialAction":[{"@type":"SearchAction","target":{"@type":"EntryPoint","urlTemplate":"https:\/\/identity-communication.fr\/?s={search_term_string}"},"query-input":{"@type":"PropertyValueSpecification","valueRequired":true,"valueName":"search_term_string"}}],"inLanguage":"fr-FR"}]}},"_links":{"self":[{"href":"https:\/\/identity-communication.fr\/index.php\/wp-json\/wp\/v2\/pages\/206","targetHints":{"allow":["GET"]}}],"collection":[{"href":"https:\/\/identity-communication.fr\/index.php\/wp-json\/wp\/v2\/pages"}],"about":[{"href":"https:\/\/identity-communication.fr\/index.php\/wp-json\/wp\/v2\/types\/page"}],"author":[{"embeddable":true,"href":"https:\/\/identity-communication.fr\/index.php\/wp-json\/wp\/v2\/users\/1"}],"replies":[{"embeddable":true,"href":"https:\/\/identity-communication.fr\/index.php\/wp-json\/wp\/v2\/comments?post=206"}],"version-history":[{"count":50,"href":"https:\/\/identity-communication.fr\/index.php\/wp-json\/wp\/v2\/pages\/206\/revisions"}],"predecessor-version":[{"id":1623,"href":"https:\/\/identity-communication.fr\/index.php\/wp-json\/wp\/v2\/pages\/206\/revisions\/1623"}],"wp:attachment":[{"href":"https:\/\/identity-communication.fr\/index.php\/wp-json\/wp\/v2\/media?parent=206"}],"curies":[{"name":"wp","href":"https:\/\/api.w.org\/{rel}","templated":true}]}}