{"id":102,"date":"2020-05-19T10:20:23","date_gmt":"2020-05-19T08:20:23","guid":{"rendered":"http:\/\/identity-communication.fr\/?page_id=102"},"modified":"2025-02-25T17:03:20","modified_gmt":"2025-02-25T16:03:20","slug":"textile","status":"publish","type":"page","link":"https:\/\/identity-communication.fr\/index.php\/textile\/","title":{"rendered":"Textile"},"content":{"rendered":"\t\t<div data-elementor-type=\"wp-page\" data-elementor-id=\"102\" class=\"elementor elementor-102\">\n\t\t\t\t\t\t<section class=\"elementor-section elementor-top-section elementor-element elementor-element-1d3d242 elementor-section-boxed elementor-section-height-default elementor-section-height-default\" data-id=\"1d3d242\" data-element_type=\"section\" data-e-type=\"section\">\n\t\t\t\t\t\t<div class=\"elementor-container elementor-column-gap-default\">\n\t\t\t\t\t<div class=\"elementor-column elementor-col-50 elementor-top-column elementor-element elementor-element-0b4b4f9\" data-id=\"0b4b4f9\" data-element_type=\"column\" data-e-type=\"column\">\n\t\t\t<div class=\"elementor-widget-wrap elementor-element-populated\">\n\t\t\t\t\t\t<div class=\"elementor-element elementor-element-813a795 elementor-widget elementor-widget-text-editor\" data-id=\"813a795\" data-element_type=\"widget\" data-e-type=\"widget\" data-widget_type=\"text-editor.default\">\n\t\t\t\t<div class=\"elementor-widget-container\">\n\t\t\t\t\t\t\t\t\t<p><span style=\"color: #ffffff;\">Identity Communication vous propose aussi un large choix de personnalisation de textile, que ce soit en s\u00e9rigraphie ou en flocage sur :<\/span><\/p>\t\t\t\t\t\t\t\t<\/div>\n\t\t\t\t<\/div>\n\t\t\t\t<div class=\"elementor-element elementor-element-86fb37d elementor-widget elementor-widget-text-editor\" data-id=\"86fb37d\" data-element_type=\"widget\" data-e-type=\"widget\" data-widget_type=\"text-editor.default\">\n\t\t\t\t<div class=\"elementor-widget-container\">\n\t\t\t\t\t\t\t\t\t<p>&#8211; des T-Shirts\u00a0<\/p><p>&#8211; des polos\u00a0<\/p><p>&#8211; des sweatshirts<\/p><p>&#8211; des vestes\u00a0<\/p><p>&#8211; des shorts<\/p><p>&#8211; des v\u00eatements de sports\u00a0<\/p><p>&#8211; des casquettes\u00a0<\/p><p>&#8211; des sacs&#8230;<\/p>\t\t\t\t\t\t\t\t<\/div>\n\t\t\t\t<\/div>\n\t\t\t\t<div class=\"elementor-element elementor-element-64d946d elementor-widget elementor-widget-text-editor\" data-id=\"64d946d\" data-element_type=\"widget\" data-e-type=\"widget\" data-widget_type=\"text-editor.default\">\n\t\t\t\t<div class=\"elementor-widget-container\">\n\t\t\t\t\t\t\t\t\t<p><span style=\"color: #ffffff;\">Cette liste est non-exhaustive, toute demande plus personnalis\u00e9e (format, visuels etc&#8230;) est possible.<\/span><\/p>\t\t\t\t\t\t\t\t<\/div>\n\t\t\t\t<\/div>\n\t\t\t\t\t<\/div>\n\t\t<\/div>\n\t\t\t\t<div class=\"elementor-column elementor-col-50 elementor-top-column elementor-element elementor-element-0b116e3\" data-id=\"0b116e3\" data-element_type=\"column\" data-e-type=\"column\">\n\t\t\t<div class=\"elementor-widget-wrap elementor-element-populated\">\n\t\t\t\t\t\t<div class=\"elementor-element elementor-element-d25cb7a elementor-widget elementor-widget-image\" data-id=\"d25cb7a\" data-element_type=\"widget\" data-e-type=\"widget\" data-widget_type=\"image.default\">\n\t\t\t\t<div class=\"elementor-widget-container\">\n\t\t\t\t\t\t\t\t\t\t\t\t\t\t\t<img fetchpriority=\"high\" decoding=\"async\" width=\"1024\" height=\"731\" src=\"https:\/\/identity-communication.fr\/wp-content\/uploads\/2020\/06\/Tee-SHirtNBCouelur-1024x731.jpg\" class=\"attachment-large size-large wp-image-1072\" alt=\"\" srcset=\"https:\/\/identity-communication.fr\/wp-content\/uploads\/2020\/06\/Tee-SHirtNBCouelur-1024x731.jpg 1024w, https:\/\/identity-communication.fr\/wp-content\/uploads\/2020\/06\/Tee-SHirtNBCouelur-300x214.jpg 300w, https:\/\/identity-communication.fr\/wp-content\/uploads\/2020\/06\/Tee-SHirtNBCouelur-768x549.jpg 768w, https:\/\/identity-communication.fr\/wp-content\/uploads\/2020\/06\/Tee-SHirtNBCouelur-1536x1097.jpg 1536w, https:\/\/identity-communication.fr\/wp-content\/uploads\/2020\/06\/Tee-SHirtNBCouelur-2048x1463.jpg 2048w\" sizes=\"(max-width: 1024px) 100vw, 1024px\" \/>\t\t\t\t\t\t\t\t\t\t\t\t\t\t\t<\/div>\n\t\t\t\t<\/div>\n\t\t\t\t\t<\/div>\n\t\t<\/div>\n\t\t\t\t\t<\/div>\n\t\t<\/section>\n\t\t\t\t<section class=\"elementor-section elementor-top-section elementor-element elementor-element-3328335 elementor-section-boxed elementor-section-height-default elementor-section-height-default\" data-id=\"3328335\" data-element_type=\"section\" data-e-type=\"section\">\n\t\t\t\t\t\t<div class=\"elementor-container elementor-column-gap-default\">\n\t\t\t\t\t<div class=\"elementor-column elementor-col-100 elementor-top-column elementor-element elementor-element-12b249f\" data-id=\"12b249f\" data-element_type=\"column\" data-e-type=\"column\">\n\t\t\t<div class=\"elementor-widget-wrap elementor-element-populated\">\n\t\t\t\t\t\t<div class=\"elementor-element elementor-element-3c3feb7 elementor-widget elementor-widget-spacer\" data-id=\"3c3feb7\" data-element_type=\"widget\" data-e-type=\"widget\" data-widget_type=\"spacer.default\">\n\t\t\t\t<div class=\"elementor-widget-container\">\n\t\t\t\t\t\t\t<div class=\"elementor-spacer\">\n\t\t\t<div class=\"elementor-spacer-inner\"><\/div>\n\t\t<\/div>\n\t\t\t\t\t\t<\/div>\n\t\t\t\t<\/div>\n\t\t\t\t<div class=\"elementor-element elementor-element-3e9d9e3 elementor-widget elementor-widget-image\" data-id=\"3e9d9e3\" data-element_type=\"widget\" data-e-type=\"widget\" data-widget_type=\"image.default\">\n\t\t\t\t<div class=\"elementor-widget-container\">\n\t\t\t\t\t\t\t\t\t\t\t\t\t\t\t<img decoding=\"async\" width=\"1000\" height=\"200\" src=\"https:\/\/identity-communication.fr\/wp-content\/uploads\/2020\/08\/Textile.png\" class=\"attachment-large size-large wp-image-1194\" alt=\"\" srcset=\"https:\/\/identity-communication.fr\/wp-content\/uploads\/2020\/08\/Textile.png 1000w, https:\/\/identity-communication.fr\/wp-content\/uploads\/2020\/08\/Textile-300x60.png 300w, https:\/\/identity-communication.fr\/wp-content\/uploads\/2020\/08\/Textile-768x154.png 768w\" sizes=\"(max-width: 1000px) 100vw, 1000px\" \/>\t\t\t\t\t\t\t\t\t\t\t\t\t\t\t<\/div>\n\t\t\t\t<\/div>\n\t\t\t\t\t<\/div>\n\t\t<\/div>\n\t\t\t\t\t<\/div>\n\t\t<\/section>\n\t\t\t\t<\/div>\n\t\t","protected":false},"excerpt":{"rendered":"<p>Identity Communication vous propose aussi un large choix de personnalisation de textile, que ce soit en s\u00e9rigraphie ou en flocage sur : &#8211; des T-Shirts\u00a0 &#8211; des polos\u00a0 &#8211; des sweatshirts &#8211; des vestes\u00a0 &#8211; des shorts &#8211; des v\u00eatements de sports\u00a0 &#8211; des casquettes\u00a0 &#8211; des sacs&#8230; Cette liste est non-exhaustive, toute demande plus&#8230;<\/p>\n","protected":false},"author":1,"featured_media":0,"parent":0,"menu_order":0,"comment_status":"closed","ping_status":"closed","template":"","meta":{"footnotes":""},"class_list":["post-102","page","type-page","status-publish","hentry"],"yoast_head":"<!-- This site is optimized with the Yoast SEO plugin v24.5 - https:\/\/yoast.com\/wordpress\/plugins\/seo\/ -->\n<title>Textile - Identity Communication<\/title>\n<meta name=\"description\" content=\"Identity Communication propose des v\u00eatements personnalis\u00e9s en s\u00e9rigraphie ou flocage : T-shirts, polos, sweatshirts, casquettes...\" \/>\n<meta name=\"robots\" content=\"index, follow, max-snippet:-1, max-image-preview:large, max-video-preview:-1\" \/>\n<link rel=\"canonical\" href=\"https:\/\/identity-communication.fr\/index.php\/textile\/\" \/>\n<meta property=\"og:locale\" content=\"fr_FR\" \/>\n<meta property=\"og:type\" content=\"article\" \/>\n<meta property=\"og:title\" content=\"Textile - Identity Communication\" \/>\n<meta property=\"og:description\" content=\"Identity Communication propose des v\u00eatements personnalis\u00e9s en s\u00e9rigraphie ou flocage : T-shirts, polos, sweatshirts, casquettes...\" \/>\n<meta property=\"og:url\" content=\"https:\/\/identity-communication.fr\/index.php\/textile\/\" \/>\n<meta property=\"og:site_name\" content=\"Identity Communication\" \/>\n<meta property=\"article:modified_time\" content=\"2025-02-25T16:03:20+00:00\" \/>\n<meta property=\"og:image\" content=\"http:\/\/identity-communication.fr\/wp-content\/uploads\/2020\/06\/Tee-SHirtNBCouelur-1024x731.jpg\" \/>\n<meta name=\"twitter:card\" content=\"summary_large_image\" \/>\n<meta name=\"twitter:label1\" content=\"Dur\u00e9e de lecture estim\u00e9e\" \/>\n\t<meta name=\"twitter:data1\" content=\"1 minute\" \/>\n<script type=\"application\/ld+json\" class=\"yoast-schema-graph\">{\"@context\":\"https:\/\/schema.org\",\"@graph\":[{\"@type\":\"WebPage\",\"@id\":\"https:\/\/identity-communication.fr\/index.php\/textile\/\",\"url\":\"https:\/\/identity-communication.fr\/index.php\/textile\/\",\"name\":\"Textile - Identity Communication\",\"isPartOf\":{\"@id\":\"https:\/\/identity-communication.fr\/#website\"},\"primaryImageOfPage\":{\"@id\":\"https:\/\/identity-communication.fr\/index.php\/textile\/#primaryimage\"},\"image\":{\"@id\":\"https:\/\/identity-communication.fr\/index.php\/textile\/#primaryimage\"},\"thumbnailUrl\":\"http:\/\/identity-communication.fr\/wp-content\/uploads\/2020\/06\/Tee-SHirtNBCouelur-1024x731.jpg\",\"datePublished\":\"2020-05-19T08:20:23+00:00\",\"dateModified\":\"2025-02-25T16:03:20+00:00\",\"description\":\"Identity Communication propose des v\u00eatements personnalis\u00e9s en s\u00e9rigraphie ou flocage : T-shirts, polos, sweatshirts, casquettes...\",\"breadcrumb\":{\"@id\":\"https:\/\/identity-communication.fr\/index.php\/textile\/#breadcrumb\"},\"inLanguage\":\"fr-FR\",\"potentialAction\":[{\"@type\":\"ReadAction\",\"target\":[\"https:\/\/identity-communication.fr\/index.php\/textile\/\"]}]},{\"@type\":\"ImageObject\",\"inLanguage\":\"fr-FR\",\"@id\":\"https:\/\/identity-communication.fr\/index.php\/textile\/#primaryimage\",\"url\":\"http:\/\/identity-communication.fr\/wp-content\/uploads\/2020\/06\/Tee-SHirtNBCouelur-1024x731.jpg\",\"contentUrl\":\"http:\/\/identity-communication.fr\/wp-content\/uploads\/2020\/06\/Tee-SHirtNBCouelur-1024x731.jpg\"},{\"@type\":\"BreadcrumbList\",\"@id\":\"https:\/\/identity-communication.fr\/index.php\/textile\/#breadcrumb\",\"itemListElement\":[{\"@type\":\"ListItem\",\"position\":1,\"name\":\"Accueil\",\"item\":\"https:\/\/identity-communication.fr\/\"},{\"@type\":\"ListItem\",\"position\":2,\"name\":\"Textile\"}]},{\"@type\":\"WebSite\",\"@id\":\"https:\/\/identity-communication.fr\/#website\",\"url\":\"https:\/\/identity-communication.fr\/\",\"name\":\"Identity Communication\",\"description\":\"Votre agence multim\u00e9dia \u00e0 Voiron\",\"potentialAction\":[{\"@type\":\"SearchAction\",\"target\":{\"@type\":\"EntryPoint\",\"urlTemplate\":\"https:\/\/identity-communication.fr\/?s={search_term_string}\"},\"query-input\":{\"@type\":\"PropertyValueSpecification\",\"valueRequired\":true,\"valueName\":\"search_term_string\"}}],\"inLanguage\":\"fr-FR\"}]}<\/script>\n<!-- \/ Yoast SEO plugin. -->","yoast_head_json":{"title":"Textile - Identity Communication","description":"Identity Communication propose des v\u00eatements personnalis\u00e9s en s\u00e9rigraphie ou flocage : T-shirts, polos, sweatshirts, casquettes...","robots":{"index":"index","follow":"follow","max-snippet":"max-snippet:-1","max-image-preview":"max-image-preview:large","max-video-preview":"max-video-preview:-1"},"canonical":"https:\/\/identity-communication.fr\/index.php\/textile\/","og_locale":"fr_FR","og_type":"article","og_title":"Textile - Identity Communication","og_description":"Identity Communication propose des v\u00eatements personnalis\u00e9s en s\u00e9rigraphie ou flocage : T-shirts, polos, sweatshirts, casquettes...","og_url":"https:\/\/identity-communication.fr\/index.php\/textile\/","og_site_name":"Identity Communication","article_modified_time":"2025-02-25T16:03:20+00:00","og_image":[{"url":"http:\/\/identity-communication.fr\/wp-content\/uploads\/2020\/06\/Tee-SHirtNBCouelur-1024x731.jpg","type":"","width":"","height":""}],"twitter_card":"summary_large_image","twitter_misc":{"Dur\u00e9e de lecture estim\u00e9e":"1 minute"},"schema":{"@context":"https:\/\/schema.org","@graph":[{"@type":"WebPage","@id":"https:\/\/identity-communication.fr\/index.php\/textile\/","url":"https:\/\/identity-communication.fr\/index.php\/textile\/","name":"Textile - Identity Communication","isPartOf":{"@id":"https:\/\/identity-communication.fr\/#website"},"primaryImageOfPage":{"@id":"https:\/\/identity-communication.fr\/index.php\/textile\/#primaryimage"},"image":{"@id":"https:\/\/identity-communication.fr\/index.php\/textile\/#primaryimage"},"thumbnailUrl":"http:\/\/identity-communication.fr\/wp-content\/uploads\/2020\/06\/Tee-SHirtNBCouelur-1024x731.jpg","datePublished":"2020-05-19T08:20:23+00:00","dateModified":"2025-02-25T16:03:20+00:00","description":"Identity Communication propose des v\u00eatements personnalis\u00e9s en s\u00e9rigraphie ou flocage : T-shirts, polos, sweatshirts, casquettes...","breadcrumb":{"@id":"https:\/\/identity-communication.fr\/index.php\/textile\/#breadcrumb"},"inLanguage":"fr-FR","potentialAction":[{"@type":"ReadAction","target":["https:\/\/identity-communication.fr\/index.php\/textile\/"]}]},{"@type":"ImageObject","inLanguage":"fr-FR","@id":"https:\/\/identity-communication.fr\/index.php\/textile\/#primaryimage","url":"http:\/\/identity-communication.fr\/wp-content\/uploads\/2020\/06\/Tee-SHirtNBCouelur-1024x731.jpg","contentUrl":"http:\/\/identity-communication.fr\/wp-content\/uploads\/2020\/06\/Tee-SHirtNBCouelur-1024x731.jpg"},{"@type":"BreadcrumbList","@id":"https:\/\/identity-communication.fr\/index.php\/textile\/#breadcrumb","itemListElement":[{"@type":"ListItem","position":1,"name":"Accueil","item":"https:\/\/identity-communication.fr\/"},{"@type":"ListItem","position":2,"name":"Textile"}]},{"@type":"WebSite","@id":"https:\/\/identity-communication.fr\/#website","url":"https:\/\/identity-communication.fr\/","name":"Identity Communication","description":"Votre agence multim\u00e9dia \u00e0 Voiron","potentialAction":[{"@type":"SearchAction","target":{"@type":"EntryPoint","urlTemplate":"https:\/\/identity-communication.fr\/?s={search_term_string}"},"query-input":{"@type":"PropertyValueSpecification","valueRequired":true,"valueName":"search_term_string"}}],"inLanguage":"fr-FR"}]}},"_links":{"self":[{"href":"https:\/\/identity-communication.fr\/index.php\/wp-json\/wp\/v2\/pages\/102","targetHints":{"allow":["GET"]}}],"collection":[{"href":"https:\/\/identity-communication.fr\/index.php\/wp-json\/wp\/v2\/pages"}],"about":[{"href":"https:\/\/identity-communication.fr\/index.php\/wp-json\/wp\/v2\/types\/page"}],"author":[{"embeddable":true,"href":"https:\/\/identity-communication.fr\/index.php\/wp-json\/wp\/v2\/users\/1"}],"replies":[{"embeddable":true,"href":"https:\/\/identity-communication.fr\/index.php\/wp-json\/wp\/v2\/comments?post=102"}],"version-history":[{"count":15,"href":"https:\/\/identity-communication.fr\/index.php\/wp-json\/wp\/v2\/pages\/102\/revisions"}],"predecessor-version":[{"id":1659,"href":"https:\/\/identity-communication.fr\/index.php\/wp-json\/wp\/v2\/pages\/102\/revisions\/1659"}],"wp:attachment":[{"href":"https:\/\/identity-communication.fr\/index.php\/wp-json\/wp\/v2\/media?parent=102"}],"curies":[{"name":"wp","href":"https:\/\/api.w.org\/{rel}","templated":true}]}}