{"id":100,"date":"2020-05-19T10:19:47","date_gmt":"2020-05-19T08:19:47","guid":{"rendered":"http:\/\/identity-communication.fr\/?page_id=100"},"modified":"2025-02-25T16:56:52","modified_gmt":"2025-02-25T15:56:52","slug":"signaletique-enseigne","status":"publish","type":"page","link":"https:\/\/identity-communication.fr\/index.php\/signaletique-enseigne\/","title":{"rendered":"Signal\u00e9tique \/ Enseigne"},"content":{"rendered":"\t\t<div data-elementor-type=\"wp-page\" data-elementor-id=\"100\" class=\"elementor elementor-100\">\n\t\t\t\t\t\t<section class=\"elementor-section elementor-top-section elementor-element elementor-element-40d4f84 elementor-section-boxed elementor-section-height-default elementor-section-height-default\" data-id=\"40d4f84\" data-element_type=\"section\" data-e-type=\"section\">\n\t\t\t\t\t\t<div class=\"elementor-container elementor-column-gap-default\">\n\t\t\t\t\t<div class=\"elementor-column elementor-col-50 elementor-top-column elementor-element elementor-element-6f903b2\" data-id=\"6f903b2\" data-element_type=\"column\" data-e-type=\"column\">\n\t\t\t<div class=\"elementor-widget-wrap elementor-element-populated\">\n\t\t\t\t\t\t<div class=\"elementor-element elementor-element-0689963 elementor-widget elementor-widget-image\" data-id=\"0689963\" data-element_type=\"widget\" data-e-type=\"widget\" data-widget_type=\"image.default\">\n\t\t\t\t<div class=\"elementor-widget-container\">\n\t\t\t\t\t\t\t\t\t\t\t\t\t\t\t<img fetchpriority=\"high\" decoding=\"async\" width=\"1024\" height=\"768\" src=\"https:\/\/identity-communication.fr\/wp-content\/uploads\/2020\/06\/Signal\u00e9tique-1024x768.jpg\" class=\"attachment-large size-large wp-image-1065\" alt=\"\" srcset=\"https:\/\/identity-communication.fr\/wp-content\/uploads\/2020\/06\/Signal\u00e9tique-1024x768.jpg 1024w, https:\/\/identity-communication.fr\/wp-content\/uploads\/2020\/06\/Signal\u00e9tique-300x225.jpg 300w, https:\/\/identity-communication.fr\/wp-content\/uploads\/2020\/06\/Signal\u00e9tique-768x576.jpg 768w, https:\/\/identity-communication.fr\/wp-content\/uploads\/2020\/06\/Signal\u00e9tique-1536x1152.jpg 1536w, https:\/\/identity-communication.fr\/wp-content\/uploads\/2020\/06\/Signal\u00e9tique-2048x1536.jpg 2048w\" sizes=\"(max-width: 1024px) 100vw, 1024px\" \/>\t\t\t\t\t\t\t\t\t\t\t\t\t\t\t<\/div>\n\t\t\t\t<\/div>\n\t\t\t\t\t<\/div>\n\t\t<\/div>\n\t\t\t\t<div class=\"elementor-column elementor-col-50 elementor-top-column elementor-element elementor-element-73d5b8b\" data-id=\"73d5b8b\" data-element_type=\"column\" data-e-type=\"column\">\n\t\t\t<div class=\"elementor-widget-wrap elementor-element-populated\">\n\t\t\t\t\t\t<div class=\"elementor-element elementor-element-9f4bd9d elementor-widget elementor-widget-text-editor\" data-id=\"9f4bd9d\" data-element_type=\"widget\" data-e-type=\"widget\" data-widget_type=\"text-editor.default\">\n\t\t\t\t<div class=\"elementor-widget-container\">\n\t\t\t\t\t\t\t\t\t<p>Identity Communication vous accompagne aussi dans la cr\u00e9ation de votre signal\u00e9tique \u00e0 travers une grande vari\u00e9t\u00e9 de produits tels que :<\/p>\t\t\t\t\t\t\t\t<\/div>\n\t\t\t\t<\/div>\n\t\t\t\t<div class=\"elementor-element elementor-element-ddc3d1d elementor-widget elementor-widget-text-editor\" data-id=\"ddc3d1d\" data-element_type=\"widget\" data-e-type=\"widget\" data-widget_type=\"text-editor.default\">\n\t\t\t\t<div class=\"elementor-widget-container\">\n\t\t\t\t\t\t\t\t\t<p>&#8211; les enseignes commerciales \/ devantures (dibond ou lettrage)<\/p><p>&#8211; les habillages de vitrine\u00a0<\/p><p>&#8211; le covering de v\u00e9hicule<\/p><p>&#8211; les b\u00e2ches \/ drapeaux\u00a0<\/p><p>&#8211; les panneaux grand format (4x3m)<\/p><p>&#8211; La signal\u00e9tique \u00e9ph\u00e9m\u00e8re (akylux)<\/p><p>&#8211; les kak\u00e9monos \/ X-banners<\/p>\t\t\t\t\t\t\t\t<\/div>\n\t\t\t\t<\/div>\n\t\t\t\t<div class=\"elementor-element elementor-element-5646c58 elementor-widget elementor-widget-text-editor\" data-id=\"5646c58\" data-element_type=\"widget\" data-e-type=\"widget\" data-widget_type=\"text-editor.default\">\n\t\t\t\t<div class=\"elementor-widget-container\">\n\t\t\t\t\t\t\t\t\t<p><span style=\"color: #ffffff;\">Cette liste est non-exhaustive, toutes demandes plus personnalis\u00e9es (format, visuels etc&#8230;) est possible.<\/span><\/p>\t\t\t\t\t\t\t\t<\/div>\n\t\t\t\t<\/div>\n\t\t\t\t\t<\/div>\n\t\t<\/div>\n\t\t\t\t\t<\/div>\n\t\t<\/section>\n\t\t\t\t<section class=\"elementor-section elementor-top-section elementor-element elementor-element-31ddf43 elementor-section-boxed elementor-section-height-default elementor-section-height-default\" data-id=\"31ddf43\" data-element_type=\"section\" data-e-type=\"section\">\n\t\t\t\t\t\t<div class=\"elementor-container elementor-column-gap-default\">\n\t\t\t\t\t<div class=\"elementor-column elementor-col-100 elementor-top-column elementor-element elementor-element-ff8a90f\" data-id=\"ff8a90f\" data-element_type=\"column\" data-e-type=\"column\">\n\t\t\t<div class=\"elementor-widget-wrap elementor-element-populated\">\n\t\t\t\t\t\t<div class=\"elementor-element elementor-element-d072336 elementor-widget elementor-widget-spacer\" data-id=\"d072336\" data-element_type=\"widget\" data-e-type=\"widget\" data-widget_type=\"spacer.default\">\n\t\t\t\t<div class=\"elementor-widget-container\">\n\t\t\t\t\t\t\t<div class=\"elementor-spacer\">\n\t\t\t<div class=\"elementor-spacer-inner\"><\/div>\n\t\t<\/div>\n\t\t\t\t\t\t<\/div>\n\t\t\t\t<\/div>\n\t\t\t\t<div class=\"elementor-element elementor-element-5258313 elementor-widget elementor-widget-image\" data-id=\"5258313\" data-element_type=\"widget\" data-e-type=\"widget\" data-widget_type=\"image.default\">\n\t\t\t\t<div class=\"elementor-widget-container\">\n\t\t\t\t\t\t\t\t\t\t\t\t\t\t\t<img decoding=\"async\" width=\"1000\" height=\"200\" src=\"https:\/\/identity-communication.fr\/wp-content\/uploads\/2020\/08\/Signaletique.png\" class=\"attachment-large size-large wp-image-1190\" alt=\"\" srcset=\"https:\/\/identity-communication.fr\/wp-content\/uploads\/2020\/08\/Signaletique.png 1000w, https:\/\/identity-communication.fr\/wp-content\/uploads\/2020\/08\/Signaletique-300x60.png 300w, https:\/\/identity-communication.fr\/wp-content\/uploads\/2020\/08\/Signaletique-768x154.png 768w\" sizes=\"(max-width: 1000px) 100vw, 1000px\" \/>\t\t\t\t\t\t\t\t\t\t\t\t\t\t\t<\/div>\n\t\t\t\t<\/div>\n\t\t\t\t\t<\/div>\n\t\t<\/div>\n\t\t\t\t\t<\/div>\n\t\t<\/section>\n\t\t\t\t<\/div>\n\t\t","protected":false},"excerpt":{"rendered":"<p>Identity Communication vous accompagne aussi dans la cr\u00e9ation de votre signal\u00e9tique \u00e0 travers une grande vari\u00e9t\u00e9 de produits tels que : &#8211; les enseignes commerciales \/ devantures (dibond ou lettrage) &#8211; les habillages de vitrine\u00a0 &#8211; le covering de v\u00e9hicule &#8211; les b\u00e2ches \/ drapeaux\u00a0 &#8211; les panneaux grand format (4x3m) &#8211; La signal\u00e9tique \u00e9ph\u00e9m\u00e8re&#8230;<\/p>\n","protected":false},"author":1,"featured_media":0,"parent":0,"menu_order":0,"comment_status":"closed","ping_status":"closed","template":"","meta":{"footnotes":""},"class_list":["post-100","page","type-page","status-publish","hentry"],"yoast_head":"<!-- This site is optimized with the Yoast SEO plugin v24.5 - https:\/\/yoast.com\/wordpress\/plugins\/seo\/ -->\n<title>Signal\u00e9tique \/ Enseigne - Identity Communication<\/title>\n<meta name=\"description\" content=\"Identity Communication con\u00e7oit votre signal\u00e9tique sur mesure : enseignes, vitrines, covering v\u00e9hicule, b\u00e2ches, panneaux tout format...\" \/>\n<meta name=\"robots\" content=\"index, follow, max-snippet:-1, max-image-preview:large, max-video-preview:-1\" \/>\n<link rel=\"canonical\" href=\"https:\/\/identity-communication.fr\/index.php\/signaletique-enseigne\/\" \/>\n<meta property=\"og:locale\" content=\"fr_FR\" \/>\n<meta property=\"og:type\" content=\"article\" \/>\n<meta property=\"og:title\" content=\"Signal\u00e9tique \/ Enseigne - Identity Communication\" \/>\n<meta property=\"og:description\" content=\"Identity Communication con\u00e7oit votre signal\u00e9tique sur mesure : enseignes, vitrines, covering v\u00e9hicule, b\u00e2ches, panneaux tout format...\" \/>\n<meta property=\"og:url\" content=\"https:\/\/identity-communication.fr\/index.php\/signaletique-enseigne\/\" \/>\n<meta property=\"og:site_name\" content=\"Identity Communication\" \/>\n<meta property=\"article:modified_time\" content=\"2025-02-25T15:56:52+00:00\" \/>\n<meta property=\"og:image\" content=\"http:\/\/identity-communication.fr\/wp-content\/uploads\/2020\/08\/Signaletique.png\" \/>\n<meta name=\"twitter:card\" content=\"summary_large_image\" \/>\n<meta name=\"twitter:label1\" content=\"Dur\u00e9e de lecture estim\u00e9e\" \/>\n\t<meta name=\"twitter:data1\" content=\"1 minute\" \/>\n<script type=\"application\/ld+json\" class=\"yoast-schema-graph\">{\"@context\":\"https:\/\/schema.org\",\"@graph\":[{\"@type\":\"WebPage\",\"@id\":\"https:\/\/identity-communication.fr\/index.php\/signaletique-enseigne\/\",\"url\":\"https:\/\/identity-communication.fr\/index.php\/signaletique-enseigne\/\",\"name\":\"Signal\u00e9tique \/ Enseigne - Identity Communication\",\"isPartOf\":{\"@id\":\"https:\/\/identity-communication.fr\/#website\"},\"primaryImageOfPage\":{\"@id\":\"https:\/\/identity-communication.fr\/index.php\/signaletique-enseigne\/#primaryimage\"},\"image\":{\"@id\":\"https:\/\/identity-communication.fr\/index.php\/signaletique-enseigne\/#primaryimage\"},\"thumbnailUrl\":\"http:\/\/identity-communication.fr\/wp-content\/uploads\/2020\/08\/Signaletique.png\",\"datePublished\":\"2020-05-19T08:19:47+00:00\",\"dateModified\":\"2025-02-25T15:56:52+00:00\",\"description\":\"Identity Communication con\u00e7oit votre signal\u00e9tique sur mesure : enseignes, vitrines, covering v\u00e9hicule, b\u00e2ches, panneaux tout format...\",\"breadcrumb\":{\"@id\":\"https:\/\/identity-communication.fr\/index.php\/signaletique-enseigne\/#breadcrumb\"},\"inLanguage\":\"fr-FR\",\"potentialAction\":[{\"@type\":\"ReadAction\",\"target\":[\"https:\/\/identity-communication.fr\/index.php\/signaletique-enseigne\/\"]}]},{\"@type\":\"ImageObject\",\"inLanguage\":\"fr-FR\",\"@id\":\"https:\/\/identity-communication.fr\/index.php\/signaletique-enseigne\/#primaryimage\",\"url\":\"http:\/\/identity-communication.fr\/wp-content\/uploads\/2020\/08\/Signaletique.png\",\"contentUrl\":\"http:\/\/identity-communication.fr\/wp-content\/uploads\/2020\/08\/Signaletique.png\"},{\"@type\":\"BreadcrumbList\",\"@id\":\"https:\/\/identity-communication.fr\/index.php\/signaletique-enseigne\/#breadcrumb\",\"itemListElement\":[{\"@type\":\"ListItem\",\"position\":1,\"name\":\"Accueil\",\"item\":\"https:\/\/identity-communication.fr\/\"},{\"@type\":\"ListItem\",\"position\":2,\"name\":\"Signal\u00e9tique \/ Enseigne\"}]},{\"@type\":\"WebSite\",\"@id\":\"https:\/\/identity-communication.fr\/#website\",\"url\":\"https:\/\/identity-communication.fr\/\",\"name\":\"Identity Communication\",\"description\":\"Votre agence multim\u00e9dia \u00e0 Voiron\",\"potentialAction\":[{\"@type\":\"SearchAction\",\"target\":{\"@type\":\"EntryPoint\",\"urlTemplate\":\"https:\/\/identity-communication.fr\/?s={search_term_string}\"},\"query-input\":{\"@type\":\"PropertyValueSpecification\",\"valueRequired\":true,\"valueName\":\"search_term_string\"}}],\"inLanguage\":\"fr-FR\"}]}<\/script>\n<!-- \/ Yoast SEO plugin. -->","yoast_head_json":{"title":"Signal\u00e9tique \/ Enseigne - Identity Communication","description":"Identity Communication con\u00e7oit votre signal\u00e9tique sur mesure : enseignes, vitrines, covering v\u00e9hicule, b\u00e2ches, panneaux tout format...","robots":{"index":"index","follow":"follow","max-snippet":"max-snippet:-1","max-image-preview":"max-image-preview:large","max-video-preview":"max-video-preview:-1"},"canonical":"https:\/\/identity-communication.fr\/index.php\/signaletique-enseigne\/","og_locale":"fr_FR","og_type":"article","og_title":"Signal\u00e9tique \/ Enseigne - Identity Communication","og_description":"Identity Communication con\u00e7oit votre signal\u00e9tique sur mesure : enseignes, vitrines, covering v\u00e9hicule, b\u00e2ches, panneaux tout format...","og_url":"https:\/\/identity-communication.fr\/index.php\/signaletique-enseigne\/","og_site_name":"Identity Communication","article_modified_time":"2025-02-25T15:56:52+00:00","og_image":[{"url":"http:\/\/identity-communication.fr\/wp-content\/uploads\/2020\/08\/Signaletique.png","type":"","width":"","height":""}],"twitter_card":"summary_large_image","twitter_misc":{"Dur\u00e9e de lecture estim\u00e9e":"1 minute"},"schema":{"@context":"https:\/\/schema.org","@graph":[{"@type":"WebPage","@id":"https:\/\/identity-communication.fr\/index.php\/signaletique-enseigne\/","url":"https:\/\/identity-communication.fr\/index.php\/signaletique-enseigne\/","name":"Signal\u00e9tique \/ Enseigne - Identity Communication","isPartOf":{"@id":"https:\/\/identity-communication.fr\/#website"},"primaryImageOfPage":{"@id":"https:\/\/identity-communication.fr\/index.php\/signaletique-enseigne\/#primaryimage"},"image":{"@id":"https:\/\/identity-communication.fr\/index.php\/signaletique-enseigne\/#primaryimage"},"thumbnailUrl":"http:\/\/identity-communication.fr\/wp-content\/uploads\/2020\/08\/Signaletique.png","datePublished":"2020-05-19T08:19:47+00:00","dateModified":"2025-02-25T15:56:52+00:00","description":"Identity Communication con\u00e7oit votre signal\u00e9tique sur mesure : enseignes, vitrines, covering v\u00e9hicule, b\u00e2ches, panneaux tout format...","breadcrumb":{"@id":"https:\/\/identity-communication.fr\/index.php\/signaletique-enseigne\/#breadcrumb"},"inLanguage":"fr-FR","potentialAction":[{"@type":"ReadAction","target":["https:\/\/identity-communication.fr\/index.php\/signaletique-enseigne\/"]}]},{"@type":"ImageObject","inLanguage":"fr-FR","@id":"https:\/\/identity-communication.fr\/index.php\/signaletique-enseigne\/#primaryimage","url":"http:\/\/identity-communication.fr\/wp-content\/uploads\/2020\/08\/Signaletique.png","contentUrl":"http:\/\/identity-communication.fr\/wp-content\/uploads\/2020\/08\/Signaletique.png"},{"@type":"BreadcrumbList","@id":"https:\/\/identity-communication.fr\/index.php\/signaletique-enseigne\/#breadcrumb","itemListElement":[{"@type":"ListItem","position":1,"name":"Accueil","item":"https:\/\/identity-communication.fr\/"},{"@type":"ListItem","position":2,"name":"Signal\u00e9tique \/ Enseigne"}]},{"@type":"WebSite","@id":"https:\/\/identity-communication.fr\/#website","url":"https:\/\/identity-communication.fr\/","name":"Identity Communication","description":"Votre agence multim\u00e9dia \u00e0 Voiron","potentialAction":[{"@type":"SearchAction","target":{"@type":"EntryPoint","urlTemplate":"https:\/\/identity-communication.fr\/?s={search_term_string}"},"query-input":{"@type":"PropertyValueSpecification","valueRequired":true,"valueName":"search_term_string"}}],"inLanguage":"fr-FR"}]}},"_links":{"self":[{"href":"https:\/\/identity-communication.fr\/index.php\/wp-json\/wp\/v2\/pages\/100","targetHints":{"allow":["GET"]}}],"collection":[{"href":"https:\/\/identity-communication.fr\/index.php\/wp-json\/wp\/v2\/pages"}],"about":[{"href":"https:\/\/identity-communication.fr\/index.php\/wp-json\/wp\/v2\/types\/page"}],"author":[{"embeddable":true,"href":"https:\/\/identity-communication.fr\/index.php\/wp-json\/wp\/v2\/users\/1"}],"replies":[{"embeddable":true,"href":"https:\/\/identity-communication.fr\/index.php\/wp-json\/wp\/v2\/comments?post=100"}],"version-history":[{"count":18,"href":"https:\/\/identity-communication.fr\/index.php\/wp-json\/wp\/v2\/pages\/100\/revisions"}],"predecessor-version":[{"id":1646,"href":"https:\/\/identity-communication.fr\/index.php\/wp-json\/wp\/v2\/pages\/100\/revisions\/1646"}],"wp:attachment":[{"href":"https:\/\/identity-communication.fr\/index.php\/wp-json\/wp\/v2\/media?parent=100"}],"curies":[{"name":"wp","href":"https:\/\/api.w.org\/{rel}","templated":true}]}}